{"id":3564,"date":"2026-05-13T08:30:11","date_gmt":"2026-05-13T08:30:11","guid":{"rendered":"https:\/\/ilkashop.lt\/?post_type=product&#038;p=3564"},"modified":"2026-05-13T08:30:11","modified_gmt":"2026-05-13T08:30:11","slug":"s-heart-s-dar-zinomi-kaip-scalp-brush","status":"publish","type":"product","link":"https:\/\/ilkashop.lt\/lt_lt\/product\/s-heart-s-dar-zinomi-kaip-scalp-brush\/","title":{"rendered":"\u201eS-Heart-S\u201c (dar \u017einomi kaip \u201eScalp Brush\u201c)"},"content":{"rendered":"<p>Kaip naudoti?<br \/>\nGalvos trinkimas: U\u017etep\u0119 \u0161amp\u016bn\u0105 ar kauk\u0119, \u0161velniais sukamaisiais judesiais masa\u017euokite od\u0105 nuo plauk\u0173 augimo linijos iki vir\u0161ugalvio.<br \/>\nSausas naudojimas: \u0160ukuokite sausus plaukus ryte ar vakare, taip pat galite atlikti atpalaiduojant\u012f galvos odos masa\u017e\u0105.<br \/>\nKaip naudoti veido masa\u017eui: Masa\u017einis volelis: Naudokite volel\u012f (esant\u012f ant \u0161uk\u0173 rankenos galo arba nugar\u0117l\u0117s) \u0161velniai ridendami per veid\u0105, kakl\u0105 ir dekolt\u0117 zon\u0105. Kauk\u0117s efektas: Rekomenduojama voleliu masa\u017euoti veid\u0105 u\u017esid\u0117jus med\u017eiagin\u0119 kauk\u0119 \u2013 tai pagerina aktyvi\u0173j\u0173 med\u017eiag\u0173 \u012fsisavinim\u0105 ir limfos nutek\u0117jim\u0105. Akupres\u016bra: Volelio briaunomis galima \u0161velniai spausti akupres\u016brinius ta\u0161kus veide, taip ma\u017einant \u012ftamp\u0105 ir skatinant kraujotak\u0105. Limfodrena\u017eas: Masa\u017euokite nuo veido vidurio link aus\u0173 ir \u017eemyn kaklu, kad suma\u017eintum\u0117te paburkim\u0105. Pagrindiniai privalumai: Anti-age\u00a0 poveikis: Masa\u017eas stimuliuoja kraujotak\u0105, tod\u0117l oda atrodo stangresn\u0117, ma\u017e\u0117ja smulki\u0173 rauk\u0161li\u0173 matomumas. Liftingas: Reguliarus naudojimas palei veido kont\u016br\u0105 padeda i\u0161laikyti odos elastingum\u0105.<\/p>\n<p>U\u017esakymas u\u017etrunka apie 2-3 savaites<\/p>\n","protected":false},"excerpt":{"rendered":"<p>\u201eS-Heart-S\u201c (dar \u017einomi kaip \u201eScalp Brush\u201c) yra japon\u0173 gamybos plauk\u0173 \u0161epe\u010diai-masa\u017euokliai, gars\u0117jantys unikalia technologija. Jie sukurti galvos odos kraujotakai skatinti, plaukams stiprinti ir valyti. Pagrindiniai \u201eS-Heart-S\u201c \u0161epe\u010di\u0173 prana\u0161umai:Unikal\u016bs \u0161ereliai: \u0160epe\u010diai turi nuo 376 iki 572 skirtingo ilgio ir lankstumo \u0161ereli\u0173 su apvaliais galiukais. Tai u\u017etikrina tolyg\u0173 spaudim\u0105 ir efektyv\u0173 ta\u0161kin\u012f masa\u017e\u0105.Gilesnis plovimas: Naudojant \u0161amp\u016bn\u0105, \u0161epetys padeda geriau i\u0161valyti galvos od\u0105, pa\u0161alinti negyvas l\u0105steles ir paskirstyti prie\u017ei\u016bros priemones. Kauk\u0117s efektyvumas: \u0160velniai \u012fmasa\u017euojant kauk\u0119, gerinamas jos \u012fsiskverbimas \u012f plauk\u0173 \u0161aknis.Ma\u017eina plauk\u0173 slinkim\u0105: D\u0117l \u0161velnaus i\u0161\u0161ukavimo ir masa\u017eo stimuliuojami plauk\u0173 folikulai, plaukai ma\u017eiau l\u016b\u017ein\u0117ja ir yra apsaugomi nuo pa\u017eeidim\u0173.<\/p>\n","protected":false},"featured_media":3565,"comment_status":"open","ping_status":"closed","template":"","meta":{"_uag_custom_page_level_css":"","site-sidebar-layout":"default","site-content-layout":"","ast-site-content-layout":"default","site-content-style":"default","site-sidebar-style":"default","ast-global-header-display":"","ast-banner-title-visibility":"","ast-main-header-display":"","ast-hfb-above-header-display":"","ast-hfb-below-header-display":"","ast-hfb-mobile-header-display":"","site-post-title":"","ast-breadcrumbs-content":"","ast-featured-img":"","footer-sml-layout":"","ast-disable-related-posts":"","theme-transparent-header-meta":"default","adv-header-id-meta":"","stick-header-meta":"","header-above-stick-meta":"","header-main-stick-meta":"","header-below-stick-meta":"","astra-migrate-meta-layouts":"set","ast-page-background-enabled":"default","ast-page-background-meta":{"desktop":{"background-color":"var(--ast-global-color-4)","background-image":"","background-repeat":"repeat","background-position":"center center","background-size":"auto","background-attachment":"scroll","background-type":"","background-media":"","overlay-type":"","overlay-color":"","overlay-opacity":"","overlay-gradient":""},"tablet":{"background-color":"","background-image":"","background-repeat":"repeat","background-position":"center center","background-size":"auto","background-attachment":"scroll","background-type":"","background-media":"","overlay-type":"","overlay-color":"","overlay-opacity":"","overlay-gradient":""},"mobile":{"background-color":"","background-image":"","background-repeat":"repeat","background-position":"center center","background-size":"auto","background-attachment":"scroll","background-type":"","background-media":"","overlay-type":"","overlay-color":"","overlay-opacity":"","overlay-gradient":""}},"ast-content-background-meta":{"desktop":{"background-color":"var(--ast-global-color-5)","background-image":"","background-repeat":"repeat","background-position":"center center","background-size":"auto","background-attachment":"scroll","background-type":"","background-media":"","overlay-type":"","overlay-color":"","overlay-opacity":"","overlay-gradient":""},"tablet":{"background-color":"var(--ast-global-color-5)","background-image":"","background-repeat":"repeat","background-position":"center center","background-size":"auto","background-attachment":"scroll","background-type":"","background-media":"","overlay-type":"","overlay-color":"","overlay-opacity":"","overlay-gradient":""},"mobile":{"background-color":"var(--ast-global-color-5)","background-image":"","background-repeat":"repeat","background-position":"center center","background-size":"auto","background-attachment":"scroll","background-type":"","background-media":"","overlay-type":"","overlay-color":"","overlay-opacity":"","overlay-gradient":""}}},"product_brand":[],"product_cat":[52,31],"product_tag":[],"class_list":{"0":"post-3564","1":"product","2":"type-product","3":"status-publish","4":"has-post-thumbnail","6":"product_cat-prietaisai","7":"product_cat-top-prekes","8":"desktop-align-center","9":"tablet-align-center","10":"mobile-align-center","12":"first","13":"instock","14":"sale","15":"shipping-taxable","16":"purchasable","17":"product-type-variable"},"acf":[],"yoast_head":"<!-- This site is optimized with the Yoast SEO plugin v27.6 - https:\/\/yoast.com\/product\/yoast-seo-wordpress\/ -->\n<title>\u201eS-Heart-S\u201c (dar \u017einomi kaip \u201eScalp Brush\u201c) - Ilkashop.lt, papuo\u0161al\u0173 ir drabu\u017ei\u0173 elektronin\u0117 parduotuv\u0117<\/title>\n<meta name=\"robots\" content=\"index, follow, max-snippet:-1, max-image-preview:large, max-video-preview:-1\" \/>\n<link rel=\"canonical\" href=\"https:\/\/ilkashop.lt\/lt_lt\/product\/s-heart-s-dar-zinomi-kaip-scalp-brush\/\" \/>\n<meta property=\"og:locale\" content=\"lt_LT\" \/>\n<meta property=\"og:type\" content=\"article\" \/>\n<meta property=\"og:title\" content=\"\u201eS-Heart-S\u201c (dar \u017einomi kaip \u201eScalp Brush\u201c) - Ilkashop.lt, papuo\u0161al\u0173 ir drabu\u017ei\u0173 elektronin\u0117 parduotuv\u0117\" \/>\n<meta property=\"og:description\" content=\"\u201eS-Heart-S\u201c (dar \u017einomi kaip \u201eScalp Brush\u201c) yra japon\u0173 gamybos plauk\u0173 \u0161epe\u010diai-masa\u017euokliai, gars\u0117jantys unikalia technologija. Jie sukurti galvos odos kraujotakai skatinti, plaukams stiprinti ir valyti. Pagrindiniai \u201eS-Heart-S\u201c \u0161epe\u010di\u0173 prana\u0161umai:Unikal\u016bs \u0161ereliai: \u0160epe\u010diai turi nuo 376 iki 572 skirtingo ilgio ir lankstumo \u0161ereli\u0173 su apvaliais galiukais. Tai u\u017etikrina tolyg\u0173 spaudim\u0105 ir efektyv\u0173 ta\u0161kin\u012f masa\u017e\u0105.Gilesnis plovimas: Naudojant \u0161amp\u016bn\u0105, \u0161epetys padeda geriau i\u0161valyti galvos od\u0105, pa\u0161alinti negyvas l\u0105steles ir paskirstyti prie\u017ei\u016bros priemones. Kauk\u0117s efektyvumas: \u0160velniai \u012fmasa\u017euojant kauk\u0119, gerinamas jos \u012fsiskverbimas \u012f plauk\u0173 \u0161aknis.Ma\u017eina plauk\u0173 slinkim\u0105: D\u0117l \u0161velnaus i\u0161\u0161ukavimo ir masa\u017eo stimuliuojami plauk\u0173 folikulai, plaukai ma\u017eiau l\u016b\u017ein\u0117ja ir yra apsaugomi nuo pa\u017eeidim\u0173.\" \/>\n<meta property=\"og:url\" content=\"https:\/\/ilkashop.lt\/lt_lt\/product\/s-heart-s-dar-zinomi-kaip-scalp-brush\/\" \/>\n<meta property=\"og:site_name\" content=\"Ilkashop.lt, papuo\u0161al\u0173 ir drabu\u017ei\u0173 elektronin\u0117 parduotuv\u0117\" \/>\n<meta property=\"og:image\" content=\"https:\/\/ilkashop.lt\/wp-content\/uploads\/2026\/05\/WhatsApp-Image-2026-05-12-at-19.0.jpeg\" \/>\n\t<meta property=\"og:image:width\" content=\"1156\" \/>\n\t<meta property=\"og:image:height\" content=\"1085\" \/>\n\t<meta property=\"og:image:type\" content=\"image\/jpeg\" \/>\n<meta name=\"twitter:card\" content=\"summary_large_image\" \/>\n<meta name=\"twitter:label1\" content=\"Est. reading time\" \/>\n\t<meta name=\"twitter:data1\" content=\"1 minut\u0117\" \/>\n<script type=\"application\/ld+json\" class=\"yoast-schema-graph\">{\"@context\":\"https:\\\/\\\/schema.org\",\"@graph\":[{\"@type\":\"WebPage\",\"@id\":\"https:\\\/\\\/ilkashop.lt\\\/product\\\/s-heart-s-dar-zinomi-kaip-scalp-brush\\\/\",\"url\":\"https:\\\/\\\/ilkashop.lt\\\/product\\\/s-heart-s-dar-zinomi-kaip-scalp-brush\\\/\",\"name\":\"\u201eS-Heart-S\u201c (dar \u017einomi kaip \u201eScalp Brush\u201c) - Ilkashop.lt, papuo\u0161al\u0173 ir drabu\u017ei\u0173 elektronin\u0117 parduotuv\u0117\",\"isPartOf\":{\"@id\":\"https:\\\/\\\/ilkashop.lt\\\/#website\"},\"primaryImageOfPage\":{\"@id\":\"https:\\\/\\\/ilkashop.lt\\\/product\\\/s-heart-s-dar-zinomi-kaip-scalp-brush\\\/#primaryimage\"},\"image\":{\"@id\":\"https:\\\/\\\/ilkashop.lt\\\/product\\\/s-heart-s-dar-zinomi-kaip-scalp-brush\\\/#primaryimage\"},\"thumbnailUrl\":\"https:\\\/\\\/ilkashop.lt\\\/wp-content\\\/uploads\\\/2026\\\/05\\\/WhatsApp-Image-2026-05-12-at-19.0.jpeg\",\"datePublished\":\"2026-05-13T08:30:11+00:00\",\"breadcrumb\":{\"@id\":\"https:\\\/\\\/ilkashop.lt\\\/product\\\/s-heart-s-dar-zinomi-kaip-scalp-brush\\\/#breadcrumb\"},\"inLanguage\":\"lt-LT\",\"potentialAction\":[{\"@type\":\"ReadAction\",\"target\":[\"https:\\\/\\\/ilkashop.lt\\\/product\\\/s-heart-s-dar-zinomi-kaip-scalp-brush\\\/\"]}]},{\"@type\":\"ImageObject\",\"inLanguage\":\"lt-LT\",\"@id\":\"https:\\\/\\\/ilkashop.lt\\\/product\\\/s-heart-s-dar-zinomi-kaip-scalp-brush\\\/#primaryimage\",\"url\":\"https:\\\/\\\/ilkashop.lt\\\/wp-content\\\/uploads\\\/2026\\\/05\\\/WhatsApp-Image-2026-05-12-at-19.0.jpeg\",\"contentUrl\":\"https:\\\/\\\/ilkashop.lt\\\/wp-content\\\/uploads\\\/2026\\\/05\\\/WhatsApp-Image-2026-05-12-at-19.0.jpeg\",\"width\":1156,\"height\":1085,\"caption\":\"plauku sepetys\"},{\"@type\":\"BreadcrumbList\",\"@id\":\"https:\\\/\\\/ilkashop.lt\\\/product\\\/s-heart-s-dar-zinomi-kaip-scalp-brush\\\/#breadcrumb\",\"itemListElement\":[{\"@type\":\"ListItem\",\"position\":1,\"name\":\"Home\",\"item\":\"https:\\\/\\\/ilkashop.lt\\\/\"},{\"@type\":\"ListItem\",\"position\":2,\"name\":\"Parduotuv\u0117\",\"item\":\"https:\\\/\\\/ilkashop.lt\\\/parduotuve\\\/\"},{\"@type\":\"ListItem\",\"position\":3,\"name\":\"\u201eS-Heart-S\u201c (dar \u017einomi kaip \u201eScalp Brush\u201c)\"}]},{\"@type\":\"WebSite\",\"@id\":\"https:\\\/\\\/ilkashop.lt\\\/#website\",\"url\":\"https:\\\/\\\/ilkashop.lt\\\/\",\"name\":\"Ilkashop.lt, papuo\u0161al\u0173 ir drabu\u017ei\u0173 elektronin\u0117 parduotuv\u0117\",\"description\":\"\",\"publisher\":{\"@id\":\"https:\\\/\\\/ilkashop.lt\\\/#organization\"},\"potentialAction\":[{\"@type\":\"SearchAction\",\"target\":{\"@type\":\"EntryPoint\",\"urlTemplate\":\"https:\\\/\\\/ilkashop.lt\\\/?s={search_term_string}\"},\"query-input\":{\"@type\":\"PropertyValueSpecification\",\"valueRequired\":true,\"valueName\":\"search_term_string\"}}],\"inLanguage\":\"lt-LT\"},{\"@type\":\"Organization\",\"@id\":\"https:\\\/\\\/ilkashop.lt\\\/#organization\",\"name\":\"Ilkashop.lt, papuo\u0161al\u0173 ir drabu\u017ei\u0173 elektronin\u0117 parduotuv\u0117\",\"url\":\"https:\\\/\\\/ilkashop.lt\\\/\",\"logo\":{\"@type\":\"ImageObject\",\"inLanguage\":\"lt-LT\",\"@id\":\"https:\\\/\\\/ilkashop.lt\\\/#\\\/schema\\\/logo\\\/image\\\/\",\"url\":\"https:\\\/\\\/ilkashop.lt\\\/wp-content\\\/uploads\\\/2025\\\/01\\\/cropped-ILKAADAMS-LOGO.png\",\"contentUrl\":\"https:\\\/\\\/ilkashop.lt\\\/wp-content\\\/uploads\\\/2025\\\/01\\\/cropped-ILKAADAMS-LOGO.png\",\"width\":244,\"height\":65,\"caption\":\"Ilkashop.lt, papuo\u0161al\u0173 ir drabu\u017ei\u0173 elektronin\u0117 parduotuv\u0117\"},\"image\":{\"@id\":\"https:\\\/\\\/ilkashop.lt\\\/#\\\/schema\\\/logo\\\/image\\\/\"}}]}<\/script>\n<!-- \/ Yoast SEO plugin. -->","yoast_head_json":{"title":"\u201eS-Heart-S\u201c (dar \u017einomi kaip \u201eScalp Brush\u201c) - Ilkashop.lt, papuo\u0161al\u0173 ir drabu\u017ei\u0173 elektronin\u0117 parduotuv\u0117","robots":{"index":"index","follow":"follow","max-snippet":"max-snippet:-1","max-image-preview":"max-image-preview:large","max-video-preview":"max-video-preview:-1"},"canonical":"https:\/\/ilkashop.lt\/lt_lt\/product\/s-heart-s-dar-zinomi-kaip-scalp-brush\/","og_locale":"lt_LT","og_type":"article","og_title":"\u201eS-Heart-S\u201c (dar \u017einomi kaip \u201eScalp Brush\u201c) - Ilkashop.lt, papuo\u0161al\u0173 ir drabu\u017ei\u0173 elektronin\u0117 parduotuv\u0117","og_description":"\u201eS-Heart-S\u201c (dar \u017einomi kaip \u201eScalp Brush\u201c) yra japon\u0173 gamybos plauk\u0173 \u0161epe\u010diai-masa\u017euokliai, gars\u0117jantys unikalia technologija. Jie sukurti galvos odos kraujotakai skatinti, plaukams stiprinti ir valyti. Pagrindiniai \u201eS-Heart-S\u201c \u0161epe\u010di\u0173 prana\u0161umai:Unikal\u016bs \u0161ereliai: \u0160epe\u010diai turi nuo 376 iki 572 skirtingo ilgio ir lankstumo \u0161ereli\u0173 su apvaliais galiukais. Tai u\u017etikrina tolyg\u0173 spaudim\u0105 ir efektyv\u0173 ta\u0161kin\u012f masa\u017e\u0105.Gilesnis plovimas: Naudojant \u0161amp\u016bn\u0105, \u0161epetys padeda geriau i\u0161valyti galvos od\u0105, pa\u0161alinti negyvas l\u0105steles ir paskirstyti prie\u017ei\u016bros priemones. Kauk\u0117s efektyvumas: \u0160velniai \u012fmasa\u017euojant kauk\u0119, gerinamas jos \u012fsiskverbimas \u012f plauk\u0173 \u0161aknis.Ma\u017eina plauk\u0173 slinkim\u0105: D\u0117l \u0161velnaus i\u0161\u0161ukavimo ir masa\u017eo stimuliuojami plauk\u0173 folikulai, plaukai ma\u017eiau l\u016b\u017ein\u0117ja ir yra apsaugomi nuo pa\u017eeidim\u0173.","og_url":"https:\/\/ilkashop.lt\/lt_lt\/product\/s-heart-s-dar-zinomi-kaip-scalp-brush\/","og_site_name":"Ilkashop.lt, papuo\u0161al\u0173 ir drabu\u017ei\u0173 elektronin\u0117 parduotuv\u0117","og_image":[{"width":1156,"height":1085,"url":"https:\/\/ilkashop.lt\/wp-content\/uploads\/2026\/05\/WhatsApp-Image-2026-05-12-at-19.0.jpeg","type":"image\/jpeg"}],"twitter_card":"summary_large_image","twitter_misc":{"Est. reading time":"1 minut\u0117"},"schema":{"@context":"https:\/\/schema.org","@graph":[{"@type":"WebPage","@id":"https:\/\/ilkashop.lt\/product\/s-heart-s-dar-zinomi-kaip-scalp-brush\/","url":"https:\/\/ilkashop.lt\/product\/s-heart-s-dar-zinomi-kaip-scalp-brush\/","name":"\u201eS-Heart-S\u201c (dar \u017einomi kaip \u201eScalp Brush\u201c) - Ilkashop.lt, papuo\u0161al\u0173 ir drabu\u017ei\u0173 elektronin\u0117 parduotuv\u0117","isPartOf":{"@id":"https:\/\/ilkashop.lt\/#website"},"primaryImageOfPage":{"@id":"https:\/\/ilkashop.lt\/product\/s-heart-s-dar-zinomi-kaip-scalp-brush\/#primaryimage"},"image":{"@id":"https:\/\/ilkashop.lt\/product\/s-heart-s-dar-zinomi-kaip-scalp-brush\/#primaryimage"},"thumbnailUrl":"https:\/\/ilkashop.lt\/wp-content\/uploads\/2026\/05\/WhatsApp-Image-2026-05-12-at-19.0.jpeg","datePublished":"2026-05-13T08:30:11+00:00","breadcrumb":{"@id":"https:\/\/ilkashop.lt\/product\/s-heart-s-dar-zinomi-kaip-scalp-brush\/#breadcrumb"},"inLanguage":"lt-LT","potentialAction":[{"@type":"ReadAction","target":["https:\/\/ilkashop.lt\/product\/s-heart-s-dar-zinomi-kaip-scalp-brush\/"]}]},{"@type":"ImageObject","inLanguage":"lt-LT","@id":"https:\/\/ilkashop.lt\/product\/s-heart-s-dar-zinomi-kaip-scalp-brush\/#primaryimage","url":"https:\/\/ilkashop.lt\/wp-content\/uploads\/2026\/05\/WhatsApp-Image-2026-05-12-at-19.0.jpeg","contentUrl":"https:\/\/ilkashop.lt\/wp-content\/uploads\/2026\/05\/WhatsApp-Image-2026-05-12-at-19.0.jpeg","width":1156,"height":1085,"caption":"plauku sepetys"},{"@type":"BreadcrumbList","@id":"https:\/\/ilkashop.lt\/product\/s-heart-s-dar-zinomi-kaip-scalp-brush\/#breadcrumb","itemListElement":[{"@type":"ListItem","position":1,"name":"Home","item":"https:\/\/ilkashop.lt\/"},{"@type":"ListItem","position":2,"name":"Parduotuv\u0117","item":"https:\/\/ilkashop.lt\/parduotuve\/"},{"@type":"ListItem","position":3,"name":"\u201eS-Heart-S\u201c (dar \u017einomi kaip \u201eScalp Brush\u201c)"}]},{"@type":"WebSite","@id":"https:\/\/ilkashop.lt\/#website","url":"https:\/\/ilkashop.lt\/","name":"Ilkashop.lt, papuo\u0161al\u0173 ir drabu\u017ei\u0173 elektronin\u0117 parduotuv\u0117","description":"","publisher":{"@id":"https:\/\/ilkashop.lt\/#organization"},"potentialAction":[{"@type":"SearchAction","target":{"@type":"EntryPoint","urlTemplate":"https:\/\/ilkashop.lt\/?s={search_term_string}"},"query-input":{"@type":"PropertyValueSpecification","valueRequired":true,"valueName":"search_term_string"}}],"inLanguage":"lt-LT"},{"@type":"Organization","@id":"https:\/\/ilkashop.lt\/#organization","name":"Ilkashop.lt, papuo\u0161al\u0173 ir drabu\u017ei\u0173 elektronin\u0117 parduotuv\u0117","url":"https:\/\/ilkashop.lt\/","logo":{"@type":"ImageObject","inLanguage":"lt-LT","@id":"https:\/\/ilkashop.lt\/#\/schema\/logo\/image\/","url":"https:\/\/ilkashop.lt\/wp-content\/uploads\/2025\/01\/cropped-ILKAADAMS-LOGO.png","contentUrl":"https:\/\/ilkashop.lt\/wp-content\/uploads\/2025\/01\/cropped-ILKAADAMS-LOGO.png","width":244,"height":65,"caption":"Ilkashop.lt, papuo\u0161al\u0173 ir drabu\u017ei\u0173 elektronin\u0117 parduotuv\u0117"},"image":{"@id":"https:\/\/ilkashop.lt\/#\/schema\/logo\/image\/"}}]}},"uagb_featured_image_src":{"full":["https:\/\/ilkashop.lt\/wp-content\/uploads\/2026\/05\/WhatsApp-Image-2026-05-12-at-19.0.jpeg",1156,1085,false],"thumbnail":["https:\/\/ilkashop.lt\/wp-content\/uploads\/2026\/05\/WhatsApp-Image-2026-05-12-at-19.0-150x150.jpeg",150,150,true],"medium":["https:\/\/ilkashop.lt\/wp-content\/uploads\/2026\/05\/WhatsApp-Image-2026-05-12-at-19.0-300x282.jpeg",300,282,true],"medium_large":["https:\/\/ilkashop.lt\/wp-content\/uploads\/2026\/05\/WhatsApp-Image-2026-05-12-at-19.0-768x721.jpeg",768,721,true],"large":["https:\/\/ilkashop.lt\/wp-content\/uploads\/2026\/05\/WhatsApp-Image-2026-05-12-at-19.0-1024x961.jpeg",1024,961,true],"1536x1536":["https:\/\/ilkashop.lt\/wp-content\/uploads\/2026\/05\/WhatsApp-Image-2026-05-12-at-19.0.jpeg",1156,1085,false],"2048x2048":["https:\/\/ilkashop.lt\/wp-content\/uploads\/2026\/05\/WhatsApp-Image-2026-05-12-at-19.0.jpeg",1156,1085,false],"trp-custom-language-flag":["https:\/\/ilkashop.lt\/wp-content\/uploads\/2026\/05\/WhatsApp-Image-2026-05-12-at-19.0-13x12.jpeg",13,12,true],"woocommerce_thumbnail":["https:\/\/ilkashop.lt\/wp-content\/uploads\/2026\/05\/WhatsApp-Image-2026-05-12-at-19.0-600x600.jpeg",600,600,true],"woocommerce_single":["https:\/\/ilkashop.lt\/wp-content\/uploads\/2026\/05\/WhatsApp-Image-2026-05-12-at-19.0-600x563.jpeg",600,563,true],"woocommerce_gallery_thumbnail":["https:\/\/ilkashop.lt\/wp-content\/uploads\/2026\/05\/WhatsApp-Image-2026-05-12-at-19.0-100x100.jpeg",100,100,true]},"uagb_author_info":{"display_name":"Ilka Adams","author_link":"https:\/\/ilkashop.lt\/lt_lt\/author\/"},"uagb_comment_info":0,"uagb_excerpt":"\u201eS-Heart-S\u201c (dar \u017einomi kaip \u201eScalp Brush\u201c) yra japon\u0173 gamybos plauk\u0173 \u0161epe\u010diai-masa\u017euokliai, gars\u0117jantys unikalia technologija. Jie sukurti galvos odos kraujotakai skatinti, plaukams stiprinti ir valyti. Pagrindiniai \u201eS-Heart-S\u201c \u0161epe\u010di\u0173 prana\u0161umai:Unikal\u016bs \u0161ereliai: \u0160epe\u010diai turi nuo 376 iki 572 skirtingo ilgio ir lankstumo \u0161ereli\u0173 su apvaliais galiukais. Tai u\u017etikrina tolyg\u0173 spaudim\u0105 ir efektyv\u0173 ta\u0161kin\u012f masa\u017e\u0105.Gilesnis plovimas: Naudojant \u0161amp\u016bn\u0105, \u0161epetys&hellip;","_links":{"self":[{"href":"https:\/\/ilkashop.lt\/lt_lt\/wp-json\/wp\/v2\/product\/3564","targetHints":{"allow":["GET"]}}],"collection":[{"href":"https:\/\/ilkashop.lt\/lt_lt\/wp-json\/wp\/v2\/product"}],"about":[{"href":"https:\/\/ilkashop.lt\/lt_lt\/wp-json\/wp\/v2\/types\/product"}],"replies":[{"embeddable":true,"href":"https:\/\/ilkashop.lt\/lt_lt\/wp-json\/wp\/v2\/comments?post=3564"}],"wp:featuredmedia":[{"embeddable":true,"href":"https:\/\/ilkashop.lt\/lt_lt\/wp-json\/wp\/v2\/media\/3565"}],"wp:attachment":[{"href":"https:\/\/ilkashop.lt\/lt_lt\/wp-json\/wp\/v2\/media?parent=3564"}],"wp:term":[{"taxonomy":"product_brand","embeddable":true,"href":"https:\/\/ilkashop.lt\/lt_lt\/wp-json\/wp\/v2\/product_brand?post=3564"},{"taxonomy":"product_cat","embeddable":true,"href":"https:\/\/ilkashop.lt\/lt_lt\/wp-json\/wp\/v2\/product_cat?post=3564"},{"taxonomy":"product_tag","embeddable":true,"href":"https:\/\/ilkashop.lt\/lt_lt\/wp-json\/wp\/v2\/product_tag?post=3564"}],"curies":[{"name":"wp","href":"https:\/\/api.w.org\/{rel}","templated":true}]}}