{"id":3558,"date":"2026-05-13T08:14:38","date_gmt":"2026-05-13T08:14:38","guid":{"rendered":"https:\/\/ilkashop.lt\/?post_type=product&#038;p=3558"},"modified":"2026-05-13T08:47:28","modified_gmt":"2026-05-13T08:47:28","slug":"plauku-formavimo-prietaisas","status":"publish","type":"product","link":"https:\/\/ilkashop.lt\/lt_lt\/product\/plauku-formavimo-prietaisas\/","title":{"rendered":"Plauk\u0173 formavimo prietaisas 6 viename"},"content":{"rendered":"<p>Naujiena! 6 viename<\/p>\n<p>Kainos nurodytos \u017eemiau. \ud83d\udc47\ud83c\udffc<br \/>\nPa\u017eang\u016bs plauk\u0173 formavimo sprendimai ne tik suteikia galimyb\u0119 visomis funkcijomis naudotis turint vien\u0105 \u012frengin\u012f (nuo \u0161iol atskiras plauk\u0173 d\u017eiovintuvas, plauk\u0173 tiesintuvas ar kitos plauk\u0173 formavimo priemon\u0117s neb\u016btinai turi u\u017ekrauti J\u016bs\u0173 vonios kambar\u012f, bet ir apsaugo plaukus nuo \u017ealingo kar\u0161\u010dio poveikio. \u012ediegtos \u0161iuolaiki\u0161kos temperat\u016bros reguliavimo technologijos u\u017etikrina efektyv\u0173, bet saug\u0173 \u0161ukuosenos formavim\u0105 ir profesional\u0173 efekt\u0105.<br \/>\nTechnologij\u0173 integracija: Anijonai, Nano, Termostatiniai, Kar\u0161tas\/\u0160altas oras, Temperat\u016bros valdymas, Difuzorius<br \/>\nGalingumas (W) 1500<br \/>\nGamintojas Kinijoje<br \/>\nGarantija (m\u0117n.) 12 m\u0117n<br \/>\nGalingumo pad\u0117\u010di\u0173 skai\u010dius (vnt.) 3<br \/>\nKomplektacija 30 mm antgalis ir 40 mm antgalis, apvalus apimt\u012f suteikiantis \u0161epetys, d\u017eiovinimo antgalis, Kietas tiesinimo \u0161epetys.<br \/>\nSpalvos yra 4: ro\u017ein\u0117 \ud83d\udc96, oran\u017ein\u0117 \ud83e\udde1 ir violetin\u0117 \ud83d\udc9c spalvos.<\/p>\n<p>*Kaina 265\u20ac (J\u016bs gaunate produktus kartonin\u0117je d\u0117\u017eut\u0117je \u2013 6 antgaliai ) Pavasario kaina 265\u20ac-20%\u200e\u2009=\u2009\u20ac212,00<\/p>\n<p>*U\u017esakymas u\u017etrunka apie 10 dien\u0173 \ud83d\ude09\ud83d\udc4d\ud83c\udffc<\/p>\n","protected":false},"excerpt":{"rendered":"[video width=\"576\" height=\"1024\" mp4=\"https:\/\/ilkashop.lt\/wp-content\/uploads\/2026\/05\/WhatsApp-Video-2026-05-12-at-18.51.03-1.mp4\"][\/video]\n<p>Funkcionalus plauk\u0173 formavimas<br \/>\nD\u017eiovinkite, garbanokite, banguokite, tiesinkite, lyginkite ir didinkite apimt\u012f naudodami naujuosius i\u0161maniuosius antgalius \u2013 ir visa tai vienu \u012frenginiu. \u012emanoma? Taip.<\/p>\n","protected":false},"featured_media":3559,"comment_status":"open","ping_status":"closed","template":"","meta":{"_uag_custom_page_level_css":"","site-sidebar-layout":"default","site-content-layout":"","ast-site-content-layout":"default","site-content-style":"default","site-sidebar-style":"default","ast-global-header-display":"","ast-banner-title-visibility":"","ast-main-header-display":"","ast-hfb-above-header-display":"","ast-hfb-below-header-display":"","ast-hfb-mobile-header-display":"","site-post-title":"","ast-breadcrumbs-content":"","ast-featured-img":"","footer-sml-layout":"","ast-disable-related-posts":"","theme-transparent-header-meta":"default","adv-header-id-meta":"","stick-header-meta":"","header-above-stick-meta":"","header-main-stick-meta":"","header-below-stick-meta":"","astra-migrate-meta-layouts":"set","ast-page-background-enabled":"default","ast-page-background-meta":{"desktop":{"background-color":"var(--ast-global-color-4)","background-image":"","background-repeat":"repeat","background-position":"center center","background-size":"auto","background-attachment":"scroll","background-type":"","background-media":"","overlay-type":"","overlay-color":"","overlay-opacity":"","overlay-gradient":""},"tablet":{"background-color":"","background-image":"","background-repeat":"repeat","background-position":"center center","background-size":"auto","background-attachment":"scroll","background-type":"","background-media":"","overlay-type":"","overlay-color":"","overlay-opacity":"","overlay-gradient":""},"mobile":{"background-color":"","background-image":"","background-repeat":"repeat","background-position":"center center","background-size":"auto","background-attachment":"scroll","background-type":"","background-media":"","overlay-type":"","overlay-color":"","overlay-opacity":"","overlay-gradient":""}},"ast-content-background-meta":{"desktop":{"background-color":"var(--ast-global-color-5)","background-image":"","background-repeat":"repeat","background-position":"center center","background-size":"auto","background-attachment":"scroll","background-type":"","background-media":"","overlay-type":"","overlay-color":"","overlay-opacity":"","overlay-gradient":""},"tablet":{"background-color":"var(--ast-global-color-5)","background-image":"","background-repeat":"repeat","background-position":"center center","background-size":"auto","background-attachment":"scroll","background-type":"","background-media":"","overlay-type":"","overlay-color":"","overlay-opacity":"","overlay-gradient":""},"mobile":{"background-color":"var(--ast-global-color-5)","background-image":"","background-repeat":"repeat","background-position":"center center","background-size":"auto","background-attachment":"scroll","background-type":"","background-media":"","overlay-type":"","overlay-color":"","overlay-opacity":"","overlay-gradient":""}}},"product_brand":[],"product_cat":[52,31],"product_tag":[],"class_list":{"0":"post-3558","1":"product","2":"type-product","3":"status-publish","4":"has-post-thumbnail","6":"product_cat-prietaisai","7":"product_cat-top-prekes","8":"desktop-align-center","9":"tablet-align-center","10":"mobile-align-center","12":"first","13":"instock","14":"sale","15":"shipping-taxable","16":"purchasable","17":"product-type-variable"},"acf":[],"yoast_head":"<!-- This site is optimized with the Yoast SEO plugin v27.6 - https:\/\/yoast.com\/product\/yoast-seo-wordpress\/ -->\n<title>Plauk\u0173 formavimo prietaisas 6 viename - Ilkashop.lt, papuo\u0161al\u0173 ir drabu\u017ei\u0173 elektronin\u0117 parduotuv\u0117<\/title>\n<meta name=\"robots\" content=\"index, follow, max-snippet:-1, max-image-preview:large, max-video-preview:-1\" \/>\n<link rel=\"canonical\" href=\"https:\/\/ilkashop.lt\/lt_lt\/product\/plauku-formavimo-prietaisas\/\" \/>\n<meta property=\"og:locale\" content=\"lt_LT\" \/>\n<meta property=\"og:type\" content=\"article\" \/>\n<meta property=\"og:title\" content=\"Plauk\u0173 formavimo prietaisas 6 viename - Ilkashop.lt, papuo\u0161al\u0173 ir drabu\u017ei\u0173 elektronin\u0117 parduotuv\u0117\" \/>\n<meta property=\"og:description\" content=\"Funkcionalus plauk\u0173 formavimas D\u017eiovinkite, garbanokite, banguokite, tiesinkite, lyginkite ir didinkite apimt\u012f naudodami naujuosius i\u0161maniuosius antgalius \u2013 ir visa tai vienu \u012frenginiu. \u012emanoma? Taip.\" \/>\n<meta property=\"og:url\" content=\"https:\/\/ilkashop.lt\/lt_lt\/product\/plauku-formavimo-prietaisas\/\" \/>\n<meta property=\"og:site_name\" content=\"Ilkashop.lt, papuo\u0161al\u0173 ir drabu\u017ei\u0173 elektronin\u0117 parduotuv\u0117\" \/>\n<meta property=\"article:modified_time\" content=\"2026-05-13T08:47:28+00:00\" \/>\n<meta property=\"og:image\" content=\"https:\/\/ilkashop.lt\/wp-content\/uploads\/2026\/05\/WhatsApp-Image-2026-05-12-at-18.52.48.jpeg\" \/>\n\t<meta property=\"og:image:width\" content=\"1172\" \/>\n\t<meta property=\"og:image:height\" content=\"1156\" \/>\n\t<meta property=\"og:image:type\" content=\"image\/jpeg\" \/>\n<meta name=\"twitter:card\" content=\"summary_large_image\" \/>\n<meta name=\"twitter:label1\" content=\"Est. reading time\" \/>\n\t<meta name=\"twitter:data1\" content=\"1 minut\u0117\" \/>\n<script type=\"application\/ld+json\" class=\"yoast-schema-graph\">{\"@context\":\"https:\\\/\\\/schema.org\",\"@graph\":[{\"@type\":\"WebPage\",\"@id\":\"https:\\\/\\\/ilkashop.lt\\\/product\\\/plauku-formavimo-prietaisas\\\/\",\"url\":\"https:\\\/\\\/ilkashop.lt\\\/product\\\/plauku-formavimo-prietaisas\\\/\",\"name\":\"Plauk\u0173 formavimo prietaisas 6 viename - Ilkashop.lt, papuo\u0161al\u0173 ir drabu\u017ei\u0173 elektronin\u0117 parduotuv\u0117\",\"isPartOf\":{\"@id\":\"https:\\\/\\\/ilkashop.lt\\\/#website\"},\"primaryImageOfPage\":{\"@id\":\"https:\\\/\\\/ilkashop.lt\\\/product\\\/plauku-formavimo-prietaisas\\\/#primaryimage\"},\"image\":{\"@id\":\"https:\\\/\\\/ilkashop.lt\\\/product\\\/plauku-formavimo-prietaisas\\\/#primaryimage\"},\"thumbnailUrl\":\"https:\\\/\\\/ilkashop.lt\\\/wp-content\\\/uploads\\\/2026\\\/05\\\/WhatsApp-Image-2026-05-12-at-18.52.48.jpeg\",\"datePublished\":\"2026-05-13T08:14:38+00:00\",\"dateModified\":\"2026-05-13T08:47:28+00:00\",\"breadcrumb\":{\"@id\":\"https:\\\/\\\/ilkashop.lt\\\/product\\\/plauku-formavimo-prietaisas\\\/#breadcrumb\"},\"inLanguage\":\"lt-LT\",\"potentialAction\":[{\"@type\":\"ReadAction\",\"target\":[\"https:\\\/\\\/ilkashop.lt\\\/product\\\/plauku-formavimo-prietaisas\\\/\"]}]},{\"@type\":\"ImageObject\",\"inLanguage\":\"lt-LT\",\"@id\":\"https:\\\/\\\/ilkashop.lt\\\/product\\\/plauku-formavimo-prietaisas\\\/#primaryimage\",\"url\":\"https:\\\/\\\/ilkashop.lt\\\/wp-content\\\/uploads\\\/2026\\\/05\\\/WhatsApp-Image-2026-05-12-at-18.52.48.jpeg\",\"contentUrl\":\"https:\\\/\\\/ilkashop.lt\\\/wp-content\\\/uploads\\\/2026\\\/05\\\/WhatsApp-Image-2026-05-12-at-18.52.48.jpeg\",\"width\":1172,\"height\":1156,\"caption\":\"Plauk\u0173 formatorius\"},{\"@type\":\"BreadcrumbList\",\"@id\":\"https:\\\/\\\/ilkashop.lt\\\/product\\\/plauku-formavimo-prietaisas\\\/#breadcrumb\",\"itemListElement\":[{\"@type\":\"ListItem\",\"position\":1,\"name\":\"Home\",\"item\":\"https:\\\/\\\/ilkashop.lt\\\/\"},{\"@type\":\"ListItem\",\"position\":2,\"name\":\"Parduotuv\u0117\",\"item\":\"https:\\\/\\\/ilkashop.lt\\\/parduotuve\\\/\"},{\"@type\":\"ListItem\",\"position\":3,\"name\":\"Plauk\u0173 formavimo prietaisas 6 viename\"}]},{\"@type\":\"WebSite\",\"@id\":\"https:\\\/\\\/ilkashop.lt\\\/#website\",\"url\":\"https:\\\/\\\/ilkashop.lt\\\/\",\"name\":\"Ilkashop.lt, papuo\u0161al\u0173 ir drabu\u017ei\u0173 elektronin\u0117 parduotuv\u0117\",\"description\":\"\",\"publisher\":{\"@id\":\"https:\\\/\\\/ilkashop.lt\\\/#organization\"},\"potentialAction\":[{\"@type\":\"SearchAction\",\"target\":{\"@type\":\"EntryPoint\",\"urlTemplate\":\"https:\\\/\\\/ilkashop.lt\\\/?s={search_term_string}\"},\"query-input\":{\"@type\":\"PropertyValueSpecification\",\"valueRequired\":true,\"valueName\":\"search_term_string\"}}],\"inLanguage\":\"lt-LT\"},{\"@type\":\"Organization\",\"@id\":\"https:\\\/\\\/ilkashop.lt\\\/#organization\",\"name\":\"Ilkashop.lt, papuo\u0161al\u0173 ir drabu\u017ei\u0173 elektronin\u0117 parduotuv\u0117\",\"url\":\"https:\\\/\\\/ilkashop.lt\\\/\",\"logo\":{\"@type\":\"ImageObject\",\"inLanguage\":\"lt-LT\",\"@id\":\"https:\\\/\\\/ilkashop.lt\\\/#\\\/schema\\\/logo\\\/image\\\/\",\"url\":\"https:\\\/\\\/ilkashop.lt\\\/wp-content\\\/uploads\\\/2025\\\/01\\\/cropped-ILKAADAMS-LOGO.png\",\"contentUrl\":\"https:\\\/\\\/ilkashop.lt\\\/wp-content\\\/uploads\\\/2025\\\/01\\\/cropped-ILKAADAMS-LOGO.png\",\"width\":244,\"height\":65,\"caption\":\"Ilkashop.lt, papuo\u0161al\u0173 ir drabu\u017ei\u0173 elektronin\u0117 parduotuv\u0117\"},\"image\":{\"@id\":\"https:\\\/\\\/ilkashop.lt\\\/#\\\/schema\\\/logo\\\/image\\\/\"}}]}<\/script>\n<!-- \/ Yoast SEO plugin. -->","yoast_head_json":{"title":"Plauk\u0173 formavimo prietaisas 6 viename - Ilkashop.lt, papuo\u0161al\u0173 ir drabu\u017ei\u0173 elektronin\u0117 parduotuv\u0117","robots":{"index":"index","follow":"follow","max-snippet":"max-snippet:-1","max-image-preview":"max-image-preview:large","max-video-preview":"max-video-preview:-1"},"canonical":"https:\/\/ilkashop.lt\/lt_lt\/product\/plauku-formavimo-prietaisas\/","og_locale":"lt_LT","og_type":"article","og_title":"Plauk\u0173 formavimo prietaisas 6 viename - Ilkashop.lt, papuo\u0161al\u0173 ir drabu\u017ei\u0173 elektronin\u0117 parduotuv\u0117","og_description":"Funkcionalus plauk\u0173 formavimas D\u017eiovinkite, garbanokite, banguokite, tiesinkite, lyginkite ir didinkite apimt\u012f naudodami naujuosius i\u0161maniuosius antgalius \u2013 ir visa tai vienu \u012frenginiu. \u012emanoma? Taip.","og_url":"https:\/\/ilkashop.lt\/lt_lt\/product\/plauku-formavimo-prietaisas\/","og_site_name":"Ilkashop.lt, papuo\u0161al\u0173 ir drabu\u017ei\u0173 elektronin\u0117 parduotuv\u0117","article_modified_time":"2026-05-13T08:47:28+00:00","og_image":[{"width":1172,"height":1156,"url":"https:\/\/ilkashop.lt\/wp-content\/uploads\/2026\/05\/WhatsApp-Image-2026-05-12-at-18.52.48.jpeg","type":"image\/jpeg"}],"twitter_card":"summary_large_image","twitter_misc":{"Est. reading time":"1 minut\u0117"},"schema":{"@context":"https:\/\/schema.org","@graph":[{"@type":"WebPage","@id":"https:\/\/ilkashop.lt\/product\/plauku-formavimo-prietaisas\/","url":"https:\/\/ilkashop.lt\/product\/plauku-formavimo-prietaisas\/","name":"Plauk\u0173 formavimo prietaisas 6 viename - Ilkashop.lt, papuo\u0161al\u0173 ir drabu\u017ei\u0173 elektronin\u0117 parduotuv\u0117","isPartOf":{"@id":"https:\/\/ilkashop.lt\/#website"},"primaryImageOfPage":{"@id":"https:\/\/ilkashop.lt\/product\/plauku-formavimo-prietaisas\/#primaryimage"},"image":{"@id":"https:\/\/ilkashop.lt\/product\/plauku-formavimo-prietaisas\/#primaryimage"},"thumbnailUrl":"https:\/\/ilkashop.lt\/wp-content\/uploads\/2026\/05\/WhatsApp-Image-2026-05-12-at-18.52.48.jpeg","datePublished":"2026-05-13T08:14:38+00:00","dateModified":"2026-05-13T08:47:28+00:00","breadcrumb":{"@id":"https:\/\/ilkashop.lt\/product\/plauku-formavimo-prietaisas\/#breadcrumb"},"inLanguage":"lt-LT","potentialAction":[{"@type":"ReadAction","target":["https:\/\/ilkashop.lt\/product\/plauku-formavimo-prietaisas\/"]}]},{"@type":"ImageObject","inLanguage":"lt-LT","@id":"https:\/\/ilkashop.lt\/product\/plauku-formavimo-prietaisas\/#primaryimage","url":"https:\/\/ilkashop.lt\/wp-content\/uploads\/2026\/05\/WhatsApp-Image-2026-05-12-at-18.52.48.jpeg","contentUrl":"https:\/\/ilkashop.lt\/wp-content\/uploads\/2026\/05\/WhatsApp-Image-2026-05-12-at-18.52.48.jpeg","width":1172,"height":1156,"caption":"Plauk\u0173 formatorius"},{"@type":"BreadcrumbList","@id":"https:\/\/ilkashop.lt\/product\/plauku-formavimo-prietaisas\/#breadcrumb","itemListElement":[{"@type":"ListItem","position":1,"name":"Home","item":"https:\/\/ilkashop.lt\/"},{"@type":"ListItem","position":2,"name":"Parduotuv\u0117","item":"https:\/\/ilkashop.lt\/parduotuve\/"},{"@type":"ListItem","position":3,"name":"Plauk\u0173 formavimo prietaisas 6 viename"}]},{"@type":"WebSite","@id":"https:\/\/ilkashop.lt\/#website","url":"https:\/\/ilkashop.lt\/","name":"Ilkashop.lt, papuo\u0161al\u0173 ir drabu\u017ei\u0173 elektronin\u0117 parduotuv\u0117","description":"","publisher":{"@id":"https:\/\/ilkashop.lt\/#organization"},"potentialAction":[{"@type":"SearchAction","target":{"@type":"EntryPoint","urlTemplate":"https:\/\/ilkashop.lt\/?s={search_term_string}"},"query-input":{"@type":"PropertyValueSpecification","valueRequired":true,"valueName":"search_term_string"}}],"inLanguage":"lt-LT"},{"@type":"Organization","@id":"https:\/\/ilkashop.lt\/#organization","name":"Ilkashop.lt, papuo\u0161al\u0173 ir drabu\u017ei\u0173 elektronin\u0117 parduotuv\u0117","url":"https:\/\/ilkashop.lt\/","logo":{"@type":"ImageObject","inLanguage":"lt-LT","@id":"https:\/\/ilkashop.lt\/#\/schema\/logo\/image\/","url":"https:\/\/ilkashop.lt\/wp-content\/uploads\/2025\/01\/cropped-ILKAADAMS-LOGO.png","contentUrl":"https:\/\/ilkashop.lt\/wp-content\/uploads\/2025\/01\/cropped-ILKAADAMS-LOGO.png","width":244,"height":65,"caption":"Ilkashop.lt, papuo\u0161al\u0173 ir drabu\u017ei\u0173 elektronin\u0117 parduotuv\u0117"},"image":{"@id":"https:\/\/ilkashop.lt\/#\/schema\/logo\/image\/"}}]}},"uagb_featured_image_src":{"full":["https:\/\/ilkashop.lt\/wp-content\/uploads\/2026\/05\/WhatsApp-Image-2026-05-12-at-18.52.48.jpeg",1172,1156,false],"thumbnail":["https:\/\/ilkashop.lt\/wp-content\/uploads\/2026\/05\/WhatsApp-Image-2026-05-12-at-18.52.48-150x150.jpeg",150,150,true],"medium":["https:\/\/ilkashop.lt\/wp-content\/uploads\/2026\/05\/WhatsApp-Image-2026-05-12-at-18.52.48-300x296.jpeg",300,296,true],"medium_large":["https:\/\/ilkashop.lt\/wp-content\/uploads\/2026\/05\/WhatsApp-Image-2026-05-12-at-18.52.48-768x758.jpeg",768,758,true],"large":["https:\/\/ilkashop.lt\/wp-content\/uploads\/2026\/05\/WhatsApp-Image-2026-05-12-at-18.52.48-1024x1010.jpeg",1024,1010,true],"1536x1536":["https:\/\/ilkashop.lt\/wp-content\/uploads\/2026\/05\/WhatsApp-Image-2026-05-12-at-18.52.48.jpeg",1172,1156,false],"2048x2048":["https:\/\/ilkashop.lt\/wp-content\/uploads\/2026\/05\/WhatsApp-Image-2026-05-12-at-18.52.48.jpeg",1172,1156,false],"trp-custom-language-flag":["https:\/\/ilkashop.lt\/wp-content\/uploads\/2026\/05\/WhatsApp-Image-2026-05-12-at-18.52.48-12x12.jpeg",12,12,true],"woocommerce_thumbnail":["https:\/\/ilkashop.lt\/wp-content\/uploads\/2026\/05\/WhatsApp-Image-2026-05-12-at-18.52.48-600x600.jpeg",600,600,true],"woocommerce_single":["https:\/\/ilkashop.lt\/wp-content\/uploads\/2026\/05\/WhatsApp-Image-2026-05-12-at-18.52.48-600x592.jpeg",600,592,true],"woocommerce_gallery_thumbnail":["https:\/\/ilkashop.lt\/wp-content\/uploads\/2026\/05\/WhatsApp-Image-2026-05-12-at-18.52.48-100x100.jpeg",100,100,true]},"uagb_author_info":{"display_name":"Ilka Adams","author_link":"https:\/\/ilkashop.lt\/lt_lt\/author\/"},"uagb_comment_info":0,"uagb_excerpt":"[video width=\"576\" height=\"1024\" mp4=\"https:\/\/ilkashop.lt\/wp-content\/uploads\/2026\/05\/WhatsApp-Video-2026-05-12-at-18.51.03-1.mp4\"][\/video] Funkcionalus plauk\u0173 formavimas D\u017eiovinkite, garbanokite, banguokite, tiesinkite, lyginkite ir didinkite apimt\u012f naudodami naujuosius i\u0161maniuosius antgalius \u2013 ir visa tai vienu \u012frenginiu. \u012emanoma? Taip.","_links":{"self":[{"href":"https:\/\/ilkashop.lt\/lt_lt\/wp-json\/wp\/v2\/product\/3558","targetHints":{"allow":["GET"]}}],"collection":[{"href":"https:\/\/ilkashop.lt\/lt_lt\/wp-json\/wp\/v2\/product"}],"about":[{"href":"https:\/\/ilkashop.lt\/lt_lt\/wp-json\/wp\/v2\/types\/product"}],"replies":[{"embeddable":true,"href":"https:\/\/ilkashop.lt\/lt_lt\/wp-json\/wp\/v2\/comments?post=3558"}],"wp:featuredmedia":[{"embeddable":true,"href":"https:\/\/ilkashop.lt\/lt_lt\/wp-json\/wp\/v2\/media\/3559"}],"wp:attachment":[{"href":"https:\/\/ilkashop.lt\/lt_lt\/wp-json\/wp\/v2\/media?parent=3558"}],"wp:term":[{"taxonomy":"product_brand","embeddable":true,"href":"https:\/\/ilkashop.lt\/lt_lt\/wp-json\/wp\/v2\/product_brand?post=3558"},{"taxonomy":"product_cat","embeddable":true,"href":"https:\/\/ilkashop.lt\/lt_lt\/wp-json\/wp\/v2\/product_cat?post=3558"},{"taxonomy":"product_tag","embeddable":true,"href":"https:\/\/ilkashop.lt\/lt_lt\/wp-json\/wp\/v2\/product_tag?post=3558"}],"curies":[{"name":"wp","href":"https:\/\/api.w.org\/{rel}","templated":true}]}}