{"id":2948,"date":"2025-03-10T07:33:56","date_gmt":"2025-03-10T07:33:56","guid":{"rendered":"https:\/\/ilkashop.lt\/?post_type=product&#038;p=2948"},"modified":"2025-03-10T07:36:14","modified_gmt":"2025-03-10T07:36:14","slug":"dobilo-lapu-rinkinys-su-moisanitais-deimantais","status":"publish","type":"product","link":"https:\/\/ilkashop.lt\/lt_lt\/product\/dobilo-lapu-rinkinys-su-moisanitais-deimantais\/","title":{"rendered":"Dobilo lap\u0173 rinkinys su moisanitais deimantais"},"content":{"rendered":"<p>VVS1 D spalva moissanito deimantas po 2mm ir 3mm<br \/>\n925 prabos sidabras<br \/>\nSvoris 3-5g<br \/>\nV\u0117rinys 45cm+5cm<br \/>\nAuskarai smeigtukai<br \/>\nApyranke 16.5cm-21.5cm<\/p>\n","protected":false},"excerpt":{"rendered":"<p>VVS1 D spalva moissanito deimantas po 2mm ir 3mm<br \/>\n925 prabos sidabras<br \/>\nSvoris 3-5g<br \/>\nV\u0117rinys 45cm+5cm<br \/>\nAuskarai smeigtukai<br \/>\nApyranke 16.5cm-21.5cm<\/p>\n","protected":false},"featured_media":2949,"comment_status":"open","ping_status":"closed","template":"","meta":{"_uag_custom_page_level_css":"","site-sidebar-layout":"default","site-content-layout":"","ast-site-content-layout":"default","site-content-style":"default","site-sidebar-style":"default","ast-global-header-display":"","ast-banner-title-visibility":"","ast-main-header-display":"","ast-hfb-above-header-display":"","ast-hfb-below-header-display":"","ast-hfb-mobile-header-display":"","site-post-title":"","ast-breadcrumbs-content":"","ast-featured-img":"","footer-sml-layout":"","ast-disable-related-posts":"","theme-transparent-header-meta":"default","adv-header-id-meta":"","stick-header-meta":"","header-above-stick-meta":"","header-main-stick-meta":"","header-below-stick-meta":"","astra-migrate-meta-layouts":"set","ast-page-background-enabled":"default","ast-page-background-meta":{"desktop":{"background-color":"var(--ast-global-color-4)","background-image":"","background-repeat":"repeat","background-position":"center center","background-size":"auto","background-attachment":"scroll","background-type":"","background-media":"","overlay-type":"","overlay-color":"","overlay-opacity":"","overlay-gradient":""},"tablet":{"background-color":"","background-image":"","background-repeat":"repeat","background-position":"center center","background-size":"auto","background-attachment":"scroll","background-type":"","background-media":"","overlay-type":"","overlay-color":"","overlay-opacity":"","overlay-gradient":""},"mobile":{"background-color":"","background-image":"","background-repeat":"repeat","background-position":"center center","background-size":"auto","background-attachment":"scroll","background-type":"","background-media":"","overlay-type":"","overlay-color":"","overlay-opacity":"","overlay-gradient":""}},"ast-content-background-meta":{"desktop":{"background-color":"var(--ast-global-color-5)","background-image":"","background-repeat":"repeat","background-position":"center center","background-size":"auto","background-attachment":"scroll","background-type":"","background-media":"","overlay-type":"","overlay-color":"","overlay-opacity":"","overlay-gradient":""},"tablet":{"background-color":"var(--ast-global-color-5)","background-image":"","background-repeat":"repeat","background-position":"center center","background-size":"auto","background-attachment":"scroll","background-type":"","background-media":"","overlay-type":"","overlay-color":"","overlay-opacity":"","overlay-gradient":""},"mobile":{"background-color":"var(--ast-global-color-5)","background-image":"","background-repeat":"repeat","background-position":"center center","background-size":"auto","background-attachment":"scroll","background-type":"","background-media":"","overlay-type":"","overlay-color":"","overlay-opacity":"","overlay-gradient":""}}},"product_brand":[],"product_cat":[48],"product_tag":[],"class_list":{"0":"post-2948","1":"product","2":"type-product","3":"status-publish","4":"has-post-thumbnail","6":"product_cat-rinkinys-grandinele-apyranke-ziedas","7":"desktop-align-center","8":"tablet-align-center","9":"mobile-align-center","11":"first","12":"instock","13":"shipping-taxable","14":"purchasable","15":"product-type-variable"},"acf":[],"yoast_head":"<!-- This site is optimized with the Yoast SEO plugin v27.5 - https:\/\/yoast.com\/product\/yoast-seo-wordpress\/ -->\n<title>Dobilo lap\u0173 rinkinys su moisanitais deimantais - Ilkashop.lt, papuo\u0161al\u0173 ir drabu\u017ei\u0173 elektronin\u0117 parduotuv\u0117<\/title>\n<meta name=\"description\" content=\"VVS1 D spalva moissanito deimantas po 2mm ir 3mm 925 prabos sidabrasSvoris 3-5gV\u0117rinys 45cm+5cmAuskarai smeigtukaiApyranke 16.5cm-21.5cm\" \/>\n<meta name=\"robots\" content=\"index, follow, max-snippet:-1, max-image-preview:large, max-video-preview:-1\" \/>\n<link rel=\"canonical\" href=\"https:\/\/ilkashop.lt\/lt_lt\/product\/dobilo-lapu-rinkinys-su-moisanitais-deimantais\/\" \/>\n<meta property=\"og:locale\" content=\"lt_LT\" \/>\n<meta property=\"og:type\" content=\"article\" \/>\n<meta property=\"og:title\" content=\"Dobilo lap\u0173 rinkinys su moisanitais deimantais - Ilkashop.lt, papuo\u0161al\u0173 ir drabu\u017ei\u0173 elektronin\u0117 parduotuv\u0117\" \/>\n<meta property=\"og:description\" content=\"VVS1 D spalva moissanito deimantas po 2mm ir 3mm 925 prabos sidabrasSvoris 3-5gV\u0117rinys 45cm+5cmAuskarai smeigtukaiApyranke 16.5cm-21.5cm\" \/>\n<meta property=\"og:url\" content=\"https:\/\/ilkashop.lt\/lt_lt\/product\/dobilo-lapu-rinkinys-su-moisanitais-deimantais\/\" \/>\n<meta property=\"og:site_name\" content=\"Ilkashop.lt, papuo\u0161al\u0173 ir drabu\u017ei\u0173 elektronin\u0117 parduotuv\u0117\" \/>\n<meta property=\"article:modified_time\" content=\"2025-03-10T07:36:14+00:00\" \/>\n<meta property=\"og:image\" content=\"https:\/\/ilkashop.lt\/wp-content\/uploads\/2025\/03\/\u201eWhatsApp-Atvaizdas-2025-03-03-12.54.38_af9de2f7.jpg\" \/>\n\t<meta property=\"og:image:width\" content=\"1179\" \/>\n\t<meta property=\"og:image:height\" content=\"1158\" \/>\n\t<meta property=\"og:image:type\" content=\"image\/jpeg\" \/>\n<meta name=\"twitter:card\" content=\"summary_large_image\" \/>\n<meta name=\"twitter:label1\" content=\"Est. reading time\" \/>\n\t<meta name=\"twitter:data1\" content=\"1 minut\u0117\" \/>\n<script type=\"application\/ld+json\" class=\"yoast-schema-graph\">{\"@context\":\"https:\\\/\\\/schema.org\",\"@graph\":[{\"@type\":\"WebPage\",\"@id\":\"https:\\\/\\\/ilkashop.lt\\\/product\\\/dobilo-lapu-rinkinys-su-moisanitais-deimantais\\\/\",\"url\":\"https:\\\/\\\/ilkashop.lt\\\/product\\\/dobilo-lapu-rinkinys-su-moisanitais-deimantais\\\/\",\"name\":\"Dobilo lap\u0173 rinkinys su moisanitais deimantais - Ilkashop.lt, papuo\u0161al\u0173 ir drabu\u017ei\u0173 elektronin\u0117 parduotuv\u0117\",\"isPartOf\":{\"@id\":\"https:\\\/\\\/ilkashop.lt\\\/#website\"},\"primaryImageOfPage\":{\"@id\":\"https:\\\/\\\/ilkashop.lt\\\/product\\\/dobilo-lapu-rinkinys-su-moisanitais-deimantais\\\/#primaryimage\"},\"image\":{\"@id\":\"https:\\\/\\\/ilkashop.lt\\\/product\\\/dobilo-lapu-rinkinys-su-moisanitais-deimantais\\\/#primaryimage\"},\"thumbnailUrl\":\"https:\\\/\\\/ilkashop.lt\\\/wp-content\\\/uploads\\\/2025\\\/03\\\/\u201eWhatsApp-Atvaizdas-2025-03-03-12.54.38_af9de2f7.jpg\",\"datePublished\":\"2025-03-10T07:33:56+00:00\",\"dateModified\":\"2025-03-10T07:36:14+00:00\",\"description\":\"VVS1 D spalva moissanito deimantas po 2mm ir 3mm 925 prabos sidabrasSvoris 3-5gV\u0117rinys 45cm+5cmAuskarai smeigtukaiApyranke 16.5cm-21.5cm\",\"breadcrumb\":{\"@id\":\"https:\\\/\\\/ilkashop.lt\\\/product\\\/dobilo-lapu-rinkinys-su-moisanitais-deimantais\\\/#breadcrumb\"},\"inLanguage\":\"lt-LT\",\"potentialAction\":[{\"@type\":\"ReadAction\",\"target\":[\"https:\\\/\\\/ilkashop.lt\\\/product\\\/dobilo-lapu-rinkinys-su-moisanitais-deimantais\\\/\"]}]},{\"@type\":\"ImageObject\",\"inLanguage\":\"lt-LT\",\"@id\":\"https:\\\/\\\/ilkashop.lt\\\/product\\\/dobilo-lapu-rinkinys-su-moisanitais-deimantais\\\/#primaryimage\",\"url\":\"https:\\\/\\\/ilkashop.lt\\\/wp-content\\\/uploads\\\/2025\\\/03\\\/\u201eWhatsApp-Atvaizdas-2025-03-03-12.54.38_af9de2f7.jpg\",\"contentUrl\":\"https:\\\/\\\/ilkashop.lt\\\/wp-content\\\/uploads\\\/2025\\\/03\\\/\u201eWhatsApp-Atvaizdas-2025-03-03-12.54.38_af9de2f7.jpg\",\"width\":1179,\"height\":1158},{\"@type\":\"BreadcrumbList\",\"@id\":\"https:\\\/\\\/ilkashop.lt\\\/product\\\/dobilo-lapu-rinkinys-su-moisanitais-deimantais\\\/#breadcrumb\",\"itemListElement\":[{\"@type\":\"ListItem\",\"position\":1,\"name\":\"Home\",\"item\":\"https:\\\/\\\/ilkashop.lt\\\/\"},{\"@type\":\"ListItem\",\"position\":2,\"name\":\"Parduotuv\u0117\",\"item\":\"https:\\\/\\\/ilkashop.lt\\\/parduotuve\\\/\"},{\"@type\":\"ListItem\",\"position\":3,\"name\":\"Dobilo lap\u0173 rinkinys su moisanitais deimantais\"}]},{\"@type\":\"WebSite\",\"@id\":\"https:\\\/\\\/ilkashop.lt\\\/#website\",\"url\":\"https:\\\/\\\/ilkashop.lt\\\/\",\"name\":\"Ilkashop.lt, papuo\u0161al\u0173 ir drabu\u017ei\u0173 elektronin\u0117 parduotuv\u0117\",\"description\":\"\",\"publisher\":{\"@id\":\"https:\\\/\\\/ilkashop.lt\\\/#organization\"},\"potentialAction\":[{\"@type\":\"SearchAction\",\"target\":{\"@type\":\"EntryPoint\",\"urlTemplate\":\"https:\\\/\\\/ilkashop.lt\\\/?s={search_term_string}\"},\"query-input\":{\"@type\":\"PropertyValueSpecification\",\"valueRequired\":true,\"valueName\":\"search_term_string\"}}],\"inLanguage\":\"lt-LT\"},{\"@type\":\"Organization\",\"@id\":\"https:\\\/\\\/ilkashop.lt\\\/#organization\",\"name\":\"Ilkashop.lt, papuo\u0161al\u0173 ir drabu\u017ei\u0173 elektronin\u0117 parduotuv\u0117\",\"url\":\"https:\\\/\\\/ilkashop.lt\\\/\",\"logo\":{\"@type\":\"ImageObject\",\"inLanguage\":\"lt-LT\",\"@id\":\"https:\\\/\\\/ilkashop.lt\\\/#\\\/schema\\\/logo\\\/image\\\/\",\"url\":\"https:\\\/\\\/ilkashop.lt\\\/wp-content\\\/uploads\\\/2025\\\/01\\\/cropped-ILKAADAMS-LOGO.png\",\"contentUrl\":\"https:\\\/\\\/ilkashop.lt\\\/wp-content\\\/uploads\\\/2025\\\/01\\\/cropped-ILKAADAMS-LOGO.png\",\"width\":244,\"height\":65,\"caption\":\"Ilkashop.lt, papuo\u0161al\u0173 ir drabu\u017ei\u0173 elektronin\u0117 parduotuv\u0117\"},\"image\":{\"@id\":\"https:\\\/\\\/ilkashop.lt\\\/#\\\/schema\\\/logo\\\/image\\\/\"}}]}<\/script>\n<!-- \/ Yoast SEO plugin. -->","yoast_head_json":{"title":"Dobilo lap\u0173 rinkinys su moisanitais deimantais - Ilkashop.lt, papuo\u0161al\u0173 ir drabu\u017ei\u0173 elektronin\u0117 parduotuv\u0117","description":"VVS1 D spalva moissanito deimantas po 2mm ir 3mm 925 prabos sidabrasSvoris 3-5gV\u0117rinys 45cm+5cmAuskarai smeigtukaiApyranke 16.5cm-21.5cm","robots":{"index":"index","follow":"follow","max-snippet":"max-snippet:-1","max-image-preview":"max-image-preview:large","max-video-preview":"max-video-preview:-1"},"canonical":"https:\/\/ilkashop.lt\/lt_lt\/product\/dobilo-lapu-rinkinys-su-moisanitais-deimantais\/","og_locale":"lt_LT","og_type":"article","og_title":"Dobilo lap\u0173 rinkinys su moisanitais deimantais - Ilkashop.lt, papuo\u0161al\u0173 ir drabu\u017ei\u0173 elektronin\u0117 parduotuv\u0117","og_description":"VVS1 D spalva moissanito deimantas po 2mm ir 3mm 925 prabos sidabrasSvoris 3-5gV\u0117rinys 45cm+5cmAuskarai smeigtukaiApyranke 16.5cm-21.5cm","og_url":"https:\/\/ilkashop.lt\/lt_lt\/product\/dobilo-lapu-rinkinys-su-moisanitais-deimantais\/","og_site_name":"Ilkashop.lt, papuo\u0161al\u0173 ir drabu\u017ei\u0173 elektronin\u0117 parduotuv\u0117","article_modified_time":"2025-03-10T07:36:14+00:00","og_image":[{"width":1179,"height":1158,"url":"https:\/\/ilkashop.lt\/wp-content\/uploads\/2025\/03\/\u201eWhatsApp-Atvaizdas-2025-03-03-12.54.38_af9de2f7.jpg","type":"image\/jpeg"}],"twitter_card":"summary_large_image","twitter_misc":{"Est. reading time":"1 minut\u0117"},"schema":{"@context":"https:\/\/schema.org","@graph":[{"@type":"WebPage","@id":"https:\/\/ilkashop.lt\/product\/dobilo-lapu-rinkinys-su-moisanitais-deimantais\/","url":"https:\/\/ilkashop.lt\/product\/dobilo-lapu-rinkinys-su-moisanitais-deimantais\/","name":"Dobilo lap\u0173 rinkinys su moisanitais deimantais - Ilkashop.lt, papuo\u0161al\u0173 ir drabu\u017ei\u0173 elektronin\u0117 parduotuv\u0117","isPartOf":{"@id":"https:\/\/ilkashop.lt\/#website"},"primaryImageOfPage":{"@id":"https:\/\/ilkashop.lt\/product\/dobilo-lapu-rinkinys-su-moisanitais-deimantais\/#primaryimage"},"image":{"@id":"https:\/\/ilkashop.lt\/product\/dobilo-lapu-rinkinys-su-moisanitais-deimantais\/#primaryimage"},"thumbnailUrl":"https:\/\/ilkashop.lt\/wp-content\/uploads\/2025\/03\/\u201eWhatsApp-Atvaizdas-2025-03-03-12.54.38_af9de2f7.jpg","datePublished":"2025-03-10T07:33:56+00:00","dateModified":"2025-03-10T07:36:14+00:00","description":"VVS1 D spalva moissanito deimantas po 2mm ir 3mm 925 prabos sidabrasSvoris 3-5gV\u0117rinys 45cm+5cmAuskarai smeigtukaiApyranke 16.5cm-21.5cm","breadcrumb":{"@id":"https:\/\/ilkashop.lt\/product\/dobilo-lapu-rinkinys-su-moisanitais-deimantais\/#breadcrumb"},"inLanguage":"lt-LT","potentialAction":[{"@type":"ReadAction","target":["https:\/\/ilkashop.lt\/product\/dobilo-lapu-rinkinys-su-moisanitais-deimantais\/"]}]},{"@type":"ImageObject","inLanguage":"lt-LT","@id":"https:\/\/ilkashop.lt\/product\/dobilo-lapu-rinkinys-su-moisanitais-deimantais\/#primaryimage","url":"https:\/\/ilkashop.lt\/wp-content\/uploads\/2025\/03\/\u201eWhatsApp-Atvaizdas-2025-03-03-12.54.38_af9de2f7.jpg","contentUrl":"https:\/\/ilkashop.lt\/wp-content\/uploads\/2025\/03\/\u201eWhatsApp-Atvaizdas-2025-03-03-12.54.38_af9de2f7.jpg","width":1179,"height":1158},{"@type":"BreadcrumbList","@id":"https:\/\/ilkashop.lt\/product\/dobilo-lapu-rinkinys-su-moisanitais-deimantais\/#breadcrumb","itemListElement":[{"@type":"ListItem","position":1,"name":"Home","item":"https:\/\/ilkashop.lt\/"},{"@type":"ListItem","position":2,"name":"Parduotuv\u0117","item":"https:\/\/ilkashop.lt\/parduotuve\/"},{"@type":"ListItem","position":3,"name":"Dobilo lap\u0173 rinkinys su moisanitais deimantais"}]},{"@type":"WebSite","@id":"https:\/\/ilkashop.lt\/#website","url":"https:\/\/ilkashop.lt\/","name":"Ilkashop.lt, papuo\u0161al\u0173 ir drabu\u017ei\u0173 elektronin\u0117 parduotuv\u0117","description":"","publisher":{"@id":"https:\/\/ilkashop.lt\/#organization"},"potentialAction":[{"@type":"SearchAction","target":{"@type":"EntryPoint","urlTemplate":"https:\/\/ilkashop.lt\/?s={search_term_string}"},"query-input":{"@type":"PropertyValueSpecification","valueRequired":true,"valueName":"search_term_string"}}],"inLanguage":"lt-LT"},{"@type":"Organization","@id":"https:\/\/ilkashop.lt\/#organization","name":"Ilkashop.lt, papuo\u0161al\u0173 ir drabu\u017ei\u0173 elektronin\u0117 parduotuv\u0117","url":"https:\/\/ilkashop.lt\/","logo":{"@type":"ImageObject","inLanguage":"lt-LT","@id":"https:\/\/ilkashop.lt\/#\/schema\/logo\/image\/","url":"https:\/\/ilkashop.lt\/wp-content\/uploads\/2025\/01\/cropped-ILKAADAMS-LOGO.png","contentUrl":"https:\/\/ilkashop.lt\/wp-content\/uploads\/2025\/01\/cropped-ILKAADAMS-LOGO.png","width":244,"height":65,"caption":"Ilkashop.lt, papuo\u0161al\u0173 ir drabu\u017ei\u0173 elektronin\u0117 parduotuv\u0117"},"image":{"@id":"https:\/\/ilkashop.lt\/#\/schema\/logo\/image\/"}}]}},"uagb_featured_image_src":{"full":["https:\/\/ilkashop.lt\/wp-content\/uploads\/2025\/03\/\u201eWhatsApp-Atvaizdas-2025-03-03-12.54.38_af9de2f7.jpg",1179,1158,false],"thumbnail":["https:\/\/ilkashop.lt\/wp-content\/uploads\/2025\/03\/\u201eWhatsApp-Atvaizdas-2025-03-03-12.54.38_af9de2f7-150x150.jpg",150,150,true],"medium":["https:\/\/ilkashop.lt\/wp-content\/uploads\/2025\/03\/\u201eWhatsApp-Atvaizdas-2025-03-03-12.54.38_af9de2f7-300x295.jpg",300,295,true],"medium_large":["https:\/\/ilkashop.lt\/wp-content\/uploads\/2025\/03\/\u201eWhatsApp-Atvaizdas-2025-03-03-12.54.38_af9de2f7-768x754.jpg",768,754,true],"large":["https:\/\/ilkashop.lt\/wp-content\/uploads\/2025\/03\/\u201eWhatsApp-Atvaizdas-2025-03-03-12.54.38_af9de2f7-1024x1006.jpg",1024,1006,true],"1536x1536":["https:\/\/ilkashop.lt\/wp-content\/uploads\/2025\/03\/\u201eWhatsApp-Atvaizdas-2025-03-03-12.54.38_af9de2f7.jpg",1179,1158,false],"2048x2048":["https:\/\/ilkashop.lt\/wp-content\/uploads\/2025\/03\/\u201eWhatsApp-Atvaizdas-2025-03-03-12.54.38_af9de2f7.jpg",1179,1158,false],"trp-custom-language-flag":["https:\/\/ilkashop.lt\/wp-content\/uploads\/2025\/03\/\u201eWhatsApp-Atvaizdas-2025-03-03-12.54.38_af9de2f7-12x12.jpg",12,12,true],"woocommerce_thumbnail":["https:\/\/ilkashop.lt\/wp-content\/uploads\/2025\/03\/\u201eWhatsApp-Atvaizdas-2025-03-03-12.54.38_af9de2f7-600x600.jpg",600,600,true],"woocommerce_single":["https:\/\/ilkashop.lt\/wp-content\/uploads\/2025\/03\/\u201eWhatsApp-Atvaizdas-2025-03-03-12.54.38_af9de2f7-600x589.jpg",600,589,true],"woocommerce_gallery_thumbnail":["https:\/\/ilkashop.lt\/wp-content\/uploads\/2025\/03\/\u201eWhatsApp-Atvaizdas-2025-03-03-12.54.38_af9de2f7-100x100.jpg",100,100,true]},"uagb_author_info":{"display_name":"Ilka Adams","author_link":"https:\/\/ilkashop.lt\/lt_lt\/author\/"},"uagb_comment_info":0,"uagb_excerpt":"VVS1 D spalva moissanito deimantas po 2mm ir 3mm 925 prabos sidabras Svoris 3-5g V\u0117rinys 45cm+5cm Auskarai smeigtukai Apyranke 16.5cm-21.5cm","_links":{"self":[{"href":"https:\/\/ilkashop.lt\/lt_lt\/wp-json\/wp\/v2\/product\/2948","targetHints":{"allow":["GET"]}}],"collection":[{"href":"https:\/\/ilkashop.lt\/lt_lt\/wp-json\/wp\/v2\/product"}],"about":[{"href":"https:\/\/ilkashop.lt\/lt_lt\/wp-json\/wp\/v2\/types\/product"}],"replies":[{"embeddable":true,"href":"https:\/\/ilkashop.lt\/lt_lt\/wp-json\/wp\/v2\/comments?post=2948"}],"wp:featuredmedia":[{"embeddable":true,"href":"https:\/\/ilkashop.lt\/lt_lt\/wp-json\/wp\/v2\/media\/2949"}],"wp:attachment":[{"href":"https:\/\/ilkashop.lt\/lt_lt\/wp-json\/wp\/v2\/media?parent=2948"}],"wp:term":[{"taxonomy":"product_brand","embeddable":true,"href":"https:\/\/ilkashop.lt\/lt_lt\/wp-json\/wp\/v2\/product_brand?post=2948"},{"taxonomy":"product_cat","embeddable":true,"href":"https:\/\/ilkashop.lt\/lt_lt\/wp-json\/wp\/v2\/product_cat?post=2948"},{"taxonomy":"product_tag","embeddable":true,"href":"https:\/\/ilkashop.lt\/lt_lt\/wp-json\/wp\/v2\/product_tag?post=2948"}],"curies":[{"name":"wp","href":"https:\/\/api.w.org\/{rel}","templated":true}]}}