{"id":2428,"date":"2025-02-11T07:22:03","date_gmt":"2025-02-11T07:22:03","guid":{"rendered":"https:\/\/ilkashop.lt\/?post_type=product&#038;p=2428"},"modified":"2025-02-11T07:22:03","modified_gmt":"2025-02-11T07:22:03","slug":"vvs1-apyranke%cc%87-su-moisanitais-po-2mm","status":"publish","type":"product","link":"https:\/\/ilkashop.lt\/lt_lt\/product\/vvs1-apyranke%cc%87-su-moisanitais-po-2mm\/","title":{"rendered":"VVS1 apyranke\u0307 su moisanitais po 2mm"},"content":{"rendered":"<p>Reguliuojama teniso apyranke (15,5cm+12cm)<br \/>\nApyrank\u0117s dyd\u012f galime pritaikyti pagal J\u016bs\u0173 poreikius.<br \/>\nVVS1 apyranke\u0307 su moisanitais po 2mm<br \/>\n925 prabos sidabras<br \/>\nPaauksuota 18K aukso<br \/>\nSpalv\u0173 pasirinkimas*Baltas *Geltonas *Ro\u017einis<\/p>\n<p>u\u017esakymas trunka apie tris savaites<\/p>\n","protected":false},"excerpt":{"rendered":"<p>Reguliuojama teniso apyranke (15,5cm+12cm)<br \/>\nApyrank\u0117s dyd\u012f galime pritaikyti pagal J\u016bs\u0173 poreikius.<br \/>\nVVS1 apyranke\u0307 su moisanitais po 2mm<br \/>\n925 prabos sidabras<\/p>\n","protected":false},"featured_media":2430,"comment_status":"open","ping_status":"closed","template":"","meta":{"_uag_custom_page_level_css":"","site-sidebar-layout":"default","site-content-layout":"","ast-site-content-layout":"default","site-content-style":"default","site-sidebar-style":"default","ast-global-header-display":"","ast-banner-title-visibility":"","ast-main-header-display":"","ast-hfb-above-header-display":"","ast-hfb-below-header-display":"","ast-hfb-mobile-header-display":"","site-post-title":"","ast-breadcrumbs-content":"","ast-featured-img":"","footer-sml-layout":"","ast-disable-related-posts":"","theme-transparent-header-meta":"default","adv-header-id-meta":"","stick-header-meta":"","header-above-stick-meta":"","header-main-stick-meta":"","header-below-stick-meta":"","astra-migrate-meta-layouts":"set","ast-page-background-enabled":"default","ast-page-background-meta":{"desktop":{"background-color":"var(--ast-global-color-4)","background-image":"","background-repeat":"repeat","background-position":"center center","background-size":"auto","background-attachment":"scroll","background-type":"","background-media":"","overlay-type":"","overlay-color":"","overlay-opacity":"","overlay-gradient":""},"tablet":{"background-color":"","background-image":"","background-repeat":"repeat","background-position":"center center","background-size":"auto","background-attachment":"scroll","background-type":"","background-media":"","overlay-type":"","overlay-color":"","overlay-opacity":"","overlay-gradient":""},"mobile":{"background-color":"","background-image":"","background-repeat":"repeat","background-position":"center center","background-size":"auto","background-attachment":"scroll","background-type":"","background-media":"","overlay-type":"","overlay-color":"","overlay-opacity":"","overlay-gradient":""}},"ast-content-background-meta":{"desktop":{"background-color":"var(--ast-global-color-5)","background-image":"","background-repeat":"repeat","background-position":"center center","background-size":"auto","background-attachment":"scroll","background-type":"","background-media":"","overlay-type":"","overlay-color":"","overlay-opacity":"","overlay-gradient":""},"tablet":{"background-color":"var(--ast-global-color-5)","background-image":"","background-repeat":"repeat","background-position":"center center","background-size":"auto","background-attachment":"scroll","background-type":"","background-media":"","overlay-type":"","overlay-color":"","overlay-opacity":"","overlay-gradient":""},"mobile":{"background-color":"var(--ast-global-color-5)","background-image":"","background-repeat":"repeat","background-position":"center center","background-size":"auto","background-attachment":"scroll","background-type":"","background-media":"","overlay-type":"","overlay-color":"","overlay-opacity":"","overlay-gradient":""}}},"product_brand":[],"product_cat":[37],"product_tag":[],"class_list":{"0":"post-2428","1":"product","2":"type-product","3":"status-publish","4":"has-post-thumbnail","6":"product_cat-apyrankes","7":"desktop-align-center","8":"tablet-align-center","9":"mobile-align-center","11":"first","12":"instock","13":"shipping-taxable","14":"purchasable","15":"product-type-variable"},"acf":[],"yoast_head":"<!-- This site is optimized with the Yoast SEO plugin v27.5 - https:\/\/yoast.com\/product\/yoast-seo-wordpress\/ -->\n<title>VVS1 apyranke\u0307 su moisanitais po 2mm - Ilkashop.lt, papuo\u0161al\u0173 ir drabu\u017ei\u0173 elektronin\u0117 parduotuv\u0117<\/title>\n<meta name=\"description\" content=\"Reguliuojama teniso apyranke (15,5cm+12cm)Apyrank\u0117s dyd\u012f galime pritaikyti pagal J\u016bs\u0173 poreikius.VVS1 apyranke\u0307 su moisanitais po 2mm925 prabos sidabrasPaauksuota 18K auksoSpalv\u0173 pasirinkimas*Baltas *Geltonas *Ro\u017einis\" \/>\n<meta name=\"robots\" content=\"index, follow, max-snippet:-1, max-image-preview:large, max-video-preview:-1\" \/>\n<link rel=\"canonical\" href=\"https:\/\/ilkashop.lt\/lt_lt\/product\/vvs1-apyranke\u0307-su-moisanitais-po-2mm\/\" \/>\n<meta property=\"og:locale\" content=\"lt_LT\" \/>\n<meta property=\"og:type\" content=\"article\" \/>\n<meta property=\"og:title\" content=\"VVS1 apyranke\u0307 su moisanitais po 2mm - Ilkashop.lt, papuo\u0161al\u0173 ir drabu\u017ei\u0173 elektronin\u0117 parduotuv\u0117\" \/>\n<meta property=\"og:description\" content=\"Reguliuojama teniso apyranke (15,5cm+12cm)Apyrank\u0117s dyd\u012f galime pritaikyti pagal J\u016bs\u0173 poreikius.VVS1 apyranke\u0307 su moisanitais po 2mm925 prabos sidabrasPaauksuota 18K auksoSpalv\u0173 pasirinkimas*Baltas *Geltonas *Ro\u017einis\" \/>\n<meta property=\"og:url\" content=\"https:\/\/ilkashop.lt\/lt_lt\/product\/vvs1-apyranke\u0307-su-moisanitais-po-2mm\/\" \/>\n<meta property=\"og:site_name\" content=\"Ilkashop.lt, papuo\u0161al\u0173 ir drabu\u017ei\u0173 elektronin\u0117 parduotuv\u0117\" \/>\n<meta property=\"og:image\" content=\"https:\/\/ilkashop.lt\/wp-content\/uploads\/2025\/02\/\u201eWhatsApp-Atvaizdas-2025-02-09-07.34.19_842cbbc3.jpg\" \/>\n\t<meta property=\"og:image:width\" content=\"1179\" \/>\n\t<meta property=\"og:image:height\" content=\"571\" \/>\n\t<meta property=\"og:image:type\" content=\"image\/jpeg\" \/>\n<meta name=\"twitter:card\" content=\"summary_large_image\" \/>\n<meta name=\"twitter:label1\" content=\"Est. reading time\" \/>\n\t<meta name=\"twitter:data1\" content=\"1 minut\u0117\" \/>\n<script type=\"application\/ld+json\" class=\"yoast-schema-graph\">{\"@context\":\"https:\\\/\\\/schema.org\",\"@graph\":[{\"@type\":\"WebPage\",\"@id\":\"https:\\\/\\\/ilkashop.lt\\\/product\\\/vvs1-apyranke%cc%87-su-moisanitais-po-2mm\\\/\",\"url\":\"https:\\\/\\\/ilkashop.lt\\\/product\\\/vvs1-apyranke%cc%87-su-moisanitais-po-2mm\\\/\",\"name\":\"VVS1 apyranke\u0307 su moisanitais po 2mm - Ilkashop.lt, papuo\u0161al\u0173 ir drabu\u017ei\u0173 elektronin\u0117 parduotuv\u0117\",\"isPartOf\":{\"@id\":\"https:\\\/\\\/ilkashop.lt\\\/#website\"},\"primaryImageOfPage\":{\"@id\":\"https:\\\/\\\/ilkashop.lt\\\/product\\\/vvs1-apyranke%cc%87-su-moisanitais-po-2mm\\\/#primaryimage\"},\"image\":{\"@id\":\"https:\\\/\\\/ilkashop.lt\\\/product\\\/vvs1-apyranke%cc%87-su-moisanitais-po-2mm\\\/#primaryimage\"},\"thumbnailUrl\":\"https:\\\/\\\/ilkashop.lt\\\/wp-content\\\/uploads\\\/2025\\\/02\\\/\u201eWhatsApp-Atvaizdas-2025-02-09-07.34.19_842cbbc3.jpg\",\"datePublished\":\"2025-02-11T07:22:03+00:00\",\"description\":\"Reguliuojama teniso apyranke (15,5cm+12cm)Apyrank\u0117s dyd\u012f galime pritaikyti pagal J\u016bs\u0173 poreikius.VVS1 apyranke\u0307 su moisanitais po 2mm925 prabos sidabrasPaauksuota 18K auksoSpalv\u0173 pasirinkimas*Baltas *Geltonas *Ro\u017einis\",\"breadcrumb\":{\"@id\":\"https:\\\/\\\/ilkashop.lt\\\/product\\\/vvs1-apyranke%cc%87-su-moisanitais-po-2mm\\\/#breadcrumb\"},\"inLanguage\":\"lt-LT\",\"potentialAction\":[{\"@type\":\"ReadAction\",\"target\":[\"https:\\\/\\\/ilkashop.lt\\\/product\\\/vvs1-apyranke%cc%87-su-moisanitais-po-2mm\\\/\"]}]},{\"@type\":\"ImageObject\",\"inLanguage\":\"lt-LT\",\"@id\":\"https:\\\/\\\/ilkashop.lt\\\/product\\\/vvs1-apyranke%cc%87-su-moisanitais-po-2mm\\\/#primaryimage\",\"url\":\"https:\\\/\\\/ilkashop.lt\\\/wp-content\\\/uploads\\\/2025\\\/02\\\/\u201eWhatsApp-Atvaizdas-2025-02-09-07.34.19_842cbbc3.jpg\",\"contentUrl\":\"https:\\\/\\\/ilkashop.lt\\\/wp-content\\\/uploads\\\/2025\\\/02\\\/\u201eWhatsApp-Atvaizdas-2025-02-09-07.34.19_842cbbc3.jpg\",\"width\":1179,\"height\":571},{\"@type\":\"BreadcrumbList\",\"@id\":\"https:\\\/\\\/ilkashop.lt\\\/product\\\/vvs1-apyranke%cc%87-su-moisanitais-po-2mm\\\/#breadcrumb\",\"itemListElement\":[{\"@type\":\"ListItem\",\"position\":1,\"name\":\"Home\",\"item\":\"https:\\\/\\\/ilkashop.lt\\\/\"},{\"@type\":\"ListItem\",\"position\":2,\"name\":\"Parduotuv\u0117\",\"item\":\"https:\\\/\\\/ilkashop.lt\\\/parduotuve\\\/\"},{\"@type\":\"ListItem\",\"position\":3,\"name\":\"VVS1 apyranke\u0307 su moisanitais po 2mm\"}]},{\"@type\":\"WebSite\",\"@id\":\"https:\\\/\\\/ilkashop.lt\\\/#website\",\"url\":\"https:\\\/\\\/ilkashop.lt\\\/\",\"name\":\"Ilkashop.lt, papuo\u0161al\u0173 ir drabu\u017ei\u0173 elektronin\u0117 parduotuv\u0117\",\"description\":\"\",\"publisher\":{\"@id\":\"https:\\\/\\\/ilkashop.lt\\\/#organization\"},\"potentialAction\":[{\"@type\":\"SearchAction\",\"target\":{\"@type\":\"EntryPoint\",\"urlTemplate\":\"https:\\\/\\\/ilkashop.lt\\\/?s={search_term_string}\"},\"query-input\":{\"@type\":\"PropertyValueSpecification\",\"valueRequired\":true,\"valueName\":\"search_term_string\"}}],\"inLanguage\":\"lt-LT\"},{\"@type\":\"Organization\",\"@id\":\"https:\\\/\\\/ilkashop.lt\\\/#organization\",\"name\":\"Ilkashop.lt, papuo\u0161al\u0173 ir drabu\u017ei\u0173 elektronin\u0117 parduotuv\u0117\",\"url\":\"https:\\\/\\\/ilkashop.lt\\\/\",\"logo\":{\"@type\":\"ImageObject\",\"inLanguage\":\"lt-LT\",\"@id\":\"https:\\\/\\\/ilkashop.lt\\\/#\\\/schema\\\/logo\\\/image\\\/\",\"url\":\"https:\\\/\\\/ilkashop.lt\\\/wp-content\\\/uploads\\\/2025\\\/01\\\/cropped-ILKAADAMS-LOGO.png\",\"contentUrl\":\"https:\\\/\\\/ilkashop.lt\\\/wp-content\\\/uploads\\\/2025\\\/01\\\/cropped-ILKAADAMS-LOGO.png\",\"width\":244,\"height\":65,\"caption\":\"Ilkashop.lt, papuo\u0161al\u0173 ir drabu\u017ei\u0173 elektronin\u0117 parduotuv\u0117\"},\"image\":{\"@id\":\"https:\\\/\\\/ilkashop.lt\\\/#\\\/schema\\\/logo\\\/image\\\/\"}}]}<\/script>\n<!-- \/ Yoast SEO plugin. -->","yoast_head_json":{"title":"VVS1 apyranke\u0307 su moisanitais po 2mm - Ilkashop.lt, papuo\u0161al\u0173 ir drabu\u017ei\u0173 elektronin\u0117 parduotuv\u0117","description":"Reguliuojama teniso apyranke (15,5cm+12cm)Apyrank\u0117s dyd\u012f galime pritaikyti pagal J\u016bs\u0173 poreikius.VVS1 apyranke\u0307 su moisanitais po 2mm925 prabos sidabrasPaauksuota 18K auksoSpalv\u0173 pasirinkimas*Baltas *Geltonas *Ro\u017einis","robots":{"index":"index","follow":"follow","max-snippet":"max-snippet:-1","max-image-preview":"max-image-preview:large","max-video-preview":"max-video-preview:-1"},"canonical":"https:\/\/ilkashop.lt\/lt_lt\/product\/vvs1-apyranke\u0307-su-moisanitais-po-2mm\/","og_locale":"lt_LT","og_type":"article","og_title":"VVS1 apyranke\u0307 su moisanitais po 2mm - Ilkashop.lt, papuo\u0161al\u0173 ir drabu\u017ei\u0173 elektronin\u0117 parduotuv\u0117","og_description":"Reguliuojama teniso apyranke (15,5cm+12cm)Apyrank\u0117s dyd\u012f galime pritaikyti pagal J\u016bs\u0173 poreikius.VVS1 apyranke\u0307 su moisanitais po 2mm925 prabos sidabrasPaauksuota 18K auksoSpalv\u0173 pasirinkimas*Baltas *Geltonas *Ro\u017einis","og_url":"https:\/\/ilkashop.lt\/lt_lt\/product\/vvs1-apyranke\u0307-su-moisanitais-po-2mm\/","og_site_name":"Ilkashop.lt, papuo\u0161al\u0173 ir drabu\u017ei\u0173 elektronin\u0117 parduotuv\u0117","og_image":[{"width":1179,"height":571,"url":"https:\/\/ilkashop.lt\/wp-content\/uploads\/2025\/02\/\u201eWhatsApp-Atvaizdas-2025-02-09-07.34.19_842cbbc3.jpg","type":"image\/jpeg"}],"twitter_card":"summary_large_image","twitter_misc":{"Est. reading time":"1 minut\u0117"},"schema":{"@context":"https:\/\/schema.org","@graph":[{"@type":"WebPage","@id":"https:\/\/ilkashop.lt\/product\/vvs1-apyranke%cc%87-su-moisanitais-po-2mm\/","url":"https:\/\/ilkashop.lt\/product\/vvs1-apyranke%cc%87-su-moisanitais-po-2mm\/","name":"VVS1 apyranke\u0307 su moisanitais po 2mm - Ilkashop.lt, papuo\u0161al\u0173 ir drabu\u017ei\u0173 elektronin\u0117 parduotuv\u0117","isPartOf":{"@id":"https:\/\/ilkashop.lt\/#website"},"primaryImageOfPage":{"@id":"https:\/\/ilkashop.lt\/product\/vvs1-apyranke%cc%87-su-moisanitais-po-2mm\/#primaryimage"},"image":{"@id":"https:\/\/ilkashop.lt\/product\/vvs1-apyranke%cc%87-su-moisanitais-po-2mm\/#primaryimage"},"thumbnailUrl":"https:\/\/ilkashop.lt\/wp-content\/uploads\/2025\/02\/\u201eWhatsApp-Atvaizdas-2025-02-09-07.34.19_842cbbc3.jpg","datePublished":"2025-02-11T07:22:03+00:00","description":"Reguliuojama teniso apyranke (15,5cm+12cm)Apyrank\u0117s dyd\u012f galime pritaikyti pagal J\u016bs\u0173 poreikius.VVS1 apyranke\u0307 su moisanitais po 2mm925 prabos sidabrasPaauksuota 18K auksoSpalv\u0173 pasirinkimas*Baltas *Geltonas *Ro\u017einis","breadcrumb":{"@id":"https:\/\/ilkashop.lt\/product\/vvs1-apyranke%cc%87-su-moisanitais-po-2mm\/#breadcrumb"},"inLanguage":"lt-LT","potentialAction":[{"@type":"ReadAction","target":["https:\/\/ilkashop.lt\/product\/vvs1-apyranke%cc%87-su-moisanitais-po-2mm\/"]}]},{"@type":"ImageObject","inLanguage":"lt-LT","@id":"https:\/\/ilkashop.lt\/product\/vvs1-apyranke%cc%87-su-moisanitais-po-2mm\/#primaryimage","url":"https:\/\/ilkashop.lt\/wp-content\/uploads\/2025\/02\/\u201eWhatsApp-Atvaizdas-2025-02-09-07.34.19_842cbbc3.jpg","contentUrl":"https:\/\/ilkashop.lt\/wp-content\/uploads\/2025\/02\/\u201eWhatsApp-Atvaizdas-2025-02-09-07.34.19_842cbbc3.jpg","width":1179,"height":571},{"@type":"BreadcrumbList","@id":"https:\/\/ilkashop.lt\/product\/vvs1-apyranke%cc%87-su-moisanitais-po-2mm\/#breadcrumb","itemListElement":[{"@type":"ListItem","position":1,"name":"Home","item":"https:\/\/ilkashop.lt\/"},{"@type":"ListItem","position":2,"name":"Parduotuv\u0117","item":"https:\/\/ilkashop.lt\/parduotuve\/"},{"@type":"ListItem","position":3,"name":"VVS1 apyranke\u0307 su moisanitais po 2mm"}]},{"@type":"WebSite","@id":"https:\/\/ilkashop.lt\/#website","url":"https:\/\/ilkashop.lt\/","name":"Ilkashop.lt, papuo\u0161al\u0173 ir drabu\u017ei\u0173 elektronin\u0117 parduotuv\u0117","description":"","publisher":{"@id":"https:\/\/ilkashop.lt\/#organization"},"potentialAction":[{"@type":"SearchAction","target":{"@type":"EntryPoint","urlTemplate":"https:\/\/ilkashop.lt\/?s={search_term_string}"},"query-input":{"@type":"PropertyValueSpecification","valueRequired":true,"valueName":"search_term_string"}}],"inLanguage":"lt-LT"},{"@type":"Organization","@id":"https:\/\/ilkashop.lt\/#organization","name":"Ilkashop.lt, papuo\u0161al\u0173 ir drabu\u017ei\u0173 elektronin\u0117 parduotuv\u0117","url":"https:\/\/ilkashop.lt\/","logo":{"@type":"ImageObject","inLanguage":"lt-LT","@id":"https:\/\/ilkashop.lt\/#\/schema\/logo\/image\/","url":"https:\/\/ilkashop.lt\/wp-content\/uploads\/2025\/01\/cropped-ILKAADAMS-LOGO.png","contentUrl":"https:\/\/ilkashop.lt\/wp-content\/uploads\/2025\/01\/cropped-ILKAADAMS-LOGO.png","width":244,"height":65,"caption":"Ilkashop.lt, papuo\u0161al\u0173 ir drabu\u017ei\u0173 elektronin\u0117 parduotuv\u0117"},"image":{"@id":"https:\/\/ilkashop.lt\/#\/schema\/logo\/image\/"}}]}},"uagb_featured_image_src":{"full":["https:\/\/ilkashop.lt\/wp-content\/uploads\/2025\/02\/\u201eWhatsApp-Atvaizdas-2025-02-09-07.34.19_842cbbc3.jpg",1179,571,false],"thumbnail":["https:\/\/ilkashop.lt\/wp-content\/uploads\/2025\/02\/\u201eWhatsApp-Atvaizdas-2025-02-09-07.34.19_842cbbc3-150x150.jpg",150,150,true],"medium":["https:\/\/ilkashop.lt\/wp-content\/uploads\/2025\/02\/\u201eWhatsApp-Atvaizdas-2025-02-09-07.34.19_842cbbc3-300x145.jpg",300,145,true],"medium_large":["https:\/\/ilkashop.lt\/wp-content\/uploads\/2025\/02\/\u201eWhatsApp-Atvaizdas-2025-02-09-07.34.19_842cbbc3-768x372.jpg",768,372,true],"large":["https:\/\/ilkashop.lt\/wp-content\/uploads\/2025\/02\/\u201eWhatsApp-Atvaizdas-2025-02-09-07.34.19_842cbbc3-1024x496.jpg",1024,496,true],"1536x1536":["https:\/\/ilkashop.lt\/wp-content\/uploads\/2025\/02\/\u201eWhatsApp-Atvaizdas-2025-02-09-07.34.19_842cbbc3.jpg",1179,571,false],"2048x2048":["https:\/\/ilkashop.lt\/wp-content\/uploads\/2025\/02\/\u201eWhatsApp-Atvaizdas-2025-02-09-07.34.19_842cbbc3.jpg",1179,571,false],"trp-custom-language-flag":["https:\/\/ilkashop.lt\/wp-content\/uploads\/2025\/02\/\u201eWhatsApp-Atvaizdas-2025-02-09-07.34.19_842cbbc3-18x9.jpg",18,9,true],"woocommerce_thumbnail":["https:\/\/ilkashop.lt\/wp-content\/uploads\/2025\/02\/\u201eWhatsApp-Atvaizdas-2025-02-09-07.34.19_842cbbc3-600x571.jpg",600,571,true],"woocommerce_single":["https:\/\/ilkashop.lt\/wp-content\/uploads\/2025\/02\/\u201eWhatsApp-Atvaizdas-2025-02-09-07.34.19_842cbbc3-600x291.jpg",600,291,true],"woocommerce_gallery_thumbnail":["https:\/\/ilkashop.lt\/wp-content\/uploads\/2025\/02\/\u201eWhatsApp-Atvaizdas-2025-02-09-07.34.19_842cbbc3-100x100.jpg",100,100,true]},"uagb_author_info":{"display_name":"Ilka Adams","author_link":"https:\/\/ilkashop.lt\/lt_lt\/author\/"},"uagb_comment_info":0,"uagb_excerpt":"Reguliuojama teniso apyranke (15,5cm+12cm) Apyrank\u0117s dyd\u012f galime pritaikyti pagal J\u016bs\u0173 poreikius. VVS1 apyranke\u0307 su moisanitais po 2mm 925 prabos sidabras","_links":{"self":[{"href":"https:\/\/ilkashop.lt\/lt_lt\/wp-json\/wp\/v2\/product\/2428","targetHints":{"allow":["GET"]}}],"collection":[{"href":"https:\/\/ilkashop.lt\/lt_lt\/wp-json\/wp\/v2\/product"}],"about":[{"href":"https:\/\/ilkashop.lt\/lt_lt\/wp-json\/wp\/v2\/types\/product"}],"replies":[{"embeddable":true,"href":"https:\/\/ilkashop.lt\/lt_lt\/wp-json\/wp\/v2\/comments?post=2428"}],"wp:featuredmedia":[{"embeddable":true,"href":"https:\/\/ilkashop.lt\/lt_lt\/wp-json\/wp\/v2\/media\/2430"}],"wp:attachment":[{"href":"https:\/\/ilkashop.lt\/lt_lt\/wp-json\/wp\/v2\/media?parent=2428"}],"wp:term":[{"taxonomy":"product_brand","embeddable":true,"href":"https:\/\/ilkashop.lt\/lt_lt\/wp-json\/wp\/v2\/product_brand?post=2428"},{"taxonomy":"product_cat","embeddable":true,"href":"https:\/\/ilkashop.lt\/lt_lt\/wp-json\/wp\/v2\/product_cat?post=2428"},{"taxonomy":"product_tag","embeddable":true,"href":"https:\/\/ilkashop.lt\/lt_lt\/wp-json\/wp\/v2\/product_tag?post=2428"}],"curies":[{"name":"wp","href":"https:\/\/api.w.org\/{rel}","templated":true}]}}