{"id":2364,"date":"2025-02-10T14:54:31","date_gmt":"2025-02-10T14:54:31","guid":{"rendered":"https:\/\/ilkashop.lt\/?post_type=product&#038;p=2364"},"modified":"2026-04-24T05:02:01","modified_gmt":"2026-04-24T05:02:01","slug":"tennis-apyranke%cc%87-su-juodaisiais-moisanitais","status":"publish","type":"product","link":"https:\/\/ilkashop.lt\/lt_lt\/product\/tennis-apyranke%cc%87-su-juodaisiais-moisanitais\/","title":{"rendered":"Tennis apyranke\u0307 su juodaisiais moisanitais"},"content":{"rendered":"<p>U\u017esakymas u\u017etrunka apie trys savaites<\/p>\n","protected":false},"excerpt":{"rendered":"<p>S\u030cvarumas VVS1, spalva D,<br \/>\n925 prabos sidabras<br \/>\nSpalv\u0173 pasirinkimas: *sidabras *geltonas<br \/>\nIlgis 16cm, 17cm, 18cm, 20cm<\/p>\n","protected":false},"featured_media":2365,"comment_status":"open","ping_status":"closed","template":"","meta":{"_uag_custom_page_level_css":"","site-sidebar-layout":"default","site-content-layout":"","ast-site-content-layout":"default","site-content-style":"default","site-sidebar-style":"default","ast-global-header-display":"","ast-banner-title-visibility":"","ast-main-header-display":"","ast-hfb-above-header-display":"","ast-hfb-below-header-display":"","ast-hfb-mobile-header-display":"","site-post-title":"","ast-breadcrumbs-content":"","ast-featured-img":"","footer-sml-layout":"","ast-disable-related-posts":"","theme-transparent-header-meta":"default","adv-header-id-meta":"","stick-header-meta":"","header-above-stick-meta":"","header-main-stick-meta":"","header-below-stick-meta":"","astra-migrate-meta-layouts":"set","ast-page-background-enabled":"default","ast-page-background-meta":{"desktop":{"background-color":"var(--ast-global-color-4)","background-image":"","background-repeat":"repeat","background-position":"center center","background-size":"auto","background-attachment":"scroll","background-type":"","background-media":"","overlay-type":"","overlay-color":"","overlay-opacity":"","overlay-gradient":""},"tablet":{"background-color":"","background-image":"","background-repeat":"repeat","background-position":"center center","background-size":"auto","background-attachment":"scroll","background-type":"","background-media":"","overlay-type":"","overlay-color":"","overlay-opacity":"","overlay-gradient":""},"mobile":{"background-color":"","background-image":"","background-repeat":"repeat","background-position":"center center","background-size":"auto","background-attachment":"scroll","background-type":"","background-media":"","overlay-type":"","overlay-color":"","overlay-opacity":"","overlay-gradient":""}},"ast-content-background-meta":{"desktop":{"background-color":"var(--ast-global-color-5)","background-image":"","background-repeat":"repeat","background-position":"center center","background-size":"auto","background-attachment":"scroll","background-type":"","background-media":"","overlay-type":"","overlay-color":"","overlay-opacity":"","overlay-gradient":""},"tablet":{"background-color":"var(--ast-global-color-5)","background-image":"","background-repeat":"repeat","background-position":"center center","background-size":"auto","background-attachment":"scroll","background-type":"","background-media":"","overlay-type":"","overlay-color":"","overlay-opacity":"","overlay-gradient":""},"mobile":{"background-color":"var(--ast-global-color-5)","background-image":"","background-repeat":"repeat","background-position":"center center","background-size":"auto","background-attachment":"scroll","background-type":"","background-media":"","overlay-type":"","overlay-color":"","overlay-opacity":"","overlay-gradient":""}}},"product_brand":[],"product_cat":[37],"product_tag":[],"class_list":{"0":"post-2364","1":"product","2":"type-product","3":"status-publish","4":"has-post-thumbnail","6":"product_cat-apyrankes","7":"desktop-align-center","8":"tablet-align-center","9":"mobile-align-center","11":"first","12":"instock","13":"shipping-taxable","14":"purchasable","15":"product-type-variable"},"acf":[],"yoast_head":"<!-- This site is optimized with the Yoast SEO plugin v27.5 - https:\/\/yoast.com\/product\/yoast-seo-wordpress\/ -->\n<title>Tennis apyranke\u0307 su juodaisiais moisanitais - Ilkashop.lt, papuo\u0161al\u0173 ir drabu\u017ei\u0173 elektronin\u0117 parduotuv\u0117<\/title>\n<meta name=\"robots\" content=\"index, follow, max-snippet:-1, max-image-preview:large, max-video-preview:-1\" \/>\n<link rel=\"canonical\" href=\"https:\/\/ilkashop.lt\/lt_lt\/product\/tennis-apyranke\u0307-su-juodaisiais-moisanitais\/\" \/>\n<meta property=\"og:locale\" content=\"lt_LT\" \/>\n<meta property=\"og:type\" content=\"article\" \/>\n<meta property=\"og:title\" content=\"Tennis apyranke\u0307 su juodaisiais moisanitais - Ilkashop.lt, papuo\u0161al\u0173 ir drabu\u017ei\u0173 elektronin\u0117 parduotuv\u0117\" \/>\n<meta property=\"og:description\" content=\"S\u030cvarumas VVS1, spalva D, 925 prabos sidabras Spalv\u0173 pasirinkimas: *sidabras *geltonas Ilgis 16cm, 17cm, 18cm, 20cm\" \/>\n<meta property=\"og:url\" content=\"https:\/\/ilkashop.lt\/lt_lt\/product\/tennis-apyranke\u0307-su-juodaisiais-moisanitais\/\" \/>\n<meta property=\"og:site_name\" content=\"Ilkashop.lt, papuo\u0161al\u0173 ir drabu\u017ei\u0173 elektronin\u0117 parduotuv\u0117\" \/>\n<meta property=\"article:modified_time\" content=\"2026-04-24T05:02:01+00:00\" \/>\n<meta property=\"og:image\" content=\"https:\/\/ilkashop.lt\/wp-content\/uploads\/2025\/02\/WhatsApp-Image-2025-02-09-at-06.45.37_5c2d5a68.jpg\" \/>\n\t<meta property=\"og:image:width\" content=\"1179\" \/>\n\t<meta property=\"og:image:height\" content=\"804\" \/>\n\t<meta property=\"og:image:type\" content=\"image\/jpeg\" \/>\n<meta name=\"twitter:card\" content=\"summary_large_image\" \/>\n<meta name=\"twitter:label1\" content=\"Est. reading time\" \/>\n\t<meta name=\"twitter:data1\" content=\"1 minut\u0117\" \/>\n<script type=\"application\/ld+json\" class=\"yoast-schema-graph\">{\"@context\":\"https:\\\/\\\/schema.org\",\"@graph\":[{\"@type\":\"WebPage\",\"@id\":\"https:\\\/\\\/ilkashop.lt\\\/product\\\/tennis-apyranke%cc%87-su-juodaisiais-moisanitais\\\/\",\"url\":\"https:\\\/\\\/ilkashop.lt\\\/product\\\/tennis-apyranke%cc%87-su-juodaisiais-moisanitais\\\/\",\"name\":\"Tennis apyranke\u0307 su juodaisiais moisanitais - Ilkashop.lt, papuo\u0161al\u0173 ir drabu\u017ei\u0173 elektronin\u0117 parduotuv\u0117\",\"isPartOf\":{\"@id\":\"https:\\\/\\\/ilkashop.lt\\\/#website\"},\"primaryImageOfPage\":{\"@id\":\"https:\\\/\\\/ilkashop.lt\\\/product\\\/tennis-apyranke%cc%87-su-juodaisiais-moisanitais\\\/#primaryimage\"},\"image\":{\"@id\":\"https:\\\/\\\/ilkashop.lt\\\/product\\\/tennis-apyranke%cc%87-su-juodaisiais-moisanitais\\\/#primaryimage\"},\"thumbnailUrl\":\"https:\\\/\\\/ilkashop.lt\\\/wp-content\\\/uploads\\\/2025\\\/02\\\/WhatsApp-Image-2025-02-09-at-06.45.37_5c2d5a68.jpg\",\"datePublished\":\"2025-02-10T14:54:31+00:00\",\"dateModified\":\"2026-04-24T05:02:01+00:00\",\"breadcrumb\":{\"@id\":\"https:\\\/\\\/ilkashop.lt\\\/product\\\/tennis-apyranke%cc%87-su-juodaisiais-moisanitais\\\/#breadcrumb\"},\"inLanguage\":\"lt-LT\",\"potentialAction\":[{\"@type\":\"ReadAction\",\"target\":[\"https:\\\/\\\/ilkashop.lt\\\/product\\\/tennis-apyranke%cc%87-su-juodaisiais-moisanitais\\\/\"]}]},{\"@type\":\"ImageObject\",\"inLanguage\":\"lt-LT\",\"@id\":\"https:\\\/\\\/ilkashop.lt\\\/product\\\/tennis-apyranke%cc%87-su-juodaisiais-moisanitais\\\/#primaryimage\",\"url\":\"https:\\\/\\\/ilkashop.lt\\\/wp-content\\\/uploads\\\/2025\\\/02\\\/WhatsApp-Image-2025-02-09-at-06.45.37_5c2d5a68.jpg\",\"contentUrl\":\"https:\\\/\\\/ilkashop.lt\\\/wp-content\\\/uploads\\\/2025\\\/02\\\/WhatsApp-Image-2025-02-09-at-06.45.37_5c2d5a68.jpg\",\"width\":1179,\"height\":804},{\"@type\":\"BreadcrumbList\",\"@id\":\"https:\\\/\\\/ilkashop.lt\\\/product\\\/tennis-apyranke%cc%87-su-juodaisiais-moisanitais\\\/#breadcrumb\",\"itemListElement\":[{\"@type\":\"ListItem\",\"position\":1,\"name\":\"Home\",\"item\":\"https:\\\/\\\/ilkashop.lt\\\/\"},{\"@type\":\"ListItem\",\"position\":2,\"name\":\"Parduotuv\u0117\",\"item\":\"https:\\\/\\\/ilkashop.lt\\\/parduotuve\\\/\"},{\"@type\":\"ListItem\",\"position\":3,\"name\":\"Tennis apyranke\u0307 su juodaisiais moisanitais\"}]},{\"@type\":\"WebSite\",\"@id\":\"https:\\\/\\\/ilkashop.lt\\\/#website\",\"url\":\"https:\\\/\\\/ilkashop.lt\\\/\",\"name\":\"Ilkashop.lt, papuo\u0161al\u0173 ir drabu\u017ei\u0173 elektronin\u0117 parduotuv\u0117\",\"description\":\"\",\"publisher\":{\"@id\":\"https:\\\/\\\/ilkashop.lt\\\/#organization\"},\"potentialAction\":[{\"@type\":\"SearchAction\",\"target\":{\"@type\":\"EntryPoint\",\"urlTemplate\":\"https:\\\/\\\/ilkashop.lt\\\/?s={search_term_string}\"},\"query-input\":{\"@type\":\"PropertyValueSpecification\",\"valueRequired\":true,\"valueName\":\"search_term_string\"}}],\"inLanguage\":\"lt-LT\"},{\"@type\":\"Organization\",\"@id\":\"https:\\\/\\\/ilkashop.lt\\\/#organization\",\"name\":\"Ilkashop.lt, papuo\u0161al\u0173 ir drabu\u017ei\u0173 elektronin\u0117 parduotuv\u0117\",\"url\":\"https:\\\/\\\/ilkashop.lt\\\/\",\"logo\":{\"@type\":\"ImageObject\",\"inLanguage\":\"lt-LT\",\"@id\":\"https:\\\/\\\/ilkashop.lt\\\/#\\\/schema\\\/logo\\\/image\\\/\",\"url\":\"https:\\\/\\\/ilkashop.lt\\\/wp-content\\\/uploads\\\/2025\\\/01\\\/cropped-ILKAADAMS-LOGO.png\",\"contentUrl\":\"https:\\\/\\\/ilkashop.lt\\\/wp-content\\\/uploads\\\/2025\\\/01\\\/cropped-ILKAADAMS-LOGO.png\",\"width\":244,\"height\":65,\"caption\":\"Ilkashop.lt, papuo\u0161al\u0173 ir drabu\u017ei\u0173 elektronin\u0117 parduotuv\u0117\"},\"image\":{\"@id\":\"https:\\\/\\\/ilkashop.lt\\\/#\\\/schema\\\/logo\\\/image\\\/\"}}]}<\/script>\n<!-- \/ Yoast SEO plugin. -->","yoast_head_json":{"title":"Tennis apyranke\u0307 su juodaisiais moisanitais - Ilkashop.lt, papuo\u0161al\u0173 ir drabu\u017ei\u0173 elektronin\u0117 parduotuv\u0117","robots":{"index":"index","follow":"follow","max-snippet":"max-snippet:-1","max-image-preview":"max-image-preview:large","max-video-preview":"max-video-preview:-1"},"canonical":"https:\/\/ilkashop.lt\/lt_lt\/product\/tennis-apyranke\u0307-su-juodaisiais-moisanitais\/","og_locale":"lt_LT","og_type":"article","og_title":"Tennis apyranke\u0307 su juodaisiais moisanitais - Ilkashop.lt, papuo\u0161al\u0173 ir drabu\u017ei\u0173 elektronin\u0117 parduotuv\u0117","og_description":"S\u030cvarumas VVS1, spalva D, 925 prabos sidabras Spalv\u0173 pasirinkimas: *sidabras *geltonas Ilgis 16cm, 17cm, 18cm, 20cm","og_url":"https:\/\/ilkashop.lt\/lt_lt\/product\/tennis-apyranke\u0307-su-juodaisiais-moisanitais\/","og_site_name":"Ilkashop.lt, papuo\u0161al\u0173 ir drabu\u017ei\u0173 elektronin\u0117 parduotuv\u0117","article_modified_time":"2026-04-24T05:02:01+00:00","og_image":[{"width":1179,"height":804,"url":"https:\/\/ilkashop.lt\/wp-content\/uploads\/2025\/02\/WhatsApp-Image-2025-02-09-at-06.45.37_5c2d5a68.jpg","type":"image\/jpeg"}],"twitter_card":"summary_large_image","twitter_misc":{"Est. reading time":"1 minut\u0117"},"schema":{"@context":"https:\/\/schema.org","@graph":[{"@type":"WebPage","@id":"https:\/\/ilkashop.lt\/product\/tennis-apyranke%cc%87-su-juodaisiais-moisanitais\/","url":"https:\/\/ilkashop.lt\/product\/tennis-apyranke%cc%87-su-juodaisiais-moisanitais\/","name":"Tennis apyranke\u0307 su juodaisiais moisanitais - Ilkashop.lt, papuo\u0161al\u0173 ir drabu\u017ei\u0173 elektronin\u0117 parduotuv\u0117","isPartOf":{"@id":"https:\/\/ilkashop.lt\/#website"},"primaryImageOfPage":{"@id":"https:\/\/ilkashop.lt\/product\/tennis-apyranke%cc%87-su-juodaisiais-moisanitais\/#primaryimage"},"image":{"@id":"https:\/\/ilkashop.lt\/product\/tennis-apyranke%cc%87-su-juodaisiais-moisanitais\/#primaryimage"},"thumbnailUrl":"https:\/\/ilkashop.lt\/wp-content\/uploads\/2025\/02\/WhatsApp-Image-2025-02-09-at-06.45.37_5c2d5a68.jpg","datePublished":"2025-02-10T14:54:31+00:00","dateModified":"2026-04-24T05:02:01+00:00","breadcrumb":{"@id":"https:\/\/ilkashop.lt\/product\/tennis-apyranke%cc%87-su-juodaisiais-moisanitais\/#breadcrumb"},"inLanguage":"lt-LT","potentialAction":[{"@type":"ReadAction","target":["https:\/\/ilkashop.lt\/product\/tennis-apyranke%cc%87-su-juodaisiais-moisanitais\/"]}]},{"@type":"ImageObject","inLanguage":"lt-LT","@id":"https:\/\/ilkashop.lt\/product\/tennis-apyranke%cc%87-su-juodaisiais-moisanitais\/#primaryimage","url":"https:\/\/ilkashop.lt\/wp-content\/uploads\/2025\/02\/WhatsApp-Image-2025-02-09-at-06.45.37_5c2d5a68.jpg","contentUrl":"https:\/\/ilkashop.lt\/wp-content\/uploads\/2025\/02\/WhatsApp-Image-2025-02-09-at-06.45.37_5c2d5a68.jpg","width":1179,"height":804},{"@type":"BreadcrumbList","@id":"https:\/\/ilkashop.lt\/product\/tennis-apyranke%cc%87-su-juodaisiais-moisanitais\/#breadcrumb","itemListElement":[{"@type":"ListItem","position":1,"name":"Home","item":"https:\/\/ilkashop.lt\/"},{"@type":"ListItem","position":2,"name":"Parduotuv\u0117","item":"https:\/\/ilkashop.lt\/parduotuve\/"},{"@type":"ListItem","position":3,"name":"Tennis apyranke\u0307 su juodaisiais moisanitais"}]},{"@type":"WebSite","@id":"https:\/\/ilkashop.lt\/#website","url":"https:\/\/ilkashop.lt\/","name":"Ilkashop.lt, papuo\u0161al\u0173 ir drabu\u017ei\u0173 elektronin\u0117 parduotuv\u0117","description":"","publisher":{"@id":"https:\/\/ilkashop.lt\/#organization"},"potentialAction":[{"@type":"SearchAction","target":{"@type":"EntryPoint","urlTemplate":"https:\/\/ilkashop.lt\/?s={search_term_string}"},"query-input":{"@type":"PropertyValueSpecification","valueRequired":true,"valueName":"search_term_string"}}],"inLanguage":"lt-LT"},{"@type":"Organization","@id":"https:\/\/ilkashop.lt\/#organization","name":"Ilkashop.lt, papuo\u0161al\u0173 ir drabu\u017ei\u0173 elektronin\u0117 parduotuv\u0117","url":"https:\/\/ilkashop.lt\/","logo":{"@type":"ImageObject","inLanguage":"lt-LT","@id":"https:\/\/ilkashop.lt\/#\/schema\/logo\/image\/","url":"https:\/\/ilkashop.lt\/wp-content\/uploads\/2025\/01\/cropped-ILKAADAMS-LOGO.png","contentUrl":"https:\/\/ilkashop.lt\/wp-content\/uploads\/2025\/01\/cropped-ILKAADAMS-LOGO.png","width":244,"height":65,"caption":"Ilkashop.lt, papuo\u0161al\u0173 ir drabu\u017ei\u0173 elektronin\u0117 parduotuv\u0117"},"image":{"@id":"https:\/\/ilkashop.lt\/#\/schema\/logo\/image\/"}}]}},"uagb_featured_image_src":{"full":["https:\/\/ilkashop.lt\/wp-content\/uploads\/2025\/02\/WhatsApp-Image-2025-02-09-at-06.45.37_5c2d5a68.jpg",1179,804,false],"thumbnail":["https:\/\/ilkashop.lt\/wp-content\/uploads\/2025\/02\/WhatsApp-Image-2025-02-09-at-06.45.37_5c2d5a68-150x150.jpg",150,150,true],"medium":["https:\/\/ilkashop.lt\/wp-content\/uploads\/2025\/02\/WhatsApp-Image-2025-02-09-at-06.45.37_5c2d5a68-300x205.jpg",300,205,true],"medium_large":["https:\/\/ilkashop.lt\/wp-content\/uploads\/2025\/02\/WhatsApp-Image-2025-02-09-at-06.45.37_5c2d5a68-768x524.jpg",768,524,true],"large":["https:\/\/ilkashop.lt\/wp-content\/uploads\/2025\/02\/WhatsApp-Image-2025-02-09-at-06.45.37_5c2d5a68-1024x698.jpg",1024,698,true],"1536x1536":["https:\/\/ilkashop.lt\/wp-content\/uploads\/2025\/02\/WhatsApp-Image-2025-02-09-at-06.45.37_5c2d5a68.jpg",1179,804,false],"2048x2048":["https:\/\/ilkashop.lt\/wp-content\/uploads\/2025\/02\/WhatsApp-Image-2025-02-09-at-06.45.37_5c2d5a68.jpg",1179,804,false],"trp-custom-language-flag":["https:\/\/ilkashop.lt\/wp-content\/uploads\/2025\/02\/WhatsApp-Image-2025-02-09-at-06.45.37_5c2d5a68-18x12.jpg",18,12,true],"woocommerce_thumbnail":["https:\/\/ilkashop.lt\/wp-content\/uploads\/2025\/02\/WhatsApp-Image-2025-02-09-at-06.45.37_5c2d5a68-600x600.jpg",600,600,true],"woocommerce_single":["https:\/\/ilkashop.lt\/wp-content\/uploads\/2025\/02\/WhatsApp-Image-2025-02-09-at-06.45.37_5c2d5a68-600x409.jpg",600,409,true],"woocommerce_gallery_thumbnail":["https:\/\/ilkashop.lt\/wp-content\/uploads\/2025\/02\/WhatsApp-Image-2025-02-09-at-06.45.37_5c2d5a68-100x100.jpg",100,100,true]},"uagb_author_info":{"display_name":"Ilka Adams","author_link":"https:\/\/ilkashop.lt\/lt_lt\/author\/"},"uagb_comment_info":0,"uagb_excerpt":"S\u030cvarumas VVS1, spalva D, 925 prabos sidabras Spalv\u0173 pasirinkimas: *sidabras *geltonas Ilgis 16cm, 17cm, 18cm, 20cm","_links":{"self":[{"href":"https:\/\/ilkashop.lt\/lt_lt\/wp-json\/wp\/v2\/product\/2364","targetHints":{"allow":["GET"]}}],"collection":[{"href":"https:\/\/ilkashop.lt\/lt_lt\/wp-json\/wp\/v2\/product"}],"about":[{"href":"https:\/\/ilkashop.lt\/lt_lt\/wp-json\/wp\/v2\/types\/product"}],"replies":[{"embeddable":true,"href":"https:\/\/ilkashop.lt\/lt_lt\/wp-json\/wp\/v2\/comments?post=2364"}],"wp:featuredmedia":[{"embeddable":true,"href":"https:\/\/ilkashop.lt\/lt_lt\/wp-json\/wp\/v2\/media\/2365"}],"wp:attachment":[{"href":"https:\/\/ilkashop.lt\/lt_lt\/wp-json\/wp\/v2\/media?parent=2364"}],"wp:term":[{"taxonomy":"product_brand","embeddable":true,"href":"https:\/\/ilkashop.lt\/lt_lt\/wp-json\/wp\/v2\/product_brand?post=2364"},{"taxonomy":"product_cat","embeddable":true,"href":"https:\/\/ilkashop.lt\/lt_lt\/wp-json\/wp\/v2\/product_cat?post=2364"},{"taxonomy":"product_tag","embeddable":true,"href":"https:\/\/ilkashop.lt\/lt_lt\/wp-json\/wp\/v2\/product_tag?post=2364"}],"curies":[{"name":"wp","href":"https:\/\/api.w.org\/{rel}","templated":true}]}}