{"id":2708,"date":"2025-02-17T08:40:32","date_gmt":"2025-02-17T08:40:32","guid":{"rendered":"https:\/\/ilkashop.lt\/?page_id=2708"},"modified":"2025-02-19T13:00:10","modified_gmt":"2025-02-19T13:00:10","slug":"pristatymo-taisykles","status":"publish","type":"page","link":"https:\/\/ilkashop.lt\/lt_lt\/pristatymo-taisykles\/","title":{"rendered":"Pristatymo taisykl\u0117s"},"content":{"rendered":"\n<p>Preki\u0173 pristatymas<br>Atlikt\u0105 u\u017esakym\u0105 paruo\u0161iame, supakuojame ir i\u0161siun\u010diame per 15 darbo dien\u0173.<\/p>\n\n\n\n<p>Siuntimo laikas gali kisti, priklausomai nuo \u0161ven\u010di\u0173 ar i\u0161augusi\u0173 siunt\u0173 kieki\u0173 per i\u0161pardavimus.<\/p>\n\n\n\n<p>Siun\u010diame pa\u0161tomatais Omniva bei LP express. Siuntimo kaina \u2013 5 Eur.<\/p>\n\n\n\n<p><\/p>\n","protected":false},"excerpt":{"rendered":"<p>Preki\u0173 pristatymasAtlikt\u0105 u\u017esakym\u0105 paruo\u0161iame, supakuojame ir i\u0161siun\u010diame per 15 darbo dien\u0173. Siuntimo laikas gali kisti, priklausomai nuo \u0161ven\u010di\u0173 ar i\u0161augusi\u0173 siunt\u0173 kieki\u0173 per i\u0161pardavimus. Siun\u010diame pa\u0161tomatais Omniva bei LP express. Siuntimo kaina \u2013 5 Eur.<\/p>\n","protected":false},"author":1,"featured_media":0,"parent":0,"menu_order":0,"comment_status":"closed","ping_status":"closed","template":"","meta":{"_uag_custom_page_level_css":"","site-sidebar-layout":"default","site-content-layout":"","ast-site-content-layout":"default","site-content-style":"default","site-sidebar-style":"default","ast-global-header-display":"","ast-banner-title-visibility":"","ast-main-header-display":"","ast-hfb-above-header-display":"","ast-hfb-below-header-display":"","ast-hfb-mobile-header-display":"","site-post-title":"","ast-breadcrumbs-content":"","ast-featured-img":"","footer-sml-layout":"","ast-disable-related-posts":"","theme-transparent-header-meta":"","adv-header-id-meta":"","stick-header-meta":"","header-above-stick-meta":"","header-main-stick-meta":"","header-below-stick-meta":"","astra-migrate-meta-layouts":"set","ast-page-background-enabled":"default","ast-page-background-meta":{"desktop":{"background-color":"var(--ast-global-color-4)","background-image":"","background-repeat":"repeat","background-position":"center center","background-size":"auto","background-attachment":"scroll","background-type":"","background-media":"","overlay-type":"","overlay-color":"","overlay-opacity":"","overlay-gradient":""},"tablet":{"background-color":"","background-image":"","background-repeat":"repeat","background-position":"center center","background-size":"auto","background-attachment":"scroll","background-type":"","background-media":"","overlay-type":"","overlay-color":"","overlay-opacity":"","overlay-gradient":""},"mobile":{"background-color":"","background-image":"","background-repeat":"repeat","background-position":"center center","background-size":"auto","background-attachment":"scroll","background-type":"","background-media":"","overlay-type":"","overlay-color":"","overlay-opacity":"","overlay-gradient":""}},"ast-content-background-meta":{"desktop":{"background-color":"var(--ast-global-color-5)","background-image":"","background-repeat":"repeat","background-position":"center center","background-size":"auto","background-attachment":"scroll","background-type":"","background-media":"","overlay-type":"","overlay-color":"","overlay-opacity":"","overlay-gradient":""},"tablet":{"background-color":"var(--ast-global-color-5)","background-image":"","background-repeat":"repeat","background-position":"center center","background-size":"auto","background-attachment":"scroll","background-type":"","background-media":"","overlay-type":"","overlay-color":"","overlay-opacity":"","overlay-gradient":""},"mobile":{"background-color":"var(--ast-global-color-5)","background-image":"","background-repeat":"repeat","background-position":"center center","background-size":"auto","background-attachment":"scroll","background-type":"","background-media":"","overlay-type":"","overlay-color":"","overlay-opacity":"","overlay-gradient":""}},"footnotes":""},"class_list":["post-2708","page","type-page","status-publish","hentry"],"acf":[],"yoast_head":"<!-- This site is optimized with the Yoast SEO plugin v27.5 - https:\/\/yoast.com\/product\/yoast-seo-wordpress\/ -->\n<title>Pristatymo taisykl\u0117s - Ilkashop.lt, papuo\u0161al\u0173 ir drabu\u017ei\u0173 elektronin\u0117 parduotuv\u0117<\/title>\n<meta name=\"robots\" content=\"index, follow, max-snippet:-1, max-image-preview:large, max-video-preview:-1\" \/>\n<link rel=\"canonical\" href=\"https:\/\/ilkashop.lt\/lt_lt\/pristatymo-taisykles\/\" \/>\n<meta property=\"og:locale\" content=\"lt_LT\" \/>\n<meta property=\"og:type\" content=\"article\" \/>\n<meta property=\"og:title\" content=\"Pristatymo taisykl\u0117s - Ilkashop.lt, papuo\u0161al\u0173 ir drabu\u017ei\u0173 elektronin\u0117 parduotuv\u0117\" \/>\n<meta property=\"og:description\" content=\"Preki\u0173 pristatymasAtlikt\u0105 u\u017esakym\u0105 paruo\u0161iame, supakuojame ir i\u0161siun\u010diame per 15 darbo dien\u0173. Siuntimo laikas gali kisti, priklausomai nuo \u0161ven\u010di\u0173 ar i\u0161augusi\u0173 siunt\u0173 kieki\u0173 per i\u0161pardavimus. Siun\u010diame pa\u0161tomatais Omniva bei LP express. Siuntimo kaina \u2013 5 Eur.\" \/>\n<meta property=\"og:url\" content=\"https:\/\/ilkashop.lt\/lt_lt\/pristatymo-taisykles\/\" \/>\n<meta property=\"og:site_name\" content=\"Ilkashop.lt, papuo\u0161al\u0173 ir drabu\u017ei\u0173 elektronin\u0117 parduotuv\u0117\" \/>\n<meta property=\"article:modified_time\" content=\"2025-02-19T13:00:10+00:00\" \/>\n<meta name=\"twitter:card\" content=\"summary_large_image\" \/>\n<meta name=\"twitter:label1\" content=\"Est. reading time\" \/>\n\t<meta name=\"twitter:data1\" content=\"1 minut\u0117\" \/>\n<script type=\"application\/ld+json\" class=\"yoast-schema-graph\">{\"@context\":\"https:\\\/\\\/schema.org\",\"@graph\":[{\"@type\":\"WebPage\",\"@id\":\"https:\\\/\\\/ilkashop.lt\\\/pristatymo-taisykles\\\/\",\"url\":\"https:\\\/\\\/ilkashop.lt\\\/pristatymo-taisykles\\\/\",\"name\":\"Pristatymo taisykl\u0117s - Ilkashop.lt, papuo\u0161al\u0173 ir drabu\u017ei\u0173 elektronin\u0117 parduotuv\u0117\",\"isPartOf\":{\"@id\":\"https:\\\/\\\/ilkashop.lt\\\/#website\"},\"datePublished\":\"2025-02-17T08:40:32+00:00\",\"dateModified\":\"2025-02-19T13:00:10+00:00\",\"breadcrumb\":{\"@id\":\"https:\\\/\\\/ilkashop.lt\\\/pristatymo-taisykles\\\/#breadcrumb\"},\"inLanguage\":\"lt-LT\",\"potentialAction\":[{\"@type\":\"ReadAction\",\"target\":[\"https:\\\/\\\/ilkashop.lt\\\/pristatymo-taisykles\\\/\"]}]},{\"@type\":\"BreadcrumbList\",\"@id\":\"https:\\\/\\\/ilkashop.lt\\\/pristatymo-taisykles\\\/#breadcrumb\",\"itemListElement\":[{\"@type\":\"ListItem\",\"position\":1,\"name\":\"Home\",\"item\":\"https:\\\/\\\/ilkashop.lt\\\/\"},{\"@type\":\"ListItem\",\"position\":2,\"name\":\"Pristatymo taisykl\u0117s\"}]},{\"@type\":\"WebSite\",\"@id\":\"https:\\\/\\\/ilkashop.lt\\\/#website\",\"url\":\"https:\\\/\\\/ilkashop.lt\\\/\",\"name\":\"Ilkashop.lt, papuo\u0161al\u0173 ir drabu\u017ei\u0173 elektronin\u0117 parduotuv\u0117\",\"description\":\"\",\"publisher\":{\"@id\":\"https:\\\/\\\/ilkashop.lt\\\/#organization\"},\"potentialAction\":[{\"@type\":\"SearchAction\",\"target\":{\"@type\":\"EntryPoint\",\"urlTemplate\":\"https:\\\/\\\/ilkashop.lt\\\/?s={search_term_string}\"},\"query-input\":{\"@type\":\"PropertyValueSpecification\",\"valueRequired\":true,\"valueName\":\"search_term_string\"}}],\"inLanguage\":\"lt-LT\"},{\"@type\":\"Organization\",\"@id\":\"https:\\\/\\\/ilkashop.lt\\\/#organization\",\"name\":\"Ilkashop.lt, papuo\u0161al\u0173 ir drabu\u017ei\u0173 elektronin\u0117 parduotuv\u0117\",\"url\":\"https:\\\/\\\/ilkashop.lt\\\/\",\"logo\":{\"@type\":\"ImageObject\",\"inLanguage\":\"lt-LT\",\"@id\":\"https:\\\/\\\/ilkashop.lt\\\/#\\\/schema\\\/logo\\\/image\\\/\",\"url\":\"https:\\\/\\\/ilkashop.lt\\\/wp-content\\\/uploads\\\/2025\\\/01\\\/cropped-ILKAADAMS-LOGO.png\",\"contentUrl\":\"https:\\\/\\\/ilkashop.lt\\\/wp-content\\\/uploads\\\/2025\\\/01\\\/cropped-ILKAADAMS-LOGO.png\",\"width\":244,\"height\":65,\"caption\":\"Ilkashop.lt, papuo\u0161al\u0173 ir drabu\u017ei\u0173 elektronin\u0117 parduotuv\u0117\"},\"image\":{\"@id\":\"https:\\\/\\\/ilkashop.lt\\\/#\\\/schema\\\/logo\\\/image\\\/\"}}]}<\/script>\n<!-- \/ Yoast SEO plugin. -->","yoast_head_json":{"title":"Pristatymo taisykl\u0117s - Ilkashop.lt, papuo\u0161al\u0173 ir drabu\u017ei\u0173 elektronin\u0117 parduotuv\u0117","robots":{"index":"index","follow":"follow","max-snippet":"max-snippet:-1","max-image-preview":"max-image-preview:large","max-video-preview":"max-video-preview:-1"},"canonical":"https:\/\/ilkashop.lt\/lt_lt\/pristatymo-taisykles\/","og_locale":"lt_LT","og_type":"article","og_title":"Pristatymo taisykl\u0117s - Ilkashop.lt, papuo\u0161al\u0173 ir drabu\u017ei\u0173 elektronin\u0117 parduotuv\u0117","og_description":"Preki\u0173 pristatymasAtlikt\u0105 u\u017esakym\u0105 paruo\u0161iame, supakuojame ir i\u0161siun\u010diame per 15 darbo dien\u0173. Siuntimo laikas gali kisti, priklausomai nuo \u0161ven\u010di\u0173 ar i\u0161augusi\u0173 siunt\u0173 kieki\u0173 per i\u0161pardavimus. Siun\u010diame pa\u0161tomatais Omniva bei LP express. Siuntimo kaina \u2013 5 Eur.","og_url":"https:\/\/ilkashop.lt\/lt_lt\/pristatymo-taisykles\/","og_site_name":"Ilkashop.lt, papuo\u0161al\u0173 ir drabu\u017ei\u0173 elektronin\u0117 parduotuv\u0117","article_modified_time":"2025-02-19T13:00:10+00:00","twitter_card":"summary_large_image","twitter_misc":{"Est. reading time":"1 minut\u0117"},"schema":{"@context":"https:\/\/schema.org","@graph":[{"@type":"WebPage","@id":"https:\/\/ilkashop.lt\/pristatymo-taisykles\/","url":"https:\/\/ilkashop.lt\/pristatymo-taisykles\/","name":"Pristatymo taisykl\u0117s - Ilkashop.lt, papuo\u0161al\u0173 ir drabu\u017ei\u0173 elektronin\u0117 parduotuv\u0117","isPartOf":{"@id":"https:\/\/ilkashop.lt\/#website"},"datePublished":"2025-02-17T08:40:32+00:00","dateModified":"2025-02-19T13:00:10+00:00","breadcrumb":{"@id":"https:\/\/ilkashop.lt\/pristatymo-taisykles\/#breadcrumb"},"inLanguage":"lt-LT","potentialAction":[{"@type":"ReadAction","target":["https:\/\/ilkashop.lt\/pristatymo-taisykles\/"]}]},{"@type":"BreadcrumbList","@id":"https:\/\/ilkashop.lt\/pristatymo-taisykles\/#breadcrumb","itemListElement":[{"@type":"ListItem","position":1,"name":"Home","item":"https:\/\/ilkashop.lt\/"},{"@type":"ListItem","position":2,"name":"Pristatymo taisykl\u0117s"}]},{"@type":"WebSite","@id":"https:\/\/ilkashop.lt\/#website","url":"https:\/\/ilkashop.lt\/","name":"Ilkashop.lt, papuo\u0161al\u0173 ir drabu\u017ei\u0173 elektronin\u0117 parduotuv\u0117","description":"","publisher":{"@id":"https:\/\/ilkashop.lt\/#organization"},"potentialAction":[{"@type":"SearchAction","target":{"@type":"EntryPoint","urlTemplate":"https:\/\/ilkashop.lt\/?s={search_term_string}"},"query-input":{"@type":"PropertyValueSpecification","valueRequired":true,"valueName":"search_term_string"}}],"inLanguage":"lt-LT"},{"@type":"Organization","@id":"https:\/\/ilkashop.lt\/#organization","name":"Ilkashop.lt, papuo\u0161al\u0173 ir drabu\u017ei\u0173 elektronin\u0117 parduotuv\u0117","url":"https:\/\/ilkashop.lt\/","logo":{"@type":"ImageObject","inLanguage":"lt-LT","@id":"https:\/\/ilkashop.lt\/#\/schema\/logo\/image\/","url":"https:\/\/ilkashop.lt\/wp-content\/uploads\/2025\/01\/cropped-ILKAADAMS-LOGO.png","contentUrl":"https:\/\/ilkashop.lt\/wp-content\/uploads\/2025\/01\/cropped-ILKAADAMS-LOGO.png","width":244,"height":65,"caption":"Ilkashop.lt, papuo\u0161al\u0173 ir drabu\u017ei\u0173 elektronin\u0117 parduotuv\u0117"},"image":{"@id":"https:\/\/ilkashop.lt\/#\/schema\/logo\/image\/"}}]}},"uagb_featured_image_src":{"full":false,"thumbnail":false,"medium":false,"medium_large":false,"large":false,"1536x1536":false,"2048x2048":false,"trp-custom-language-flag":false,"woocommerce_thumbnail":false,"woocommerce_single":false,"woocommerce_gallery_thumbnail":false},"uagb_author_info":{"display_name":"Ilka Adams","author_link":"https:\/\/ilkashop.lt\/lt_lt\/author\/ilkaadamsgmail-com\/"},"uagb_comment_info":0,"uagb_excerpt":"Preki\u0173 pristatymasAtlikt\u0105 u\u017esakym\u0105 paruo\u0161iame, supakuojame ir i\u0161siun\u010diame per 15 darbo dien\u0173. Siuntimo laikas gali kisti, priklausomai nuo \u0161ven\u010di\u0173 ar i\u0161augusi\u0173 siunt\u0173 kieki\u0173 per i\u0161pardavimus. Siun\u010diame pa\u0161tomatais Omniva bei LP express. Siuntimo kaina \u2013 5 Eur.","_links":{"self":[{"href":"https:\/\/ilkashop.lt\/lt_lt\/wp-json\/wp\/v2\/pages\/2708","targetHints":{"allow":["GET"]}}],"collection":[{"href":"https:\/\/ilkashop.lt\/lt_lt\/wp-json\/wp\/v2\/pages"}],"about":[{"href":"https:\/\/ilkashop.lt\/lt_lt\/wp-json\/wp\/v2\/types\/page"}],"author":[{"embeddable":true,"href":"https:\/\/ilkashop.lt\/lt_lt\/wp-json\/wp\/v2\/users\/1"}],"replies":[{"embeddable":true,"href":"https:\/\/ilkashop.lt\/lt_lt\/wp-json\/wp\/v2\/comments?post=2708"}],"version-history":[{"count":3,"href":"https:\/\/ilkashop.lt\/lt_lt\/wp-json\/wp\/v2\/pages\/2708\/revisions"}],"predecessor-version":[{"id":2720,"href":"https:\/\/ilkashop.lt\/lt_lt\/wp-json\/wp\/v2\/pages\/2708\/revisions\/2720"}],"wp:attachment":[{"href":"https:\/\/ilkashop.lt\/lt_lt\/wp-json\/wp\/v2\/media?parent=2708"}],"curies":[{"name":"wp","href":"https:\/\/api.w.org\/{rel}","templated":true}]}}