{"id":2790,"date":"2025-02-24T06:27:22","date_gmt":"2025-02-24T06:27:22","guid":{"rendered":"https:\/\/ilkashop.lt\/?post_type=product&#038;p=2790"},"modified":"2025-02-24T06:32:55","modified_gmt":"2025-02-24T06:32:55","slug":"ziedas-su-moisanitais-deimantais-5","status":"publish","type":"product","link":"https:\/\/ilkashop.lt\/en\/product\/ziedas-su-moisanitais-deimantais-5\/","title":{"rendered":"\u017diedas su moisanitais deimantais"},"content":{"rendered":"<p>\u017diedas su moisanitais deimantais<br \/>\n7mm*7 moissanito deimantai<br \/>\nS\u030cvarumas VVS1, spalva D,<br \/>\n925 prabos sidabras<br \/>\nSvoris 5.48 g<br \/>\nKaratai 3.0CT<br \/>\nPaauksuota 18K *balto aukso *geltono aukso *ro\u017eine aukso<\/p>\n<p>U\u017esakymas u\u017etrunka apie tris savait\u0117s<\/p>","protected":false},"excerpt":{"rendered":"<p>iedas su moisanitais deimantais Su\u017ead\u0117tuvi\u0173 \u017eiedai<br \/>\n7mm*7 moissanito deimantai<br \/>\nS\u030cvarumas VVS1, spalva D,<br \/>\n925 prabos sidabras<br \/>\nSvoris 5.48 g<br \/>\nKaratai 3.0CT<\/p>","protected":false},"featured_media":2791,"comment_status":"open","ping_status":"closed","template":"","meta":{"_uag_custom_page_level_css":"","site-sidebar-layout":"default","site-content-layout":"","ast-site-content-layout":"default","site-content-style":"default","site-sidebar-style":"default","ast-global-header-display":"","ast-banner-title-visibility":"","ast-main-header-display":"","ast-hfb-above-header-display":"","ast-hfb-below-header-display":"","ast-hfb-mobile-header-display":"","site-post-title":"","ast-breadcrumbs-content":"","ast-featured-img":"","footer-sml-layout":"","ast-disable-related-posts":"","theme-transparent-header-meta":"default","adv-header-id-meta":"","stick-header-meta":"","header-above-stick-meta":"","header-main-stick-meta":"","header-below-stick-meta":"","astra-migrate-meta-layouts":"set","ast-page-background-enabled":"default","ast-page-background-meta":{"desktop":{"background-color":"var(--ast-global-color-4)","background-image":"","background-repeat":"repeat","background-position":"center center","background-size":"auto","background-attachment":"scroll","background-type":"","background-media":"","overlay-type":"","overlay-color":"","overlay-opacity":"","overlay-gradient":""},"tablet":{"background-color":"","background-image":"","background-repeat":"repeat","background-position":"center center","background-size":"auto","background-attachment":"scroll","background-type":"","background-media":"","overlay-type":"","overlay-color":"","overlay-opacity":"","overlay-gradient":""},"mobile":{"background-color":"","background-image":"","background-repeat":"repeat","background-position":"center center","background-size":"auto","background-attachment":"scroll","background-type":"","background-media":"","overlay-type":"","overlay-color":"","overlay-opacity":"","overlay-gradient":""}},"ast-content-background-meta":{"desktop":{"background-color":"var(--ast-global-color-5)","background-image":"","background-repeat":"repeat","background-position":"center center","background-size":"auto","background-attachment":"scroll","background-type":"","background-media":"","overlay-type":"","overlay-color":"","overlay-opacity":"","overlay-gradient":""},"tablet":{"background-color":"var(--ast-global-color-5)","background-image":"","background-repeat":"repeat","background-position":"center center","background-size":"auto","background-attachment":"scroll","background-type":"","background-media":"","overlay-type":"","overlay-color":"","overlay-opacity":"","overlay-gradient":""},"mobile":{"background-color":"var(--ast-global-color-5)","background-image":"","background-repeat":"repeat","background-position":"center center","background-size":"auto","background-attachment":"scroll","background-type":"","background-media":"","overlay-type":"","overlay-color":"","overlay-opacity":"","overlay-gradient":""}}},"product_brand":[],"product_cat":[47,35],"product_tag":[],"class_list":{"0":"post-2790","1":"product","2":"type-product","3":"status-publish","4":"has-post-thumbnail","6":"product_cat-suzadetuviu-ziedai","7":"product_cat-ziedai","8":"desktop-align-center","9":"tablet-align-center","10":"mobile-align-center","12":"first","13":"instock","14":"shipping-taxable","15":"purchasable","16":"product-type-variable"},"acf":[],"yoast_head":"<!-- This site is optimized with the Yoast SEO plugin v27.5 - https:\/\/yoast.com\/product\/yoast-seo-wordpress\/ -->\n<title>\u017diedas su moisanitais deimantais - Ilkashop.lt, papuo\u0161al\u0173 ir drabu\u017ei\u0173 elektronin\u0117 parduotuv\u0117<\/title>\n<meta name=\"description\" content=\"iedas su moisanitais deimantais Su\u017ead\u0117tuvi\u0173 \u017eiedai 67mm*7 moissanito deimantaiS\u030cvarumas VVS1, spalva D, 925 prabos sidabras Svoris 5.48 gKaratai 3.0CT\" \/>\n<meta name=\"robots\" content=\"index, follow, max-snippet:-1, max-image-preview:large, max-video-preview:-1\" \/>\n<link rel=\"canonical\" href=\"https:\/\/ilkashop.lt\/en\/product\/ziedas-su-moisanitais-deimantais-5\/\" \/>\n<meta property=\"og:locale\" content=\"en_US\" \/>\n<meta property=\"og:type\" content=\"article\" \/>\n<meta property=\"og:title\" content=\"\u017diedas su moisanitais deimantais - Ilkashop.lt, papuo\u0161al\u0173 ir drabu\u017ei\u0173 elektronin\u0117 parduotuv\u0117\" \/>\n<meta property=\"og:description\" content=\"iedas su moisanitais deimantais Su\u017ead\u0117tuvi\u0173 \u017eiedai 67mm*7 moissanito deimantaiS\u030cvarumas VVS1, spalva D, 925 prabos sidabras Svoris 5.48 gKaratai 3.0CT\" \/>\n<meta property=\"og:url\" content=\"https:\/\/ilkashop.lt\/en\/product\/ziedas-su-moisanitais-deimantais-5\/\" \/>\n<meta property=\"og:site_name\" content=\"Ilkashop.lt, papuo\u0161al\u0173 ir drabu\u017ei\u0173 elektronin\u0117 parduotuv\u0117\" \/>\n<meta property=\"article:modified_time\" content=\"2025-02-24T06:32:55+00:00\" \/>\n<meta property=\"og:image\" content=\"https:\/\/ilkashop.lt\/wp-content\/uploads\/2025\/02\/WhatsApp-Image-2025-02-19-at-08.48.17_12396a5f.jpg\" \/>\n\t<meta property=\"og:image:width\" content=\"1151\" \/>\n\t<meta property=\"og:image:height\" content=\"1116\" \/>\n\t<meta property=\"og:image:type\" content=\"image\/jpeg\" \/>\n<meta name=\"twitter:card\" content=\"summary_large_image\" \/>\n<meta name=\"twitter:label1\" content=\"Est. reading time\" \/>\n\t<meta name=\"twitter:data1\" content=\"1 minute\" \/>\n<script type=\"application\/ld+json\" class=\"yoast-schema-graph\">{\"@context\":\"https:\\\/\\\/schema.org\",\"@graph\":[{\"@type\":\"WebPage\",\"@id\":\"https:\\\/\\\/ilkashop.lt\\\/product\\\/ziedas-su-moisanitais-deimantais-5\\\/\",\"url\":\"https:\\\/\\\/ilkashop.lt\\\/product\\\/ziedas-su-moisanitais-deimantais-5\\\/\",\"name\":\"\u017diedas su moisanitais deimantais - Ilkashop.lt, papuo\u0161al\u0173 ir drabu\u017ei\u0173 elektronin\u0117 parduotuv\u0117\",\"isPartOf\":{\"@id\":\"https:\\\/\\\/ilkashop.lt\\\/#website\"},\"primaryImageOfPage\":{\"@id\":\"https:\\\/\\\/ilkashop.lt\\\/product\\\/ziedas-su-moisanitais-deimantais-5\\\/#primaryimage\"},\"image\":{\"@id\":\"https:\\\/\\\/ilkashop.lt\\\/product\\\/ziedas-su-moisanitais-deimantais-5\\\/#primaryimage\"},\"thumbnailUrl\":\"https:\\\/\\\/ilkashop.lt\\\/wp-content\\\/uploads\\\/2025\\\/02\\\/WhatsApp-Image-2025-02-19-at-08.48.17_12396a5f.jpg\",\"datePublished\":\"2025-02-24T06:27:22+00:00\",\"dateModified\":\"2025-02-24T06:32:55+00:00\",\"description\":\"iedas su moisanitais deimantais Su\u017ead\u0117tuvi\u0173 \u017eiedai 67mm*7 moissanito deimantaiS\u030cvarumas VVS1, spalva D, 925 prabos sidabras Svoris 5.48 gKaratai 3.0CT\",\"breadcrumb\":{\"@id\":\"https:\\\/\\\/ilkashop.lt\\\/product\\\/ziedas-su-moisanitais-deimantais-5\\\/#breadcrumb\"},\"inLanguage\":\"en-US\",\"potentialAction\":[{\"@type\":\"ReadAction\",\"target\":[\"https:\\\/\\\/ilkashop.lt\\\/product\\\/ziedas-su-moisanitais-deimantais-5\\\/\"]}]},{\"@type\":\"ImageObject\",\"inLanguage\":\"en-US\",\"@id\":\"https:\\\/\\\/ilkashop.lt\\\/product\\\/ziedas-su-moisanitais-deimantais-5\\\/#primaryimage\",\"url\":\"https:\\\/\\\/ilkashop.lt\\\/wp-content\\\/uploads\\\/2025\\\/02\\\/WhatsApp-Image-2025-02-19-at-08.48.17_12396a5f.jpg\",\"contentUrl\":\"https:\\\/\\\/ilkashop.lt\\\/wp-content\\\/uploads\\\/2025\\\/02\\\/WhatsApp-Image-2025-02-19-at-08.48.17_12396a5f.jpg\",\"width\":1151,\"height\":1116},{\"@type\":\"BreadcrumbList\",\"@id\":\"https:\\\/\\\/ilkashop.lt\\\/product\\\/ziedas-su-moisanitais-deimantais-5\\\/#breadcrumb\",\"itemListElement\":[{\"@type\":\"ListItem\",\"position\":1,\"name\":\"Home\",\"item\":\"https:\\\/\\\/ilkashop.lt\\\/\"},{\"@type\":\"ListItem\",\"position\":2,\"name\":\"Parduotuv\u0117\",\"item\":\"https:\\\/\\\/ilkashop.lt\\\/parduotuve\\\/\"},{\"@type\":\"ListItem\",\"position\":3,\"name\":\"\u017diedas su moisanitais deimantais\"}]},{\"@type\":\"WebSite\",\"@id\":\"https:\\\/\\\/ilkashop.lt\\\/#website\",\"url\":\"https:\\\/\\\/ilkashop.lt\\\/\",\"name\":\"Ilkashop.lt, papuo\u0161al\u0173 ir drabu\u017ei\u0173 elektronin\u0117 parduotuv\u0117\",\"description\":\"\",\"publisher\":{\"@id\":\"https:\\\/\\\/ilkashop.lt\\\/#organization\"},\"potentialAction\":[{\"@type\":\"SearchAction\",\"target\":{\"@type\":\"EntryPoint\",\"urlTemplate\":\"https:\\\/\\\/ilkashop.lt\\\/?s={search_term_string}\"},\"query-input\":{\"@type\":\"PropertyValueSpecification\",\"valueRequired\":true,\"valueName\":\"search_term_string\"}}],\"inLanguage\":\"en-US\"},{\"@type\":\"Organization\",\"@id\":\"https:\\\/\\\/ilkashop.lt\\\/#organization\",\"name\":\"Ilkashop.lt, papuo\u0161al\u0173 ir drabu\u017ei\u0173 elektronin\u0117 parduotuv\u0117\",\"url\":\"https:\\\/\\\/ilkashop.lt\\\/\",\"logo\":{\"@type\":\"ImageObject\",\"inLanguage\":\"en-US\",\"@id\":\"https:\\\/\\\/ilkashop.lt\\\/#\\\/schema\\\/logo\\\/image\\\/\",\"url\":\"https:\\\/\\\/ilkashop.lt\\\/wp-content\\\/uploads\\\/2025\\\/01\\\/cropped-ILKAADAMS-LOGO.png\",\"contentUrl\":\"https:\\\/\\\/ilkashop.lt\\\/wp-content\\\/uploads\\\/2025\\\/01\\\/cropped-ILKAADAMS-LOGO.png\",\"width\":244,\"height\":65,\"caption\":\"Ilkashop.lt, papuo\u0161al\u0173 ir drabu\u017ei\u0173 elektronin\u0117 parduotuv\u0117\"},\"image\":{\"@id\":\"https:\\\/\\\/ilkashop.lt\\\/#\\\/schema\\\/logo\\\/image\\\/\"}}]}<\/script>\n<!-- \/ Yoast SEO plugin. -->","yoast_head_json":{"title":"\u017diedas su moisanitais deimantais - Ilkashop.lt, papuo\u0161al\u0173 ir drabu\u017ei\u0173 elektronin\u0117 parduotuv\u0117","description":"iedas su moisanitais deimantais Su\u017ead\u0117tuvi\u0173 \u017eiedai 67mm*7 moissanito deimantaiS\u030cvarumas VVS1, spalva D, 925 prabos sidabras Svoris 5.48 gKaratai 3.0CT","robots":{"index":"index","follow":"follow","max-snippet":"max-snippet:-1","max-image-preview":"max-image-preview:large","max-video-preview":"max-video-preview:-1"},"canonical":"https:\/\/ilkashop.lt\/en\/product\/ziedas-su-moisanitais-deimantais-5\/","og_locale":"en_US","og_type":"article","og_title":"\u017diedas su moisanitais deimantais - Ilkashop.lt, papuo\u0161al\u0173 ir drabu\u017ei\u0173 elektronin\u0117 parduotuv\u0117","og_description":"iedas su moisanitais deimantais Su\u017ead\u0117tuvi\u0173 \u017eiedai 67mm*7 moissanito deimantaiS\u030cvarumas VVS1, spalva D, 925 prabos sidabras Svoris 5.48 gKaratai 3.0CT","og_url":"https:\/\/ilkashop.lt\/en\/product\/ziedas-su-moisanitais-deimantais-5\/","og_site_name":"Ilkashop.lt, papuo\u0161al\u0173 ir drabu\u017ei\u0173 elektronin\u0117 parduotuv\u0117","article_modified_time":"2025-02-24T06:32:55+00:00","og_image":[{"width":1151,"height":1116,"url":"https:\/\/ilkashop.lt\/wp-content\/uploads\/2025\/02\/WhatsApp-Image-2025-02-19-at-08.48.17_12396a5f.jpg","type":"image\/jpeg"}],"twitter_card":"summary_large_image","twitter_misc":{"Est. reading time":"1 minute"},"schema":{"@context":"https:\/\/schema.org","@graph":[{"@type":"WebPage","@id":"https:\/\/ilkashop.lt\/product\/ziedas-su-moisanitais-deimantais-5\/","url":"https:\/\/ilkashop.lt\/product\/ziedas-su-moisanitais-deimantais-5\/","name":"\u017diedas su moisanitais deimantais - Ilkashop.lt, papuo\u0161al\u0173 ir drabu\u017ei\u0173 elektronin\u0117 parduotuv\u0117","isPartOf":{"@id":"https:\/\/ilkashop.lt\/#website"},"primaryImageOfPage":{"@id":"https:\/\/ilkashop.lt\/product\/ziedas-su-moisanitais-deimantais-5\/#primaryimage"},"image":{"@id":"https:\/\/ilkashop.lt\/product\/ziedas-su-moisanitais-deimantais-5\/#primaryimage"},"thumbnailUrl":"https:\/\/ilkashop.lt\/wp-content\/uploads\/2025\/02\/WhatsApp-Image-2025-02-19-at-08.48.17_12396a5f.jpg","datePublished":"2025-02-24T06:27:22+00:00","dateModified":"2025-02-24T06:32:55+00:00","description":"iedas su moisanitais deimantais Su\u017ead\u0117tuvi\u0173 \u017eiedai 67mm*7 moissanito deimantaiS\u030cvarumas VVS1, spalva D, 925 prabos sidabras Svoris 5.48 gKaratai 3.0CT","breadcrumb":{"@id":"https:\/\/ilkashop.lt\/product\/ziedas-su-moisanitais-deimantais-5\/#breadcrumb"},"inLanguage":"en-US","potentialAction":[{"@type":"ReadAction","target":["https:\/\/ilkashop.lt\/product\/ziedas-su-moisanitais-deimantais-5\/"]}]},{"@type":"ImageObject","inLanguage":"en-US","@id":"https:\/\/ilkashop.lt\/product\/ziedas-su-moisanitais-deimantais-5\/#primaryimage","url":"https:\/\/ilkashop.lt\/wp-content\/uploads\/2025\/02\/WhatsApp-Image-2025-02-19-at-08.48.17_12396a5f.jpg","contentUrl":"https:\/\/ilkashop.lt\/wp-content\/uploads\/2025\/02\/WhatsApp-Image-2025-02-19-at-08.48.17_12396a5f.jpg","width":1151,"height":1116},{"@type":"BreadcrumbList","@id":"https:\/\/ilkashop.lt\/product\/ziedas-su-moisanitais-deimantais-5\/#breadcrumb","itemListElement":[{"@type":"ListItem","position":1,"name":"Home","item":"https:\/\/ilkashop.lt\/"},{"@type":"ListItem","position":2,"name":"Parduotuv\u0117","item":"https:\/\/ilkashop.lt\/parduotuve\/"},{"@type":"ListItem","position":3,"name":"\u017diedas su moisanitais deimantais"}]},{"@type":"WebSite","@id":"https:\/\/ilkashop.lt\/#website","url":"https:\/\/ilkashop.lt\/","name":"Ilkashop.lt, papuo\u0161al\u0173 ir drabu\u017ei\u0173 elektronin\u0117 parduotuv\u0117","description":"","publisher":{"@id":"https:\/\/ilkashop.lt\/#organization"},"potentialAction":[{"@type":"SearchAction","target":{"@type":"EntryPoint","urlTemplate":"https:\/\/ilkashop.lt\/?s={search_term_string}"},"query-input":{"@type":"PropertyValueSpecification","valueRequired":true,"valueName":"search_term_string"}}],"inLanguage":"en-US"},{"@type":"Organization","@id":"https:\/\/ilkashop.lt\/#organization","name":"Ilkashop.lt, papuo\u0161al\u0173 ir drabu\u017ei\u0173 elektronin\u0117 parduotuv\u0117","url":"https:\/\/ilkashop.lt\/","logo":{"@type":"ImageObject","inLanguage":"en-US","@id":"https:\/\/ilkashop.lt\/#\/schema\/logo\/image\/","url":"https:\/\/ilkashop.lt\/wp-content\/uploads\/2025\/01\/cropped-ILKAADAMS-LOGO.png","contentUrl":"https:\/\/ilkashop.lt\/wp-content\/uploads\/2025\/01\/cropped-ILKAADAMS-LOGO.png","width":244,"height":65,"caption":"Ilkashop.lt, papuo\u0161al\u0173 ir drabu\u017ei\u0173 elektronin\u0117 parduotuv\u0117"},"image":{"@id":"https:\/\/ilkashop.lt\/#\/schema\/logo\/image\/"}}]}},"uagb_featured_image_src":{"full":["https:\/\/ilkashop.lt\/wp-content\/uploads\/2025\/02\/WhatsApp-Image-2025-02-19-at-08.48.17_12396a5f.jpg",1151,1116,false],"thumbnail":["https:\/\/ilkashop.lt\/wp-content\/uploads\/2025\/02\/WhatsApp-Image-2025-02-19-at-08.48.17_12396a5f-150x150.jpg",150,150,true],"medium":["https:\/\/ilkashop.lt\/wp-content\/uploads\/2025\/02\/WhatsApp-Image-2025-02-19-at-08.48.17_12396a5f-300x291.jpg",300,291,true],"medium_large":["https:\/\/ilkashop.lt\/wp-content\/uploads\/2025\/02\/WhatsApp-Image-2025-02-19-at-08.48.17_12396a5f-768x745.jpg",768,745,true],"large":["https:\/\/ilkashop.lt\/wp-content\/uploads\/2025\/02\/WhatsApp-Image-2025-02-19-at-08.48.17_12396a5f-1024x993.jpg",1024,993,true],"1536x1536":["https:\/\/ilkashop.lt\/wp-content\/uploads\/2025\/02\/WhatsApp-Image-2025-02-19-at-08.48.17_12396a5f.jpg",1151,1116,false],"2048x2048":["https:\/\/ilkashop.lt\/wp-content\/uploads\/2025\/02\/WhatsApp-Image-2025-02-19-at-08.48.17_12396a5f.jpg",1151,1116,false],"trp-custom-language-flag":["https:\/\/ilkashop.lt\/wp-content\/uploads\/2025\/02\/WhatsApp-Image-2025-02-19-at-08.48.17_12396a5f-12x12.jpg",12,12,true],"woocommerce_thumbnail":["https:\/\/ilkashop.lt\/wp-content\/uploads\/2025\/02\/WhatsApp-Image-2025-02-19-at-08.48.17_12396a5f-600x600.jpg",600,600,true],"woocommerce_single":["https:\/\/ilkashop.lt\/wp-content\/uploads\/2025\/02\/WhatsApp-Image-2025-02-19-at-08.48.17_12396a5f-600x582.jpg",600,582,true],"woocommerce_gallery_thumbnail":["https:\/\/ilkashop.lt\/wp-content\/uploads\/2025\/02\/WhatsApp-Image-2025-02-19-at-08.48.17_12396a5f-100x100.jpg",100,100,true]},"uagb_author_info":{"display_name":"Ilka Adams","author_link":"https:\/\/ilkashop.lt\/en\/author\/"},"uagb_comment_info":0,"uagb_excerpt":"iedas su moisanitais deimantais Su\u017ead\u0117tuvi\u0173 \u017eiedai 7mm*7 moissanito deimantai S\u030cvarumas VVS1, spalva D, 925 prabos sidabras Svoris 5.48 g Karatai 3.0CT","_links":{"self":[{"href":"https:\/\/ilkashop.lt\/en\/wp-json\/wp\/v2\/product\/2790","targetHints":{"allow":["GET"]}}],"collection":[{"href":"https:\/\/ilkashop.lt\/en\/wp-json\/wp\/v2\/product"}],"about":[{"href":"https:\/\/ilkashop.lt\/en\/wp-json\/wp\/v2\/types\/product"}],"replies":[{"embeddable":true,"href":"https:\/\/ilkashop.lt\/en\/wp-json\/wp\/v2\/comments?post=2790"}],"wp:featuredmedia":[{"embeddable":true,"href":"https:\/\/ilkashop.lt\/en\/wp-json\/wp\/v2\/media\/2791"}],"wp:attachment":[{"href":"https:\/\/ilkashop.lt\/en\/wp-json\/wp\/v2\/media?parent=2790"}],"wp:term":[{"taxonomy":"product_brand","embeddable":true,"href":"https:\/\/ilkashop.lt\/en\/wp-json\/wp\/v2\/product_brand?post=2790"},{"taxonomy":"product_cat","embeddable":true,"href":"https:\/\/ilkashop.lt\/en\/wp-json\/wp\/v2\/product_cat?post=2790"},{"taxonomy":"product_tag","embeddable":true,"href":"https:\/\/ilkashop.lt\/en\/wp-json\/wp\/v2\/product_tag?post=2790"}],"curies":[{"name":"wp","href":"https:\/\/api.w.org\/{rel}","templated":true}]}}