{"id":2674,"date":"2025-02-12T08:21:10","date_gmt":"2025-02-12T08:21:10","guid":{"rendered":"https:\/\/ilkashop.lt\/?post_type=product&#038;p=2674"},"modified":"2025-02-12T08:21:10","modified_gmt":"2025-02-12T08:21:10","slug":"auskarai-su-moisanitais-deimantais-4","status":"publish","type":"product","link":"https:\/\/ilkashop.lt\/en\/product\/auskarai-su-moisanitais-deimantais-4\/","title":{"rendered":"Auskarai su moisanitais deimantais"},"content":{"rendered":"<p>Auskarai su moisanitais deimantais rinkel\u0117s 20<br \/>\n3.55 mm*2 moissanito deimantas<br \/>\nS\u030cvarumas VVS1, spalva D,<br \/>\n925 prabos sidabras<br \/>\nSvoris 6.0g<br \/>\nPauuksuota 18K *balto aukso *ro\u017eine aukso<\/p>\n<p>U\u017esakymas u\u017etrunka apie tris savait\u0117s<\/p>","protected":false},"excerpt":{"rendered":"<p>Auskarai su moisanitais deimantais rinkel\u0117s 20<br \/>\n3.55 mm*2 moissanito deimantas<br \/>\nS\u030cvarumas VVS1, spalva D,<br \/>\n925 prabos sidabras<\/p>","protected":false},"featured_media":2675,"comment_status":"open","ping_status":"closed","template":"","meta":{"_uag_custom_page_level_css":"","site-sidebar-layout":"default","site-content-layout":"","ast-site-content-layout":"default","site-content-style":"default","site-sidebar-style":"default","ast-global-header-display":"","ast-banner-title-visibility":"","ast-main-header-display":"","ast-hfb-above-header-display":"","ast-hfb-below-header-display":"","ast-hfb-mobile-header-display":"","site-post-title":"","ast-breadcrumbs-content":"","ast-featured-img":"","footer-sml-layout":"","ast-disable-related-posts":"","theme-transparent-header-meta":"default","adv-header-id-meta":"","stick-header-meta":"","header-above-stick-meta":"","header-main-stick-meta":"","header-below-stick-meta":"","astra-migrate-meta-layouts":"set","ast-page-background-enabled":"default","ast-page-background-meta":{"desktop":{"background-color":"var(--ast-global-color-4)","background-image":"","background-repeat":"repeat","background-position":"center center","background-size":"auto","background-attachment":"scroll","background-type":"","background-media":"","overlay-type":"","overlay-color":"","overlay-opacity":"","overlay-gradient":""},"tablet":{"background-color":"","background-image":"","background-repeat":"repeat","background-position":"center center","background-size":"auto","background-attachment":"scroll","background-type":"","background-media":"","overlay-type":"","overlay-color":"","overlay-opacity":"","overlay-gradient":""},"mobile":{"background-color":"","background-image":"","background-repeat":"repeat","background-position":"center center","background-size":"auto","background-attachment":"scroll","background-type":"","background-media":"","overlay-type":"","overlay-color":"","overlay-opacity":"","overlay-gradient":""}},"ast-content-background-meta":{"desktop":{"background-color":"var(--ast-global-color-5)","background-image":"","background-repeat":"repeat","background-position":"center center","background-size":"auto","background-attachment":"scroll","background-type":"","background-media":"","overlay-type":"","overlay-color":"","overlay-opacity":"","overlay-gradient":""},"tablet":{"background-color":"var(--ast-global-color-5)","background-image":"","background-repeat":"repeat","background-position":"center center","background-size":"auto","background-attachment":"scroll","background-type":"","background-media":"","overlay-type":"","overlay-color":"","overlay-opacity":"","overlay-gradient":""},"mobile":{"background-color":"var(--ast-global-color-5)","background-image":"","background-repeat":"repeat","background-position":"center center","background-size":"auto","background-attachment":"scroll","background-type":"","background-media":"","overlay-type":"","overlay-color":"","overlay-opacity":"","overlay-gradient":""}}},"product_brand":[],"product_cat":[36],"product_tag":[],"class_list":{"0":"post-2674","1":"product","2":"type-product","3":"status-publish","4":"has-post-thumbnail","6":"product_cat-auskarai","7":"desktop-align-center","8":"tablet-align-center","9":"mobile-align-center","11":"first","12":"instock","13":"shipping-taxable","14":"purchasable","15":"product-type-variable"},"acf":[],"yoast_head":"<!-- This site is optimized with the Yoast SEO plugin v27.5 - https:\/\/yoast.com\/product\/yoast-seo-wordpress\/ -->\n<title>Auskarai su moisanitais deimantais - Ilkashop.lt, papuo\u0161al\u0173 ir drabu\u017ei\u0173 elektronin\u0117 parduotuv\u0117<\/title>\n<meta name=\"description\" content=\"Auskarai su moisanitais deimantais rinkel\u0117s 203.55 mm*2 moissanito deimantasS\u030cvarumas VVS1, spalva D,925 prabos sidabras\" \/>\n<meta name=\"robots\" content=\"index, follow, max-snippet:-1, max-image-preview:large, max-video-preview:-1\" \/>\n<link rel=\"canonical\" href=\"https:\/\/ilkashop.lt\/en\/product\/auskarai-su-moisanitais-deimantais-4\/\" \/>\n<meta property=\"og:locale\" content=\"en_US\" \/>\n<meta property=\"og:type\" content=\"article\" \/>\n<meta property=\"og:title\" content=\"Auskarai su moisanitais deimantais - Ilkashop.lt, papuo\u0161al\u0173 ir drabu\u017ei\u0173 elektronin\u0117 parduotuv\u0117\" \/>\n<meta property=\"og:description\" content=\"Auskarai su moisanitais deimantais rinkel\u0117s 203.55 mm*2 moissanito deimantasS\u030cvarumas VVS1, spalva D,925 prabos sidabras\" \/>\n<meta property=\"og:url\" content=\"https:\/\/ilkashop.lt\/en\/product\/auskarai-su-moisanitais-deimantais-4\/\" \/>\n<meta property=\"og:site_name\" content=\"Ilkashop.lt, papuo\u0161al\u0173 ir drabu\u017ei\u0173 elektronin\u0117 parduotuv\u0117\" \/>\n<meta property=\"og:image\" content=\"https:\/\/ilkashop.lt\/wp-content\/uploads\/2025\/02\/\u201eWhatsApp-Atvaizdas-2025-02-11-06.22.23_4da66cc9.jpg\" \/>\n\t<meta property=\"og:image:width\" content=\"1179\" \/>\n\t<meta property=\"og:image:height\" content=\"1037\" \/>\n\t<meta property=\"og:image:type\" content=\"image\/jpeg\" \/>\n<meta name=\"twitter:card\" content=\"summary_large_image\" \/>\n<meta name=\"twitter:label1\" content=\"Est. reading time\" \/>\n\t<meta name=\"twitter:data1\" content=\"1 minute\" \/>\n<script type=\"application\/ld+json\" class=\"yoast-schema-graph\">{\"@context\":\"https:\\\/\\\/schema.org\",\"@graph\":[{\"@type\":\"WebPage\",\"@id\":\"https:\\\/\\\/ilkashop.lt\\\/product\\\/auskarai-su-moisanitais-deimantais-4\\\/\",\"url\":\"https:\\\/\\\/ilkashop.lt\\\/product\\\/auskarai-su-moisanitais-deimantais-4\\\/\",\"name\":\"Auskarai su moisanitais deimantais - Ilkashop.lt, papuo\u0161al\u0173 ir drabu\u017ei\u0173 elektronin\u0117 parduotuv\u0117\",\"isPartOf\":{\"@id\":\"https:\\\/\\\/ilkashop.lt\\\/#website\"},\"primaryImageOfPage\":{\"@id\":\"https:\\\/\\\/ilkashop.lt\\\/product\\\/auskarai-su-moisanitais-deimantais-4\\\/#primaryimage\"},\"image\":{\"@id\":\"https:\\\/\\\/ilkashop.lt\\\/product\\\/auskarai-su-moisanitais-deimantais-4\\\/#primaryimage\"},\"thumbnailUrl\":\"https:\\\/\\\/ilkashop.lt\\\/wp-content\\\/uploads\\\/2025\\\/02\\\/\u201eWhatsApp-Atvaizdas-2025-02-11-06.22.23_4da66cc9.jpg\",\"datePublished\":\"2025-02-12T08:21:10+00:00\",\"description\":\"Auskarai su moisanitais deimantais rinkel\u0117s 203.55 mm*2 moissanito deimantasS\u030cvarumas VVS1, spalva D,925 prabos sidabras\",\"breadcrumb\":{\"@id\":\"https:\\\/\\\/ilkashop.lt\\\/product\\\/auskarai-su-moisanitais-deimantais-4\\\/#breadcrumb\"},\"inLanguage\":\"en-US\",\"potentialAction\":[{\"@type\":\"ReadAction\",\"target\":[\"https:\\\/\\\/ilkashop.lt\\\/product\\\/auskarai-su-moisanitais-deimantais-4\\\/\"]}]},{\"@type\":\"ImageObject\",\"inLanguage\":\"en-US\",\"@id\":\"https:\\\/\\\/ilkashop.lt\\\/product\\\/auskarai-su-moisanitais-deimantais-4\\\/#primaryimage\",\"url\":\"https:\\\/\\\/ilkashop.lt\\\/wp-content\\\/uploads\\\/2025\\\/02\\\/\u201eWhatsApp-Atvaizdas-2025-02-11-06.22.23_4da66cc9.jpg\",\"contentUrl\":\"https:\\\/\\\/ilkashop.lt\\\/wp-content\\\/uploads\\\/2025\\\/02\\\/\u201eWhatsApp-Atvaizdas-2025-02-11-06.22.23_4da66cc9.jpg\",\"width\":1179,\"height\":1037},{\"@type\":\"BreadcrumbList\",\"@id\":\"https:\\\/\\\/ilkashop.lt\\\/product\\\/auskarai-su-moisanitais-deimantais-4\\\/#breadcrumb\",\"itemListElement\":[{\"@type\":\"ListItem\",\"position\":1,\"name\":\"Home\",\"item\":\"https:\\\/\\\/ilkashop.lt\\\/\"},{\"@type\":\"ListItem\",\"position\":2,\"name\":\"Parduotuv\u0117\",\"item\":\"https:\\\/\\\/ilkashop.lt\\\/parduotuve\\\/\"},{\"@type\":\"ListItem\",\"position\":3,\"name\":\"Auskarai su moisanitais deimantais\"}]},{\"@type\":\"WebSite\",\"@id\":\"https:\\\/\\\/ilkashop.lt\\\/#website\",\"url\":\"https:\\\/\\\/ilkashop.lt\\\/\",\"name\":\"Ilkashop.lt, papuo\u0161al\u0173 ir drabu\u017ei\u0173 elektronin\u0117 parduotuv\u0117\",\"description\":\"\",\"publisher\":{\"@id\":\"https:\\\/\\\/ilkashop.lt\\\/#organization\"},\"potentialAction\":[{\"@type\":\"SearchAction\",\"target\":{\"@type\":\"EntryPoint\",\"urlTemplate\":\"https:\\\/\\\/ilkashop.lt\\\/?s={search_term_string}\"},\"query-input\":{\"@type\":\"PropertyValueSpecification\",\"valueRequired\":true,\"valueName\":\"search_term_string\"}}],\"inLanguage\":\"en-US\"},{\"@type\":\"Organization\",\"@id\":\"https:\\\/\\\/ilkashop.lt\\\/#organization\",\"name\":\"Ilkashop.lt, papuo\u0161al\u0173 ir drabu\u017ei\u0173 elektronin\u0117 parduotuv\u0117\",\"url\":\"https:\\\/\\\/ilkashop.lt\\\/\",\"logo\":{\"@type\":\"ImageObject\",\"inLanguage\":\"en-US\",\"@id\":\"https:\\\/\\\/ilkashop.lt\\\/#\\\/schema\\\/logo\\\/image\\\/\",\"url\":\"https:\\\/\\\/ilkashop.lt\\\/wp-content\\\/uploads\\\/2025\\\/01\\\/cropped-ILKAADAMS-LOGO.png\",\"contentUrl\":\"https:\\\/\\\/ilkashop.lt\\\/wp-content\\\/uploads\\\/2025\\\/01\\\/cropped-ILKAADAMS-LOGO.png\",\"width\":244,\"height\":65,\"caption\":\"Ilkashop.lt, papuo\u0161al\u0173 ir drabu\u017ei\u0173 elektronin\u0117 parduotuv\u0117\"},\"image\":{\"@id\":\"https:\\\/\\\/ilkashop.lt\\\/#\\\/schema\\\/logo\\\/image\\\/\"}}]}<\/script>\n<!-- \/ Yoast SEO plugin. -->","yoast_head_json":{"title":"Auskarai su moisanitais deimantais - Ilkashop.lt, papuo\u0161al\u0173 ir drabu\u017ei\u0173 elektronin\u0117 parduotuv\u0117","description":"Auskarai su moisanitais deimantais rinkel\u0117s 203.55 mm*2 moissanito deimantasS\u030cvarumas VVS1, spalva D,925 prabos sidabras","robots":{"index":"index","follow":"follow","max-snippet":"max-snippet:-1","max-image-preview":"max-image-preview:large","max-video-preview":"max-video-preview:-1"},"canonical":"https:\/\/ilkashop.lt\/en\/product\/auskarai-su-moisanitais-deimantais-4\/","og_locale":"en_US","og_type":"article","og_title":"Auskarai su moisanitais deimantais - Ilkashop.lt, papuo\u0161al\u0173 ir drabu\u017ei\u0173 elektronin\u0117 parduotuv\u0117","og_description":"Auskarai su moisanitais deimantais rinkel\u0117s 203.55 mm*2 moissanito deimantasS\u030cvarumas VVS1, spalva D,925 prabos sidabras","og_url":"https:\/\/ilkashop.lt\/en\/product\/auskarai-su-moisanitais-deimantais-4\/","og_site_name":"Ilkashop.lt, papuo\u0161al\u0173 ir drabu\u017ei\u0173 elektronin\u0117 parduotuv\u0117","og_image":[{"width":1179,"height":1037,"url":"https:\/\/ilkashop.lt\/wp-content\/uploads\/2025\/02\/\u201eWhatsApp-Atvaizdas-2025-02-11-06.22.23_4da66cc9.jpg","type":"image\/jpeg"}],"twitter_card":"summary_large_image","twitter_misc":{"Est. reading time":"1 minute"},"schema":{"@context":"https:\/\/schema.org","@graph":[{"@type":"WebPage","@id":"https:\/\/ilkashop.lt\/product\/auskarai-su-moisanitais-deimantais-4\/","url":"https:\/\/ilkashop.lt\/product\/auskarai-su-moisanitais-deimantais-4\/","name":"Auskarai su moisanitais deimantais - Ilkashop.lt, papuo\u0161al\u0173 ir drabu\u017ei\u0173 elektronin\u0117 parduotuv\u0117","isPartOf":{"@id":"https:\/\/ilkashop.lt\/#website"},"primaryImageOfPage":{"@id":"https:\/\/ilkashop.lt\/product\/auskarai-su-moisanitais-deimantais-4\/#primaryimage"},"image":{"@id":"https:\/\/ilkashop.lt\/product\/auskarai-su-moisanitais-deimantais-4\/#primaryimage"},"thumbnailUrl":"https:\/\/ilkashop.lt\/wp-content\/uploads\/2025\/02\/\u201eWhatsApp-Atvaizdas-2025-02-11-06.22.23_4da66cc9.jpg","datePublished":"2025-02-12T08:21:10+00:00","description":"Auskarai su moisanitais deimantais rinkel\u0117s 203.55 mm*2 moissanito deimantasS\u030cvarumas VVS1, spalva D,925 prabos sidabras","breadcrumb":{"@id":"https:\/\/ilkashop.lt\/product\/auskarai-su-moisanitais-deimantais-4\/#breadcrumb"},"inLanguage":"en-US","potentialAction":[{"@type":"ReadAction","target":["https:\/\/ilkashop.lt\/product\/auskarai-su-moisanitais-deimantais-4\/"]}]},{"@type":"ImageObject","inLanguage":"en-US","@id":"https:\/\/ilkashop.lt\/product\/auskarai-su-moisanitais-deimantais-4\/#primaryimage","url":"https:\/\/ilkashop.lt\/wp-content\/uploads\/2025\/02\/\u201eWhatsApp-Atvaizdas-2025-02-11-06.22.23_4da66cc9.jpg","contentUrl":"https:\/\/ilkashop.lt\/wp-content\/uploads\/2025\/02\/\u201eWhatsApp-Atvaizdas-2025-02-11-06.22.23_4da66cc9.jpg","width":1179,"height":1037},{"@type":"BreadcrumbList","@id":"https:\/\/ilkashop.lt\/product\/auskarai-su-moisanitais-deimantais-4\/#breadcrumb","itemListElement":[{"@type":"ListItem","position":1,"name":"Home","item":"https:\/\/ilkashop.lt\/"},{"@type":"ListItem","position":2,"name":"Parduotuv\u0117","item":"https:\/\/ilkashop.lt\/parduotuve\/"},{"@type":"ListItem","position":3,"name":"Auskarai su moisanitais deimantais"}]},{"@type":"WebSite","@id":"https:\/\/ilkashop.lt\/#website","url":"https:\/\/ilkashop.lt\/","name":"Ilkashop.lt, papuo\u0161al\u0173 ir drabu\u017ei\u0173 elektronin\u0117 parduotuv\u0117","description":"","publisher":{"@id":"https:\/\/ilkashop.lt\/#organization"},"potentialAction":[{"@type":"SearchAction","target":{"@type":"EntryPoint","urlTemplate":"https:\/\/ilkashop.lt\/?s={search_term_string}"},"query-input":{"@type":"PropertyValueSpecification","valueRequired":true,"valueName":"search_term_string"}}],"inLanguage":"en-US"},{"@type":"Organization","@id":"https:\/\/ilkashop.lt\/#organization","name":"Ilkashop.lt, papuo\u0161al\u0173 ir drabu\u017ei\u0173 elektronin\u0117 parduotuv\u0117","url":"https:\/\/ilkashop.lt\/","logo":{"@type":"ImageObject","inLanguage":"en-US","@id":"https:\/\/ilkashop.lt\/#\/schema\/logo\/image\/","url":"https:\/\/ilkashop.lt\/wp-content\/uploads\/2025\/01\/cropped-ILKAADAMS-LOGO.png","contentUrl":"https:\/\/ilkashop.lt\/wp-content\/uploads\/2025\/01\/cropped-ILKAADAMS-LOGO.png","width":244,"height":65,"caption":"Ilkashop.lt, papuo\u0161al\u0173 ir drabu\u017ei\u0173 elektronin\u0117 parduotuv\u0117"},"image":{"@id":"https:\/\/ilkashop.lt\/#\/schema\/logo\/image\/"}}]}},"uagb_featured_image_src":{"full":["https:\/\/ilkashop.lt\/wp-content\/uploads\/2025\/02\/\u201eWhatsApp-Atvaizdas-2025-02-11-06.22.23_4da66cc9.jpg",1179,1037,false],"thumbnail":["https:\/\/ilkashop.lt\/wp-content\/uploads\/2025\/02\/\u201eWhatsApp-Atvaizdas-2025-02-11-06.22.23_4da66cc9-150x150.jpg",150,150,true],"medium":["https:\/\/ilkashop.lt\/wp-content\/uploads\/2025\/02\/\u201eWhatsApp-Atvaizdas-2025-02-11-06.22.23_4da66cc9-300x264.jpg",300,264,true],"medium_large":["https:\/\/ilkashop.lt\/wp-content\/uploads\/2025\/02\/\u201eWhatsApp-Atvaizdas-2025-02-11-06.22.23_4da66cc9-768x676.jpg",768,676,true],"large":["https:\/\/ilkashop.lt\/wp-content\/uploads\/2025\/02\/\u201eWhatsApp-Atvaizdas-2025-02-11-06.22.23_4da66cc9-1024x901.jpg",1024,901,true],"1536x1536":["https:\/\/ilkashop.lt\/wp-content\/uploads\/2025\/02\/\u201eWhatsApp-Atvaizdas-2025-02-11-06.22.23_4da66cc9.jpg",1179,1037,false],"2048x2048":["https:\/\/ilkashop.lt\/wp-content\/uploads\/2025\/02\/\u201eWhatsApp-Atvaizdas-2025-02-11-06.22.23_4da66cc9.jpg",1179,1037,false],"trp-custom-language-flag":["https:\/\/ilkashop.lt\/wp-content\/uploads\/2025\/02\/\u201eWhatsApp-Atvaizdas-2025-02-11-06.22.23_4da66cc9-14x12.jpg",14,12,true],"woocommerce_thumbnail":["https:\/\/ilkashop.lt\/wp-content\/uploads\/2025\/02\/\u201eWhatsApp-Atvaizdas-2025-02-11-06.22.23_4da66cc9-600x600.jpg",600,600,true],"woocommerce_single":["https:\/\/ilkashop.lt\/wp-content\/uploads\/2025\/02\/\u201eWhatsApp-Atvaizdas-2025-02-11-06.22.23_4da66cc9-600x528.jpg",600,528,true],"woocommerce_gallery_thumbnail":["https:\/\/ilkashop.lt\/wp-content\/uploads\/2025\/02\/\u201eWhatsApp-Atvaizdas-2025-02-11-06.22.23_4da66cc9-100x100.jpg",100,100,true]},"uagb_author_info":{"display_name":"Ilka Adams","author_link":"https:\/\/ilkashop.lt\/en\/author\/"},"uagb_comment_info":0,"uagb_excerpt":"Auskarai su moisanitais deimantais rinkel\u0117s 20 3.55 mm*2 moissanito deimantas S\u030cvarumas VVS1, spalva D, 925 prabos sidabras","_links":{"self":[{"href":"https:\/\/ilkashop.lt\/en\/wp-json\/wp\/v2\/product\/2674","targetHints":{"allow":["GET"]}}],"collection":[{"href":"https:\/\/ilkashop.lt\/en\/wp-json\/wp\/v2\/product"}],"about":[{"href":"https:\/\/ilkashop.lt\/en\/wp-json\/wp\/v2\/types\/product"}],"replies":[{"embeddable":true,"href":"https:\/\/ilkashop.lt\/en\/wp-json\/wp\/v2\/comments?post=2674"}],"wp:featuredmedia":[{"embeddable":true,"href":"https:\/\/ilkashop.lt\/en\/wp-json\/wp\/v2\/media\/2675"}],"wp:attachment":[{"href":"https:\/\/ilkashop.lt\/en\/wp-json\/wp\/v2\/media?parent=2674"}],"wp:term":[{"taxonomy":"product_brand","embeddable":true,"href":"https:\/\/ilkashop.lt\/en\/wp-json\/wp\/v2\/product_brand?post=2674"},{"taxonomy":"product_cat","embeddable":true,"href":"https:\/\/ilkashop.lt\/en\/wp-json\/wp\/v2\/product_cat?post=2674"},{"taxonomy":"product_tag","embeddable":true,"href":"https:\/\/ilkashop.lt\/en\/wp-json\/wp\/v2\/product_tag?post=2674"}],"curies":[{"name":"wp","href":"https:\/\/api.w.org\/{rel}","templated":true}]}}