{"id":2596,"date":"2025-02-11T11:38:37","date_gmt":"2025-02-11T11:38:37","guid":{"rendered":"https:\/\/ilkashop.lt\/?post_type=product&#038;p=2596"},"modified":"2025-02-11T11:38:37","modified_gmt":"2025-02-11T11:38:37","slug":"auskarai-su-moisanitais-deimantais-studs-8","status":"publish","type":"product","link":"https:\/\/ilkashop.lt\/en\/product\/auskarai-su-moisanitais-deimantais-studs-8\/","title":{"rendered":"Auskarai su moisanitais deimantais Studs"},"content":{"rendered":"<p>Nuimami auskarai su akut\u0117mis<br \/>\nKaratai: moissanito deimantas po 0,5CT ir 1CT<br \/>\nS\u030cvarumas VVS1, spalva D,<br \/>\n925 prabos sidabras<br \/>\nSvoris 0.93g<br \/>\nPaauksuota 18K *balto aukso *geltono aukso *ro\u017eine aukso<\/p>\n<p>U\u017esakymas u\u017etrunka apie tris savait\u0117s<\/p>","protected":false},"excerpt":{"rendered":"<p>Nuimami auskarai su akut\u0117mis<br \/>\nKaratai: moissanito deimantas po 0,5CT ir 1CT<br \/>\nS\u030cvarumas VVS1, spalva D,<br \/>\n925 prabos sidabras<\/p>","protected":false},"featured_media":2598,"comment_status":"open","ping_status":"closed","template":"","meta":{"_uag_custom_page_level_css":"","site-sidebar-layout":"default","site-content-layout":"","ast-site-content-layout":"default","site-content-style":"default","site-sidebar-style":"default","ast-global-header-display":"","ast-banner-title-visibility":"","ast-main-header-display":"","ast-hfb-above-header-display":"","ast-hfb-below-header-display":"","ast-hfb-mobile-header-display":"","site-post-title":"","ast-breadcrumbs-content":"","ast-featured-img":"","footer-sml-layout":"","ast-disable-related-posts":"","theme-transparent-header-meta":"default","adv-header-id-meta":"","stick-header-meta":"","header-above-stick-meta":"","header-main-stick-meta":"","header-below-stick-meta":"","astra-migrate-meta-layouts":"set","ast-page-background-enabled":"default","ast-page-background-meta":{"desktop":{"background-color":"var(--ast-global-color-4)","background-image":"","background-repeat":"repeat","background-position":"center center","background-size":"auto","background-attachment":"scroll","background-type":"","background-media":"","overlay-type":"","overlay-color":"","overlay-opacity":"","overlay-gradient":""},"tablet":{"background-color":"","background-image":"","background-repeat":"repeat","background-position":"center center","background-size":"auto","background-attachment":"scroll","background-type":"","background-media":"","overlay-type":"","overlay-color":"","overlay-opacity":"","overlay-gradient":""},"mobile":{"background-color":"","background-image":"","background-repeat":"repeat","background-position":"center center","background-size":"auto","background-attachment":"scroll","background-type":"","background-media":"","overlay-type":"","overlay-color":"","overlay-opacity":"","overlay-gradient":""}},"ast-content-background-meta":{"desktop":{"background-color":"var(--ast-global-color-5)","background-image":"","background-repeat":"repeat","background-position":"center center","background-size":"auto","background-attachment":"scroll","background-type":"","background-media":"","overlay-type":"","overlay-color":"","overlay-opacity":"","overlay-gradient":""},"tablet":{"background-color":"var(--ast-global-color-5)","background-image":"","background-repeat":"repeat","background-position":"center center","background-size":"auto","background-attachment":"scroll","background-type":"","background-media":"","overlay-type":"","overlay-color":"","overlay-opacity":"","overlay-gradient":""},"mobile":{"background-color":"var(--ast-global-color-5)","background-image":"","background-repeat":"repeat","background-position":"center center","background-size":"auto","background-attachment":"scroll","background-type":"","background-media":"","overlay-type":"","overlay-color":"","overlay-opacity":"","overlay-gradient":""}}},"product_brand":[],"product_cat":[36],"product_tag":[],"class_list":{"0":"post-2596","1":"product","2":"type-product","3":"status-publish","4":"has-post-thumbnail","6":"product_cat-auskarai","7":"desktop-align-center","8":"tablet-align-center","9":"mobile-align-center","11":"first","12":"instock","13":"shipping-taxable","14":"purchasable","15":"product-type-variable"},"acf":[],"yoast_head":"<!-- This site is optimized with the Yoast SEO plugin v27.5 - https:\/\/yoast.com\/product\/yoast-seo-wordpress\/ -->\n<title>Auskarai su moisanitais deimantais Studs - Ilkashop.lt, papuo\u0161al\u0173 ir drabu\u017ei\u0173 elektronin\u0117 parduotuv\u0117<\/title>\n<meta name=\"description\" content=\"Nuimami auskarai su akut\u0117misKaratai: moissanito deimantas po 0,5CT ir 1CTS\u030cvarumas VVS1, spalva D,925 prabos sidabras\" \/>\n<meta name=\"robots\" content=\"index, follow, max-snippet:-1, max-image-preview:large, max-video-preview:-1\" \/>\n<link rel=\"canonical\" href=\"https:\/\/ilkashop.lt\/en\/product\/auskarai-su-moisanitais-deimantais-studs-8\/\" \/>\n<meta property=\"og:locale\" content=\"en_US\" \/>\n<meta property=\"og:type\" content=\"article\" \/>\n<meta property=\"og:title\" content=\"Auskarai su moisanitais deimantais Studs - Ilkashop.lt, papuo\u0161al\u0173 ir drabu\u017ei\u0173 elektronin\u0117 parduotuv\u0117\" \/>\n<meta property=\"og:description\" content=\"Nuimami auskarai su akut\u0117misKaratai: moissanito deimantas po 0,5CT ir 1CTS\u030cvarumas VVS1, spalva D,925 prabos sidabras\" \/>\n<meta property=\"og:url\" content=\"https:\/\/ilkashop.lt\/en\/product\/auskarai-su-moisanitais-deimantais-studs-8\/\" \/>\n<meta property=\"og:site_name\" content=\"Ilkashop.lt, papuo\u0161al\u0173 ir drabu\u017ei\u0173 elektronin\u0117 parduotuv\u0117\" \/>\n<meta property=\"og:image\" content=\"https:\/\/ilkashop.lt\/wp-content\/uploads\/2025\/02\/\u201eWhatsApp-Atvaizdas-2025-02-10-09.20.56_f2701165.jpg\" \/>\n\t<meta property=\"og:image:width\" content=\"1179\" \/>\n\t<meta property=\"og:image:height\" content=\"898\" \/>\n\t<meta property=\"og:image:type\" content=\"image\/jpeg\" \/>\n<meta name=\"twitter:card\" content=\"summary_large_image\" \/>\n<meta name=\"twitter:label1\" content=\"Est. reading time\" \/>\n\t<meta name=\"twitter:data1\" content=\"1 minute\" \/>\n<script type=\"application\/ld+json\" class=\"yoast-schema-graph\">{\"@context\":\"https:\\\/\\\/schema.org\",\"@graph\":[{\"@type\":\"WebPage\",\"@id\":\"https:\\\/\\\/ilkashop.lt\\\/product\\\/auskarai-su-moisanitais-deimantais-studs-8\\\/\",\"url\":\"https:\\\/\\\/ilkashop.lt\\\/product\\\/auskarai-su-moisanitais-deimantais-studs-8\\\/\",\"name\":\"Auskarai su moisanitais deimantais Studs - Ilkashop.lt, papuo\u0161al\u0173 ir drabu\u017ei\u0173 elektronin\u0117 parduotuv\u0117\",\"isPartOf\":{\"@id\":\"https:\\\/\\\/ilkashop.lt\\\/#website\"},\"primaryImageOfPage\":{\"@id\":\"https:\\\/\\\/ilkashop.lt\\\/product\\\/auskarai-su-moisanitais-deimantais-studs-8\\\/#primaryimage\"},\"image\":{\"@id\":\"https:\\\/\\\/ilkashop.lt\\\/product\\\/auskarai-su-moisanitais-deimantais-studs-8\\\/#primaryimage\"},\"thumbnailUrl\":\"https:\\\/\\\/ilkashop.lt\\\/wp-content\\\/uploads\\\/2025\\\/02\\\/\u201eWhatsApp-Atvaizdas-2025-02-10-09.20.56_f2701165.jpg\",\"datePublished\":\"2025-02-11T11:38:37+00:00\",\"description\":\"Nuimami auskarai su akut\u0117misKaratai: moissanito deimantas po 0,5CT ir 1CTS\u030cvarumas VVS1, spalva D,925 prabos sidabras\",\"breadcrumb\":{\"@id\":\"https:\\\/\\\/ilkashop.lt\\\/product\\\/auskarai-su-moisanitais-deimantais-studs-8\\\/#breadcrumb\"},\"inLanguage\":\"en-US\",\"potentialAction\":[{\"@type\":\"ReadAction\",\"target\":[\"https:\\\/\\\/ilkashop.lt\\\/product\\\/auskarai-su-moisanitais-deimantais-studs-8\\\/\"]}]},{\"@type\":\"ImageObject\",\"inLanguage\":\"en-US\",\"@id\":\"https:\\\/\\\/ilkashop.lt\\\/product\\\/auskarai-su-moisanitais-deimantais-studs-8\\\/#primaryimage\",\"url\":\"https:\\\/\\\/ilkashop.lt\\\/wp-content\\\/uploads\\\/2025\\\/02\\\/\u201eWhatsApp-Atvaizdas-2025-02-10-09.20.56_f2701165.jpg\",\"contentUrl\":\"https:\\\/\\\/ilkashop.lt\\\/wp-content\\\/uploads\\\/2025\\\/02\\\/\u201eWhatsApp-Atvaizdas-2025-02-10-09.20.56_f2701165.jpg\",\"width\":1179,\"height\":898},{\"@type\":\"BreadcrumbList\",\"@id\":\"https:\\\/\\\/ilkashop.lt\\\/product\\\/auskarai-su-moisanitais-deimantais-studs-8\\\/#breadcrumb\",\"itemListElement\":[{\"@type\":\"ListItem\",\"position\":1,\"name\":\"Home\",\"item\":\"https:\\\/\\\/ilkashop.lt\\\/\"},{\"@type\":\"ListItem\",\"position\":2,\"name\":\"Parduotuv\u0117\",\"item\":\"https:\\\/\\\/ilkashop.lt\\\/parduotuve\\\/\"},{\"@type\":\"ListItem\",\"position\":3,\"name\":\"Auskarai su moisanitais deimantais Studs\"}]},{\"@type\":\"WebSite\",\"@id\":\"https:\\\/\\\/ilkashop.lt\\\/#website\",\"url\":\"https:\\\/\\\/ilkashop.lt\\\/\",\"name\":\"Ilkashop.lt, papuo\u0161al\u0173 ir drabu\u017ei\u0173 elektronin\u0117 parduotuv\u0117\",\"description\":\"\",\"publisher\":{\"@id\":\"https:\\\/\\\/ilkashop.lt\\\/#organization\"},\"potentialAction\":[{\"@type\":\"SearchAction\",\"target\":{\"@type\":\"EntryPoint\",\"urlTemplate\":\"https:\\\/\\\/ilkashop.lt\\\/?s={search_term_string}\"},\"query-input\":{\"@type\":\"PropertyValueSpecification\",\"valueRequired\":true,\"valueName\":\"search_term_string\"}}],\"inLanguage\":\"en-US\"},{\"@type\":\"Organization\",\"@id\":\"https:\\\/\\\/ilkashop.lt\\\/#organization\",\"name\":\"Ilkashop.lt, papuo\u0161al\u0173 ir drabu\u017ei\u0173 elektronin\u0117 parduotuv\u0117\",\"url\":\"https:\\\/\\\/ilkashop.lt\\\/\",\"logo\":{\"@type\":\"ImageObject\",\"inLanguage\":\"en-US\",\"@id\":\"https:\\\/\\\/ilkashop.lt\\\/#\\\/schema\\\/logo\\\/image\\\/\",\"url\":\"https:\\\/\\\/ilkashop.lt\\\/wp-content\\\/uploads\\\/2025\\\/01\\\/cropped-ILKAADAMS-LOGO.png\",\"contentUrl\":\"https:\\\/\\\/ilkashop.lt\\\/wp-content\\\/uploads\\\/2025\\\/01\\\/cropped-ILKAADAMS-LOGO.png\",\"width\":244,\"height\":65,\"caption\":\"Ilkashop.lt, papuo\u0161al\u0173 ir drabu\u017ei\u0173 elektronin\u0117 parduotuv\u0117\"},\"image\":{\"@id\":\"https:\\\/\\\/ilkashop.lt\\\/#\\\/schema\\\/logo\\\/image\\\/\"}}]}<\/script>\n<!-- \/ Yoast SEO plugin. -->","yoast_head_json":{"title":"Auskarai su moisanitais deimantais Studs - Ilkashop.lt, papuo\u0161al\u0173 ir drabu\u017ei\u0173 elektronin\u0117 parduotuv\u0117","description":"Nuimami auskarai su akut\u0117misKaratai: moissanito deimantas po 0,5CT ir 1CTS\u030cvarumas VVS1, spalva D,925 prabos sidabras","robots":{"index":"index","follow":"follow","max-snippet":"max-snippet:-1","max-image-preview":"max-image-preview:large","max-video-preview":"max-video-preview:-1"},"canonical":"https:\/\/ilkashop.lt\/en\/product\/auskarai-su-moisanitais-deimantais-studs-8\/","og_locale":"en_US","og_type":"article","og_title":"Auskarai su moisanitais deimantais Studs - Ilkashop.lt, papuo\u0161al\u0173 ir drabu\u017ei\u0173 elektronin\u0117 parduotuv\u0117","og_description":"Nuimami auskarai su akut\u0117misKaratai: moissanito deimantas po 0,5CT ir 1CTS\u030cvarumas VVS1, spalva D,925 prabos sidabras","og_url":"https:\/\/ilkashop.lt\/en\/product\/auskarai-su-moisanitais-deimantais-studs-8\/","og_site_name":"Ilkashop.lt, papuo\u0161al\u0173 ir drabu\u017ei\u0173 elektronin\u0117 parduotuv\u0117","og_image":[{"width":1179,"height":898,"url":"https:\/\/ilkashop.lt\/wp-content\/uploads\/2025\/02\/\u201eWhatsApp-Atvaizdas-2025-02-10-09.20.56_f2701165.jpg","type":"image\/jpeg"}],"twitter_card":"summary_large_image","twitter_misc":{"Est. reading time":"1 minute"},"schema":{"@context":"https:\/\/schema.org","@graph":[{"@type":"WebPage","@id":"https:\/\/ilkashop.lt\/product\/auskarai-su-moisanitais-deimantais-studs-8\/","url":"https:\/\/ilkashop.lt\/product\/auskarai-su-moisanitais-deimantais-studs-8\/","name":"Auskarai su moisanitais deimantais Studs - Ilkashop.lt, papuo\u0161al\u0173 ir drabu\u017ei\u0173 elektronin\u0117 parduotuv\u0117","isPartOf":{"@id":"https:\/\/ilkashop.lt\/#website"},"primaryImageOfPage":{"@id":"https:\/\/ilkashop.lt\/product\/auskarai-su-moisanitais-deimantais-studs-8\/#primaryimage"},"image":{"@id":"https:\/\/ilkashop.lt\/product\/auskarai-su-moisanitais-deimantais-studs-8\/#primaryimage"},"thumbnailUrl":"https:\/\/ilkashop.lt\/wp-content\/uploads\/2025\/02\/\u201eWhatsApp-Atvaizdas-2025-02-10-09.20.56_f2701165.jpg","datePublished":"2025-02-11T11:38:37+00:00","description":"Nuimami auskarai su akut\u0117misKaratai: moissanito deimantas po 0,5CT ir 1CTS\u030cvarumas VVS1, spalva D,925 prabos sidabras","breadcrumb":{"@id":"https:\/\/ilkashop.lt\/product\/auskarai-su-moisanitais-deimantais-studs-8\/#breadcrumb"},"inLanguage":"en-US","potentialAction":[{"@type":"ReadAction","target":["https:\/\/ilkashop.lt\/product\/auskarai-su-moisanitais-deimantais-studs-8\/"]}]},{"@type":"ImageObject","inLanguage":"en-US","@id":"https:\/\/ilkashop.lt\/product\/auskarai-su-moisanitais-deimantais-studs-8\/#primaryimage","url":"https:\/\/ilkashop.lt\/wp-content\/uploads\/2025\/02\/\u201eWhatsApp-Atvaizdas-2025-02-10-09.20.56_f2701165.jpg","contentUrl":"https:\/\/ilkashop.lt\/wp-content\/uploads\/2025\/02\/\u201eWhatsApp-Atvaizdas-2025-02-10-09.20.56_f2701165.jpg","width":1179,"height":898},{"@type":"BreadcrumbList","@id":"https:\/\/ilkashop.lt\/product\/auskarai-su-moisanitais-deimantais-studs-8\/#breadcrumb","itemListElement":[{"@type":"ListItem","position":1,"name":"Home","item":"https:\/\/ilkashop.lt\/"},{"@type":"ListItem","position":2,"name":"Parduotuv\u0117","item":"https:\/\/ilkashop.lt\/parduotuve\/"},{"@type":"ListItem","position":3,"name":"Auskarai su moisanitais deimantais Studs"}]},{"@type":"WebSite","@id":"https:\/\/ilkashop.lt\/#website","url":"https:\/\/ilkashop.lt\/","name":"Ilkashop.lt, papuo\u0161al\u0173 ir drabu\u017ei\u0173 elektronin\u0117 parduotuv\u0117","description":"","publisher":{"@id":"https:\/\/ilkashop.lt\/#organization"},"potentialAction":[{"@type":"SearchAction","target":{"@type":"EntryPoint","urlTemplate":"https:\/\/ilkashop.lt\/?s={search_term_string}"},"query-input":{"@type":"PropertyValueSpecification","valueRequired":true,"valueName":"search_term_string"}}],"inLanguage":"en-US"},{"@type":"Organization","@id":"https:\/\/ilkashop.lt\/#organization","name":"Ilkashop.lt, papuo\u0161al\u0173 ir drabu\u017ei\u0173 elektronin\u0117 parduotuv\u0117","url":"https:\/\/ilkashop.lt\/","logo":{"@type":"ImageObject","inLanguage":"en-US","@id":"https:\/\/ilkashop.lt\/#\/schema\/logo\/image\/","url":"https:\/\/ilkashop.lt\/wp-content\/uploads\/2025\/01\/cropped-ILKAADAMS-LOGO.png","contentUrl":"https:\/\/ilkashop.lt\/wp-content\/uploads\/2025\/01\/cropped-ILKAADAMS-LOGO.png","width":244,"height":65,"caption":"Ilkashop.lt, papuo\u0161al\u0173 ir drabu\u017ei\u0173 elektronin\u0117 parduotuv\u0117"},"image":{"@id":"https:\/\/ilkashop.lt\/#\/schema\/logo\/image\/"}}]}},"uagb_featured_image_src":{"full":["https:\/\/ilkashop.lt\/wp-content\/uploads\/2025\/02\/\u201eWhatsApp-Atvaizdas-2025-02-10-09.20.56_f2701165.jpg",1179,898,false],"thumbnail":["https:\/\/ilkashop.lt\/wp-content\/uploads\/2025\/02\/\u201eWhatsApp-Atvaizdas-2025-02-10-09.20.56_f2701165-150x150.jpg",150,150,true],"medium":["https:\/\/ilkashop.lt\/wp-content\/uploads\/2025\/02\/\u201eWhatsApp-Atvaizdas-2025-02-10-09.20.56_f2701165-300x228.jpg",300,228,true],"medium_large":["https:\/\/ilkashop.lt\/wp-content\/uploads\/2025\/02\/\u201eWhatsApp-Atvaizdas-2025-02-10-09.20.56_f2701165-768x585.jpg",768,585,true],"large":["https:\/\/ilkashop.lt\/wp-content\/uploads\/2025\/02\/\u201eWhatsApp-Atvaizdas-2025-02-10-09.20.56_f2701165-1024x780.jpg",1024,780,true],"1536x1536":["https:\/\/ilkashop.lt\/wp-content\/uploads\/2025\/02\/\u201eWhatsApp-Atvaizdas-2025-02-10-09.20.56_f2701165.jpg",1179,898,false],"2048x2048":["https:\/\/ilkashop.lt\/wp-content\/uploads\/2025\/02\/\u201eWhatsApp-Atvaizdas-2025-02-10-09.20.56_f2701165.jpg",1179,898,false],"trp-custom-language-flag":["https:\/\/ilkashop.lt\/wp-content\/uploads\/2025\/02\/\u201eWhatsApp-Atvaizdas-2025-02-10-09.20.56_f2701165-16x12.jpg",16,12,true],"woocommerce_thumbnail":["https:\/\/ilkashop.lt\/wp-content\/uploads\/2025\/02\/\u201eWhatsApp-Atvaizdas-2025-02-10-09.20.56_f2701165-600x600.jpg",600,600,true],"woocommerce_single":["https:\/\/ilkashop.lt\/wp-content\/uploads\/2025\/02\/\u201eWhatsApp-Atvaizdas-2025-02-10-09.20.56_f2701165-600x457.jpg",600,457,true],"woocommerce_gallery_thumbnail":["https:\/\/ilkashop.lt\/wp-content\/uploads\/2025\/02\/\u201eWhatsApp-Atvaizdas-2025-02-10-09.20.56_f2701165-100x100.jpg",100,100,true]},"uagb_author_info":{"display_name":"Ilka Adams","author_link":"https:\/\/ilkashop.lt\/en\/author\/"},"uagb_comment_info":0,"uagb_excerpt":"Nuimami auskarai su akut\u0117mis Karatai: moissanito deimantas po 0,5CT ir 1CT S\u030cvarumas VVS1, spalva D, 925 prabos sidabras","_links":{"self":[{"href":"https:\/\/ilkashop.lt\/en\/wp-json\/wp\/v2\/product\/2596","targetHints":{"allow":["GET"]}}],"collection":[{"href":"https:\/\/ilkashop.lt\/en\/wp-json\/wp\/v2\/product"}],"about":[{"href":"https:\/\/ilkashop.lt\/en\/wp-json\/wp\/v2\/types\/product"}],"replies":[{"embeddable":true,"href":"https:\/\/ilkashop.lt\/en\/wp-json\/wp\/v2\/comments?post=2596"}],"wp:featuredmedia":[{"embeddable":true,"href":"https:\/\/ilkashop.lt\/en\/wp-json\/wp\/v2\/media\/2598"}],"wp:attachment":[{"href":"https:\/\/ilkashop.lt\/en\/wp-json\/wp\/v2\/media?parent=2596"}],"wp:term":[{"taxonomy":"product_brand","embeddable":true,"href":"https:\/\/ilkashop.lt\/en\/wp-json\/wp\/v2\/product_brand?post=2596"},{"taxonomy":"product_cat","embeddable":true,"href":"https:\/\/ilkashop.lt\/en\/wp-json\/wp\/v2\/product_cat?post=2596"},{"taxonomy":"product_tag","embeddable":true,"href":"https:\/\/ilkashop.lt\/en\/wp-json\/wp\/v2\/product_tag?post=2596"}],"curies":[{"name":"wp","href":"https:\/\/api.w.org\/{rel}","templated":true}]}}