{"id":3,"date":"2025-01-09T15:03:20","date_gmt":"2025-01-09T15:03:20","guid":{"rendered":"https:\/\/ilkashop.lt\/?page_id=3"},"modified":"2025-01-15T15:15:53","modified_gmt":"2025-01-15T15:15:53","slug":"privatumo-politika","status":"publish","type":"page","link":"https:\/\/ilkashop.lt\/en\/privatumo-politika\/","title":{"rendered":"Privacy Policy"},"content":{"rendered":"<p>Kas mes esame.<\/p>\n\n\n\n<p>M\u016bs\u0173 svetain\u0117s adresas yra: https:\/\/ilkashop.lt.<\/p>\n\n\n\n<p>Komentarai<\/p>\n\n\n\n<p>Kai lankytojai palieka komentarus svetain\u0117je, mes renkame duomenis, parodytus komentaro formoje, taip pat lankytojo IP adres\u0105 ir nar\u0161ykl\u0117s vartotojo agento eilut\u0119, kad pad\u0117tume aptikti \u0161lam\u0161t\u0105.<\/p>\n\n\n\n<p>Anonimizuota eilut\u0117, sukurta i\u0161 j\u016bs\u0173 el. pa\u0161to adreso (taip pat vadinama hash), gali b\u016bti pateikta Gravatar paslaugai, kad su\u017einotume, ar j\u0105 naudojate. Gravatar paslaugos privatumo politika yra \u010dia: https:\/\/automattic.com\/privacy\/. Patvirtinus j\u016bs\u0173 komentar\u0105, j\u016bs\u0173 profilio nuotrauka bus matoma vie\u0161ai kontekste, susijusiame su j\u016bs\u0173 komentaru.<\/p>\n\n\n\n<p>Media<\/p>\n\n\n\n<p>Jei \u012fkeliate nuotraukas \u012f svetain\u0119, tur\u0117tum\u0117te vengti \u012fkelti nuotraukas su \u012fterptais vietos duomenimis (EXIF GPS). Svetain\u0117s lankytojai gali atsisi\u0173sti ir i\u0161gauti bet kokius vietos duomenis i\u0161 nuotrauk\u0173 svetain\u0117je.<\/p>\n\n\n\n<p>Slapukai<\/p>\n\n\n\n<p>Jei paliekate komentar\u0105 m\u016bs\u0173 svetain\u0117je, galite sutikti i\u0161saugoti savo vard\u0105, el. pa\u0161to adres\u0105 ir svetain\u0119 slapukuose. Tai padeda jums, kad nereik\u0117t\u0173 v\u0117l u\u017epildyti savo duomen\u0173, kai paliekate kit\u0105 komentar\u0105. \u0160ie slapukai galios vienerius metus.<\/p>\n\n\n\n<p>Jei aplankysite m\u016bs\u0173 prisijungimo puslap\u012f, nustatysime laikin\u0105 slapuk\u0105, kad nustatytume, ar j\u016bs\u0173 nar\u0161ykl\u0117 priima slapukus. \u0160is slapukas neturi joki\u0173 asmens duomen\u0173 ir yra pa\u0161alinamas, kai u\u017edarote nar\u0161ykl\u0119.<\/p>\n\n\n\n<p>Kai prisijungiate, taip pat nustatysime kelet\u0105 slapuk\u0173, kad i\u0161saugotume j\u016bs\u0173 prisijungimo informacij\u0105 ir ekrano pasirinkimus. Prisijungimo slapukai galioja dvi dienas, o ekrano parink\u010di\u0173 slapukai &#8211; metus. Jei pasirinksite &#8222;Prisiminti mane&#8221;, j\u016bs\u0173 prisijungimas bus i\u0161saugotas dviem savait\u0117ms. Jei atsijungsite nuo savo paskyros, prisijungimo slapukai bus pa\u0161alinti.<\/p>\n\n\n\n<p>Jei redaguojate arba paskelbiate straipsn\u012f, j\u016bs\u0173 nar\u0161ykl\u0117je bus i\u0161saugotas papildomas slapukas. \u0160is slapukas neturi joki\u0173 asmens duomen\u0173 ir tiesiog nurodo straipsnio ID, kur\u012f k\u0105 tik redagavote. Jis pasibaigia po 1 dienos.<\/p>\n\n\n\n<p>\u012eterptas turinys i\u0161 kit\u0173 svetaini\u0173<\/p>\n\n\n\n<p> \u0160ios svetain\u0117s straipsniai gali apimti \u012fterpt\u0105 turin\u012f (pvz., vaizdo \u012fra\u0161us,<\/p>","protected":false},"excerpt":{"rendered":"<p>Kas mes esame. M\u016bs\u0173 svetain\u0117s adresas yra: https:\/\/ilkashop.lt. Komentarai Kai lankytojai palieka komentarus svetain\u0117je, mes renkame duomenis, parodytus komentaro formoje, taip pat lankytojo IP adres\u0105 ir nar\u0161ykl\u0117s vartotojo agento eilut\u0119, kad pad\u0117tume aptikti \u0161lam\u0161t\u0105. Anonimizuota eilut\u0117, sukurta i\u0161 j\u016bs\u0173 el. pa\u0161to adreso (taip pat vadinama hash), gali b\u016bti pateikta Gravatar paslaugai, kad su\u017einotume, ar j\u0105 [&hellip;]<\/p>\n","protected":false},"author":1,"featured_media":0,"parent":0,"menu_order":0,"comment_status":"closed","ping_status":"closed","template":"","meta":{"_uag_custom_page_level_css":"","site-sidebar-layout":"default","site-content-layout":"","ast-site-content-layout":"default","site-content-style":"default","site-sidebar-style":"default","ast-global-header-display":"","ast-banner-title-visibility":"","ast-main-header-display":"","ast-hfb-above-header-display":"","ast-hfb-below-header-display":"","ast-hfb-mobile-header-display":"","site-post-title":"","ast-breadcrumbs-content":"","ast-featured-img":"","footer-sml-layout":"","ast-disable-related-posts":"","theme-transparent-header-meta":"","adv-header-id-meta":"","stick-header-meta":"","header-above-stick-meta":"","header-main-stick-meta":"","header-below-stick-meta":"","astra-migrate-meta-layouts":"set","ast-page-background-enabled":"default","ast-page-background-meta":{"desktop":{"background-color":"var(--ast-global-color-4)","background-image":"","background-repeat":"repeat","background-position":"center center","background-size":"auto","background-attachment":"scroll","background-type":"","background-media":"","overlay-type":"","overlay-color":"","overlay-opacity":"","overlay-gradient":""},"tablet":{"background-color":"","background-image":"","background-repeat":"repeat","background-position":"center center","background-size":"auto","background-attachment":"scroll","background-type":"","background-media":"","overlay-type":"","overlay-color":"","overlay-opacity":"","overlay-gradient":""},"mobile":{"background-color":"","background-image":"","background-repeat":"repeat","background-position":"center center","background-size":"auto","background-attachment":"scroll","background-type":"","background-media":"","overlay-type":"","overlay-color":"","overlay-opacity":"","overlay-gradient":""}},"ast-content-background-meta":{"desktop":{"background-color":"var(--ast-global-color-5)","background-image":"","background-repeat":"repeat","background-position":"center center","background-size":"auto","background-attachment":"scroll","background-type":"","background-media":"","overlay-type":"","overlay-color":"","overlay-opacity":"","overlay-gradient":""},"tablet":{"background-color":"var(--ast-global-color-5)","background-image":"","background-repeat":"repeat","background-position":"center center","background-size":"auto","background-attachment":"scroll","background-type":"","background-media":"","overlay-type":"","overlay-color":"","overlay-opacity":"","overlay-gradient":""},"mobile":{"background-color":"var(--ast-global-color-5)","background-image":"","background-repeat":"repeat","background-position":"center center","background-size":"auto","background-attachment":"scroll","background-type":"","background-media":"","overlay-type":"","overlay-color":"","overlay-opacity":"","overlay-gradient":""}},"footnotes":""},"class_list":["post-3","page","type-page","status-publish","hentry"],"acf":[],"yoast_head":"<!-- This site is optimized with the Yoast SEO plugin v27.4 - https:\/\/yoast.com\/product\/yoast-seo-wordpress\/ -->\n<title>Privatumo politika - Ilkashop.lt, papuo\u0161al\u0173 ir drabu\u017ei\u0173 elektronin\u0117 parduotuv\u0117<\/title>\n<meta name=\"robots\" content=\"index, follow, max-snippet:-1, max-image-preview:large, max-video-preview:-1\" \/>\n<link rel=\"canonical\" href=\"https:\/\/ilkashop.lt\/en\/privatumo-politika\/\" \/>\n<meta property=\"og:locale\" content=\"en_US\" \/>\n<meta property=\"og:type\" content=\"article\" \/>\n<meta property=\"og:title\" content=\"Privatumo politika - Ilkashop.lt, papuo\u0161al\u0173 ir drabu\u017ei\u0173 elektronin\u0117 parduotuv\u0117\" \/>\n<meta property=\"og:description\" content=\"Kas mes esame. M\u016bs\u0173 svetain\u0117s adresas yra: https:\/\/ilkashop.lt. Komentarai Kai lankytojai palieka komentarus svetain\u0117je, mes renkame duomenis, parodytus komentaro formoje, taip pat lankytojo IP adres\u0105 ir nar\u0161ykl\u0117s vartotojo agento eilut\u0119, kad pad\u0117tume aptikti \u0161lam\u0161t\u0105. Anonimizuota eilut\u0117, sukurta i\u0161 j\u016bs\u0173 el. pa\u0161to adreso (taip pat vadinama hash), gali b\u016bti pateikta Gravatar paslaugai, kad su\u017einotume, ar j\u0105 [&hellip;]\" \/>\n<meta property=\"og:url\" content=\"https:\/\/ilkashop.lt\/en\/privatumo-politika\/\" \/>\n<meta property=\"og:site_name\" content=\"Ilkashop.lt, papuo\u0161al\u0173 ir drabu\u017ei\u0173 elektronin\u0117 parduotuv\u0117\" \/>\n<meta property=\"article:modified_time\" content=\"2025-01-15T15:15:53+00:00\" \/>\n<meta name=\"twitter:card\" content=\"summary_large_image\" \/>\n<meta name=\"twitter:label1\" content=\"Est. reading time\" \/>\n\t<meta name=\"twitter:data1\" content=\"2 minutes\" \/>\n<script type=\"application\/ld+json\" class=\"yoast-schema-graph\">{\"@context\":\"https:\\\/\\\/schema.org\",\"@graph\":[{\"@type\":\"WebPage\",\"@id\":\"https:\\\/\\\/ilkashop.lt\\\/privatumo-politika\\\/\",\"url\":\"https:\\\/\\\/ilkashop.lt\\\/privatumo-politika\\\/\",\"name\":\"Privatumo politika - Ilkashop.lt, papuo\u0161al\u0173 ir drabu\u017ei\u0173 elektronin\u0117 parduotuv\u0117\",\"isPartOf\":{\"@id\":\"https:\\\/\\\/ilkashop.lt\\\/#website\"},\"datePublished\":\"2025-01-09T15:03:20+00:00\",\"dateModified\":\"2025-01-15T15:15:53+00:00\",\"breadcrumb\":{\"@id\":\"https:\\\/\\\/ilkashop.lt\\\/privatumo-politika\\\/#breadcrumb\"},\"inLanguage\":\"en-US\",\"potentialAction\":[{\"@type\":\"ReadAction\",\"target\":[\"https:\\\/\\\/ilkashop.lt\\\/privatumo-politika\\\/\"]}]},{\"@type\":\"BreadcrumbList\",\"@id\":\"https:\\\/\\\/ilkashop.lt\\\/privatumo-politika\\\/#breadcrumb\",\"itemListElement\":[{\"@type\":\"ListItem\",\"position\":1,\"name\":\"Home\",\"item\":\"https:\\\/\\\/ilkashop.lt\\\/\"},{\"@type\":\"ListItem\",\"position\":2,\"name\":\"Privatumo politika\"}]},{\"@type\":\"WebSite\",\"@id\":\"https:\\\/\\\/ilkashop.lt\\\/#website\",\"url\":\"https:\\\/\\\/ilkashop.lt\\\/\",\"name\":\"Ilkashop.lt, papuo\u0161al\u0173 ir drabu\u017ei\u0173 elektronin\u0117 parduotuv\u0117\",\"description\":\"\",\"publisher\":{\"@id\":\"https:\\\/\\\/ilkashop.lt\\\/#organization\"},\"potentialAction\":[{\"@type\":\"SearchAction\",\"target\":{\"@type\":\"EntryPoint\",\"urlTemplate\":\"https:\\\/\\\/ilkashop.lt\\\/?s={search_term_string}\"},\"query-input\":{\"@type\":\"PropertyValueSpecification\",\"valueRequired\":true,\"valueName\":\"search_term_string\"}}],\"inLanguage\":\"en-US\"},{\"@type\":\"Organization\",\"@id\":\"https:\\\/\\\/ilkashop.lt\\\/#organization\",\"name\":\"Ilkashop.lt, papuo\u0161al\u0173 ir drabu\u017ei\u0173 elektronin\u0117 parduotuv\u0117\",\"url\":\"https:\\\/\\\/ilkashop.lt\\\/\",\"logo\":{\"@type\":\"ImageObject\",\"inLanguage\":\"en-US\",\"@id\":\"https:\\\/\\\/ilkashop.lt\\\/#\\\/schema\\\/logo\\\/image\\\/\",\"url\":\"https:\\\/\\\/ilkashop.lt\\\/wp-content\\\/uploads\\\/2025\\\/01\\\/cropped-ILKAADAMS-LOGO.png\",\"contentUrl\":\"https:\\\/\\\/ilkashop.lt\\\/wp-content\\\/uploads\\\/2025\\\/01\\\/cropped-ILKAADAMS-LOGO.png\",\"width\":244,\"height\":65,\"caption\":\"Ilkashop.lt, papuo\u0161al\u0173 ir drabu\u017ei\u0173 elektronin\u0117 parduotuv\u0117\"},\"image\":{\"@id\":\"https:\\\/\\\/ilkashop.lt\\\/#\\\/schema\\\/logo\\\/image\\\/\"}}]}<\/script>\n<!-- \/ Yoast SEO plugin. -->","yoast_head_json":{"title":"Privatumo politika - Ilkashop.lt, papuo\u0161al\u0173 ir drabu\u017ei\u0173 elektronin\u0117 parduotuv\u0117","robots":{"index":"index","follow":"follow","max-snippet":"max-snippet:-1","max-image-preview":"max-image-preview:large","max-video-preview":"max-video-preview:-1"},"canonical":"https:\/\/ilkashop.lt\/en\/privatumo-politika\/","og_locale":"en_US","og_type":"article","og_title":"Privatumo politika - Ilkashop.lt, papuo\u0161al\u0173 ir drabu\u017ei\u0173 elektronin\u0117 parduotuv\u0117","og_description":"Kas mes esame. M\u016bs\u0173 svetain\u0117s adresas yra: https:\/\/ilkashop.lt. Komentarai Kai lankytojai palieka komentarus svetain\u0117je, mes renkame duomenis, parodytus komentaro formoje, taip pat lankytojo IP adres\u0105 ir nar\u0161ykl\u0117s vartotojo agento eilut\u0119, kad pad\u0117tume aptikti \u0161lam\u0161t\u0105. Anonimizuota eilut\u0117, sukurta i\u0161 j\u016bs\u0173 el. pa\u0161to adreso (taip pat vadinama hash), gali b\u016bti pateikta Gravatar paslaugai, kad su\u017einotume, ar j\u0105 [&hellip;]","og_url":"https:\/\/ilkashop.lt\/en\/privatumo-politika\/","og_site_name":"Ilkashop.lt, papuo\u0161al\u0173 ir drabu\u017ei\u0173 elektronin\u0117 parduotuv\u0117","article_modified_time":"2025-01-15T15:15:53+00:00","twitter_card":"summary_large_image","twitter_misc":{"Est. reading time":"2 minutes"},"schema":{"@context":"https:\/\/schema.org","@graph":[{"@type":"WebPage","@id":"https:\/\/ilkashop.lt\/privatumo-politika\/","url":"https:\/\/ilkashop.lt\/privatumo-politika\/","name":"Privatumo politika - Ilkashop.lt, papuo\u0161al\u0173 ir drabu\u017ei\u0173 elektronin\u0117 parduotuv\u0117","isPartOf":{"@id":"https:\/\/ilkashop.lt\/#website"},"datePublished":"2025-01-09T15:03:20+00:00","dateModified":"2025-01-15T15:15:53+00:00","breadcrumb":{"@id":"https:\/\/ilkashop.lt\/privatumo-politika\/#breadcrumb"},"inLanguage":"en-US","potentialAction":[{"@type":"ReadAction","target":["https:\/\/ilkashop.lt\/privatumo-politika\/"]}]},{"@type":"BreadcrumbList","@id":"https:\/\/ilkashop.lt\/privatumo-politika\/#breadcrumb","itemListElement":[{"@type":"ListItem","position":1,"name":"Home","item":"https:\/\/ilkashop.lt\/"},{"@type":"ListItem","position":2,"name":"Privatumo politika"}]},{"@type":"WebSite","@id":"https:\/\/ilkashop.lt\/#website","url":"https:\/\/ilkashop.lt\/","name":"Ilkashop.lt, papuo\u0161al\u0173 ir drabu\u017ei\u0173 elektronin\u0117 parduotuv\u0117","description":"","publisher":{"@id":"https:\/\/ilkashop.lt\/#organization"},"potentialAction":[{"@type":"SearchAction","target":{"@type":"EntryPoint","urlTemplate":"https:\/\/ilkashop.lt\/?s={search_term_string}"},"query-input":{"@type":"PropertyValueSpecification","valueRequired":true,"valueName":"search_term_string"}}],"inLanguage":"en-US"},{"@type":"Organization","@id":"https:\/\/ilkashop.lt\/#organization","name":"Ilkashop.lt, papuo\u0161al\u0173 ir drabu\u017ei\u0173 elektronin\u0117 parduotuv\u0117","url":"https:\/\/ilkashop.lt\/","logo":{"@type":"ImageObject","inLanguage":"en-US","@id":"https:\/\/ilkashop.lt\/#\/schema\/logo\/image\/","url":"https:\/\/ilkashop.lt\/wp-content\/uploads\/2025\/01\/cropped-ILKAADAMS-LOGO.png","contentUrl":"https:\/\/ilkashop.lt\/wp-content\/uploads\/2025\/01\/cropped-ILKAADAMS-LOGO.png","width":244,"height":65,"caption":"Ilkashop.lt, papuo\u0161al\u0173 ir drabu\u017ei\u0173 elektronin\u0117 parduotuv\u0117"},"image":{"@id":"https:\/\/ilkashop.lt\/#\/schema\/logo\/image\/"}}]}},"uagb_featured_image_src":{"full":false,"thumbnail":false,"medium":false,"medium_large":false,"large":false,"1536x1536":false,"2048x2048":false,"trp-custom-language-flag":false,"woocommerce_thumbnail":false,"woocommerce_single":false,"woocommerce_gallery_thumbnail":false},"uagb_author_info":{"display_name":"Ilka Adams","author_link":"https:\/\/ilkashop.lt\/en\/author\/ilkaadamsgmail-com\/"},"uagb_comment_info":0,"uagb_excerpt":"Kas mes esame. M\u016bs\u0173 svetain\u0117s adresas yra: https:\/\/ilkashop.lt. Komentarai Kai lankytojai palieka komentarus svetain\u0117je, mes renkame duomenis, parodytus komentaro formoje, taip pat lankytojo IP adres\u0105 ir nar\u0161ykl\u0117s vartotojo agento eilut\u0119, kad pad\u0117tume aptikti \u0161lam\u0161t\u0105. Anonimizuota eilut\u0117, sukurta i\u0161 j\u016bs\u0173 el. pa\u0161to adreso (taip pat vadinama hash), gali b\u016bti pateikta Gravatar paslaugai, kad su\u017einotume, ar j\u0105&hellip;","_links":{"self":[{"href":"https:\/\/ilkashop.lt\/en\/wp-json\/wp\/v2\/pages\/3","targetHints":{"allow":["GET"]}}],"collection":[{"href":"https:\/\/ilkashop.lt\/en\/wp-json\/wp\/v2\/pages"}],"about":[{"href":"https:\/\/ilkashop.lt\/en\/wp-json\/wp\/v2\/types\/page"}],"author":[{"embeddable":true,"href":"https:\/\/ilkashop.lt\/en\/wp-json\/wp\/v2\/users\/1"}],"replies":[{"embeddable":true,"href":"https:\/\/ilkashop.lt\/en\/wp-json\/wp\/v2\/comments?post=3"}],"version-history":[{"count":2,"href":"https:\/\/ilkashop.lt\/en\/wp-json\/wp\/v2\/pages\/3\/revisions"}],"predecessor-version":[{"id":2226,"href":"https:\/\/ilkashop.lt\/en\/wp-json\/wp\/v2\/pages\/3\/revisions\/2226"}],"wp:attachment":[{"href":"https:\/\/ilkashop.lt\/en\/wp-json\/wp\/v2\/media?parent=3"}],"curies":[{"name":"wp","href":"https:\/\/api.w.org\/{rel}","templated":true}]}}