{"id":1009,"date":"2025-01-11T08:49:31","date_gmt":"2025-01-11T08:49:31","guid":{"rendered":"https:\/\/ilkashop.lt\/about-2\/"},"modified":"2025-01-12T19:51:18","modified_gmt":"2025-01-12T19:51:18","slug":"apie-mus","status":"publish","type":"page","link":"https:\/\/ilkashop.lt\/en\/apie-mus\/","title":{"rendered":"About us"},"content":{"rendered":"<div class=\"wp-block-uagb-container uagb-block-75e8747a alignfull uagb-is-root-container\"><div class=\"uagb-container-inner-blocks-wrap\">\n<div class=\"wp-block-uagb-advanced-heading uagb-block-9b9be170\"><h3 class=\"uagb-heading-text\">About<\/h3><\/div>\n\n\n\n<div class=\"wp-block-uagb-container uagb-block-6702ae20 alignfull uagb-is-root-container\"><div class=\"uagb-container-inner-blocks-wrap\">\n<div class=\"wp-block-uagb-container uagb-block-c09b5596\">\n<div class=\"wp-block-uagb-social-share uagb-social-share__outer-wrap uagb-social-share__layout-horizontal uagb-block-8123f0a8\">\n<div class=\"wp-block-uagb-social-share-child uagb-ss-repeater uagb-ss__wrapper uagb-block-cf657c8d\"><span class=\"uagb-ss__link\" data-href=\"https:\/\/www.facebook.com\/sharer.php?u=\" tabindex=\"0\" role=\"button\" aria-label=\"facebook\"><span class=\"uagb-ss__source-wrap\"><span class=\"uagb-ss__source-icon\"><svg xmlns=\"https:\/\/www.w3.org\/2000\/svg\" viewbox=\"0 0 512 512\"><path d=\"M504 256C504 119 393 8 256 8S8 119 8 256c0 123.8 90.69 226.4 209.3 245V327.7h-63V256h63v-54.64c0-62.15 37-96.48 93.67-96.48 27.14 0 55.52 4.84 55.52 4.84v61h-31.28c-30.8 0-40.41 19.12-40.41 38.73V256h68.78l-11 71.69h-57.78V501C413.3 482.4 504 379.8 504 256z\"><\/path><\/svg><\/span><\/span><\/span><\/div>\n\n\n\n<div class=\"wp-block-uagb-social-share-child uagb-ss-repeater uagb-ss__wrapper uagb-block-909431ce\"><span class=\"uagb-ss__link\" data-href=\"https:\/\/twitter.com\/share?url=\" tabindex=\"0\" role=\"button\" aria-label=\"twitter\"><span class=\"uagb-ss__source-wrap\"><span class=\"uagb-ss__source-icon\"><svg xmlns=\"https:\/\/www.w3.org\/2000\/svg\" viewbox=\"0 0 448 512\"><path d=\"M400 32H48C21.5 32 0 53.5 0 80v352c0 26.5 21.5 48 48 48h352c26.5 0 48-21.5 48-48V80c0-26.5-21.5-48-48-48zm-48.9 158.8c.2 2.8 .2 5.7 .2 8.5 0 86.7-66 186.6-186.6 186.6-37.2 0-71.7-10.8-100.7-29.4 5.3 .6 10.4 .8 15.8 .8 30.7 0 58.9-10.4 81.4-28-28.8-.6-53-19.5-61.3-45.5 10.1 1.5 19.2 1.5 29.6-1.2-30-6.1-52.5-32.5-52.5-64.4v-.8c8.7 4.9 18.9 7.9 29.6 8.3a65.45 65.45 0 0 1 -29.2-54.6c0-12.2 3.2-23.4 8.9-33.1 32.3 39.8 80.8 65.8 135.2 68.6-9.3-44.5 24-80.6 64-80.6 18.9 0 35.9 7.9 47.9 20.7 14.8-2.8 29-8.3 41.6-15.8-4.9 15.2-15.2 28-28.8 36.1 13.2-1.4 26-5.1 37.8-10.2-8.9 13.1-20.1 24.7-32.9 34z\"><\/path><\/svg><\/span><\/span><\/span><\/div>\n\n\n\n<div class=\"wp-block-uagb-social-share-child uagb-ss-repeater uagb-ss__wrapper uagb-block-7b8d19e0\"><span class=\"uagb-ss__link\" data-href=\"https:\/\/www.linkedin.com\/shareArticle?url=\" tabindex=\"0\" role=\"button\" aria-label=\"linkedin\"><span class=\"uagb-ss__source-wrap\"><span class=\"uagb-ss__source-icon\"><svg xmlns=\"https:\/\/www.w3.org\/2000\/svg\" viewbox=\"0 0 448 512\"><path d=\"M416 32H31.9C14.3 32 0 46.5 0 64.3v383.4C0 465.5 14.3 480 31.9 480H416c17.6 0 32-14.5 32-32.3V64.3c0-17.8-14.4-32.3-32-32.3zM135.4 416H69V202.2h66.5V416zm-33.2-243c-21.3 0-38.5-17.3-38.5-38.5S80.9 96 102.2 96c21.2 0 38.5 17.3 38.5 38.5 0 21.3-17.2 38.5-38.5 38.5zm282.1 243h-66.4V312c0-24.8-.5-56.7-34.5-56.7-34.6 0-39.9 27-39.9 54.9V416h-66.4V202.2h63.7v29.2h.9c8.9-16.8 30.6-34.5 62.9-34.5 67.2 0 79.7 44.3 79.7 101.9V416z\"><\/path><\/svg><\/span><\/span><\/span><\/div>\n<\/div>\n\n\n\n<div class=\"wp-block-uagb-image uagb-block-bb503963 wp-block-uagb-image--layout-default wp-block-uagb-image--effect-static wp-block-uagb-image--align-none\"><figure class=\"wp-block-uagb-image__figure\"><img decoding=\"async\" srcset=\"https:\/\/ilkashop.lt\/wp-content\/uploads\/2025\/01\/472558311_1155098009301741_3183082742872811501_n-768x1024.jpg ,https:\/\/ilkashop.lt\/wp-content\/uploads\/2025\/01\/472558311_1155098009301741_3183082742872811501_n.jpg 780w, https:\/\/ilkashop.lt\/wp-content\/uploads\/2025\/01\/472558311_1155098009301741_3183082742872811501_n.jpg 360w\" sizes=\"auto, (max-width: 480px) 150px\" src=\"https:\/\/ilkashop.lt\/wp-content\/uploads\/2025\/01\/472558311_1155098009301741_3183082742872811501_n-768x1024.jpg\" alt=\"\" class=\"uag-image-2207\" width=\"600\" height=\"800\" title=\"472558311_1155098009301741_3183082742872811501_n\" loading=\"lazy\" role=\"img\"\/><\/figure><\/div>\n\n\n\n<div class=\"wp-block-uagb-advanced-heading uagb-block-3e9c7a73\"><h4 class=\"uagb-heading-text\">Ilka Adams<\/h4><p class=\"uagb-desc-text\">Verslinink\u0117<\/p><\/div>\n<\/div>\n\n\n\n<div class=\"wp-block-uagb-container uagb-block-64b599c0\">\n<div class=\"wp-block-uagb-advanced-heading uagb-block-f4a55cc4\"><p class=\"uagb-heading-text\">Sveiki! A\u0161 esu Ilka Adams \u2013 mados myl\u0117toja ir k\u016brybi\u0161ka siela, kurios aistra yra pad\u0117ti moterims jaustis ypatingai kasdien. Mano veikla yra skirta stilingoms ir pasitikin\u010dioms savimi moterims, kurios nori i\u0161reik\u0161ti savo unikalum\u0105 per drabu\u017eius ir papuo\u0161alus.<br>Mano kruop\u0161\u010diai atrinkti drabu\u017eiai ir papuo\u0161alai pasi\u017eymi i\u0161skirtine kokybe, stiliumi ir unikaliu dizainu. Kiekvienas produktas yra pasirinktas su meile ir d\u0117mesiu detal\u0117ms, siekiant u\u017etikrinti, kad kiekviena moteris atrast\u0173 tai, kas atitinka jos skon\u012f ir pabr\u0117\u017eia jos asmenyb\u0119.<br>Esu \u012fsitikinusi, kad mada yra daugiau nei tik i\u0161vaizda \u2013 tai b\u016bdas i\u0161reik\u0161ti save, pasitik\u0117ti savimi ir \u0161vyt\u0117ti. Tod\u0117l kiekvien\u0105 dien\u0105 stengiuosi \u012fkv\u0117pti savo klientes naujais sprendimais ir pad\u0117ti joms atrasti gro\u017e\u012f, kuris slypi paprastume bei autenti\u0161kume.<br>D\u0117koju, kad pasirinkote mano kuriam\u0105 pasaul\u012f. Kvie\u010diu kartu keliauti \u012f stiliaus kupin\u0105 nuotyk\u012f, kuriame kiekviena detal\u0117 yra ypatinga. <br><\/p><\/div>\n<\/div>\n<\/div><\/div>\n\n\n\n<div class=\"wp-block-uagb-container uagb-layout-grid uagb-block-1bc46db7 alignfull uagb-is-root-container\"><div class=\"uagb-container-inner-blocks-wrap\"><\/div><\/div>\n<\/div><\/div>\n\n\n\n<p><\/p>","protected":false},"excerpt":{"rendered":"<p>About Ilka Adams Verslinink\u0117 Sveiki! A\u0161 esu Ilka Adams \u2013 mados myl\u0117toja ir k\u016brybi\u0161ka siela, kurios aistra yra pad\u0117ti moterims jaustis ypatingai kasdien. Mano veikla yra skirta stilingoms ir pasitikin\u010dioms savimi moterims, kurios nori i\u0161reik\u0161ti savo unikalum\u0105 per drabu\u017eius ir papuo\u0161alus.Mano kruop\u0161\u010diai atrinkti drabu\u017eiai ir papuo\u0161alai pasi\u017eymi i\u0161skirtine kokybe, stiliumi ir unikaliu dizainu. Kiekvienas produktas [&hellip;]<\/p>\n","protected":false},"author":1,"featured_media":0,"parent":0,"menu_order":0,"comment_status":"closed","ping_status":"closed","template":"","meta":{"_uag_custom_page_level_css":"","site-sidebar-layout":"no-sidebar","site-content-layout":"page-builder","ast-site-content-layout":"full-width-container","site-content-style":"unboxed","site-sidebar-style":"unboxed","ast-global-header-display":"","ast-banner-title-visibility":"","ast-main-header-display":"","ast-hfb-above-header-display":"","ast-hfb-below-header-display":"","ast-hfb-mobile-header-display":"","site-post-title":"disabled","ast-breadcrumbs-content":"","ast-featured-img":"disabled","footer-sml-layout":"","ast-disable-related-posts":"","theme-transparent-header-meta":"default","adv-header-id-meta":"","stick-header-meta":"","header-above-stick-meta":"","header-main-stick-meta":"","header-below-stick-meta":"","astra-migrate-meta-layouts":"set","ast-page-background-enabled":"default","ast-page-background-meta":{"desktop":{"background-color":"var(--ast-global-color-4)","background-image":"","background-repeat":"repeat","background-position":"center center","background-size":"auto","background-attachment":"scroll","background-type":"","background-media":"","overlay-type":"","overlay-color":"","overlay-opacity":"","overlay-gradient":""},"tablet":{"background-color":"","background-image":"","background-repeat":"repeat","background-position":"center center","background-size":"auto","background-attachment":"scroll","background-type":"","background-media":"","overlay-type":"","overlay-color":"","overlay-opacity":"","overlay-gradient":""},"mobile":{"background-color":"","background-image":"","background-repeat":"repeat","background-position":"center center","background-size":"auto","background-attachment":"scroll","background-type":"","background-media":"","overlay-type":"","overlay-color":"","overlay-opacity":"","overlay-gradient":""}},"ast-content-background-meta":{"desktop":{"background-color":"var(--ast-global-color-5)","background-image":"","background-repeat":"repeat","background-position":"center center","background-size":"auto","background-attachment":"scroll","background-type":"","background-media":"","overlay-type":"","overlay-color":"","overlay-opacity":"","overlay-gradient":""},"tablet":{"background-color":"var(--ast-global-color-5)","background-image":"","background-repeat":"repeat","background-position":"center center","background-size":"auto","background-attachment":"scroll","background-type":"","background-media":"","overlay-type":"","overlay-color":"","overlay-opacity":"","overlay-gradient":""},"mobile":{"background-color":"var(--ast-global-color-5)","background-image":"","background-repeat":"repeat","background-position":"center center","background-size":"auto","background-attachment":"scroll","background-type":"","background-media":"","overlay-type":"","overlay-color":"","overlay-opacity":"","overlay-gradient":""}},"footnotes":""},"class_list":["post-1009","page","type-page","status-publish","hentry"],"acf":[],"yoast_head":"<!-- This site is optimized with the Yoast SEO plugin v27.5 - https:\/\/yoast.com\/product\/yoast-seo-wordpress\/ -->\n<title>Apie mus - Ilkashop.lt, papuo\u0161al\u0173 ir drabu\u017ei\u0173 elektronin\u0117 parduotuv\u0117<\/title>\n<meta name=\"robots\" content=\"index, follow, max-snippet:-1, max-image-preview:large, max-video-preview:-1\" \/>\n<link rel=\"canonical\" href=\"https:\/\/ilkashop.lt\/en\/apie-mus\/\" \/>\n<meta property=\"og:locale\" content=\"en_US\" \/>\n<meta property=\"og:type\" content=\"article\" \/>\n<meta property=\"og:title\" content=\"Apie mus - Ilkashop.lt, papuo\u0161al\u0173 ir drabu\u017ei\u0173 elektronin\u0117 parduotuv\u0117\" \/>\n<meta property=\"og:description\" content=\"About Ilka Adams Verslinink\u0117 Sveiki! A\u0161 esu Ilka Adams \u2013 mados myl\u0117toja ir k\u016brybi\u0161ka siela, kurios aistra yra pad\u0117ti moterims jaustis ypatingai kasdien. Mano veikla yra skirta stilingoms ir pasitikin\u010dioms savimi moterims, kurios nori i\u0161reik\u0161ti savo unikalum\u0105 per drabu\u017eius ir papuo\u0161alus.Mano kruop\u0161\u010diai atrinkti drabu\u017eiai ir papuo\u0161alai pasi\u017eymi i\u0161skirtine kokybe, stiliumi ir unikaliu dizainu. Kiekvienas produktas [&hellip;]\" \/>\n<meta property=\"og:url\" content=\"https:\/\/ilkashop.lt\/en\/apie-mus\/\" \/>\n<meta property=\"og:site_name\" content=\"Ilkashop.lt, papuo\u0161al\u0173 ir drabu\u017ei\u0173 elektronin\u0117 parduotuv\u0117\" \/>\n<meta property=\"article:modified_time\" content=\"2025-01-12T19:51:18+00:00\" \/>\n<meta property=\"og:image\" content=\"https:\/\/ilkashop.lt\/wp-content\/uploads\/2025\/01\/472558311_1155098009301741_3183082742872811501_n-768x1024.jpg\" \/>\n<meta name=\"twitter:card\" content=\"summary_large_image\" \/>\n<meta name=\"twitter:label1\" content=\"Est. reading time\" \/>\n\t<meta name=\"twitter:data1\" content=\"1 minute\" \/>\n<script type=\"application\/ld+json\" class=\"yoast-schema-graph\">{\"@context\":\"https:\\\/\\\/schema.org\",\"@graph\":[{\"@type\":\"WebPage\",\"@id\":\"https:\\\/\\\/ilkashop.lt\\\/apie-mus\\\/\",\"url\":\"https:\\\/\\\/ilkashop.lt\\\/apie-mus\\\/\",\"name\":\"Apie mus - Ilkashop.lt, papuo\u0161al\u0173 ir drabu\u017ei\u0173 elektronin\u0117 parduotuv\u0117\",\"isPartOf\":{\"@id\":\"https:\\\/\\\/ilkashop.lt\\\/#website\"},\"primaryImageOfPage\":{\"@id\":\"https:\\\/\\\/ilkashop.lt\\\/apie-mus\\\/#primaryimage\"},\"image\":{\"@id\":\"https:\\\/\\\/ilkashop.lt\\\/apie-mus\\\/#primaryimage\"},\"thumbnailUrl\":\"https:\\\/\\\/ilkashop.lt\\\/wp-content\\\/uploads\\\/2025\\\/01\\\/472558311_1155098009301741_3183082742872811501_n-768x1024.jpg\",\"datePublished\":\"2025-01-11T08:49:31+00:00\",\"dateModified\":\"2025-01-12T19:51:18+00:00\",\"breadcrumb\":{\"@id\":\"https:\\\/\\\/ilkashop.lt\\\/apie-mus\\\/#breadcrumb\"},\"inLanguage\":\"en-US\",\"potentialAction\":[{\"@type\":\"ReadAction\",\"target\":[\"https:\\\/\\\/ilkashop.lt\\\/apie-mus\\\/\"]}]},{\"@type\":\"ImageObject\",\"inLanguage\":\"en-US\",\"@id\":\"https:\\\/\\\/ilkashop.lt\\\/apie-mus\\\/#primaryimage\",\"url\":\"https:\\\/\\\/ilkashop.lt\\\/wp-content\\\/uploads\\\/2025\\\/01\\\/472558311_1155098009301741_3183082742872811501_n-768x1024.jpg\",\"contentUrl\":\"https:\\\/\\\/ilkashop.lt\\\/wp-content\\\/uploads\\\/2025\\\/01\\\/472558311_1155098009301741_3183082742872811501_n-768x1024.jpg\"},{\"@type\":\"BreadcrumbList\",\"@id\":\"https:\\\/\\\/ilkashop.lt\\\/apie-mus\\\/#breadcrumb\",\"itemListElement\":[{\"@type\":\"ListItem\",\"position\":1,\"name\":\"Home\",\"item\":\"https:\\\/\\\/ilkashop.lt\\\/\"},{\"@type\":\"ListItem\",\"position\":2,\"name\":\"Apie mus\"}]},{\"@type\":\"WebSite\",\"@id\":\"https:\\\/\\\/ilkashop.lt\\\/#website\",\"url\":\"https:\\\/\\\/ilkashop.lt\\\/\",\"name\":\"Ilkashop.lt, papuo\u0161al\u0173 ir drabu\u017ei\u0173 elektronin\u0117 parduotuv\u0117\",\"description\":\"\",\"publisher\":{\"@id\":\"https:\\\/\\\/ilkashop.lt\\\/#organization\"},\"potentialAction\":[{\"@type\":\"SearchAction\",\"target\":{\"@type\":\"EntryPoint\",\"urlTemplate\":\"https:\\\/\\\/ilkashop.lt\\\/?s={search_term_string}\"},\"query-input\":{\"@type\":\"PropertyValueSpecification\",\"valueRequired\":true,\"valueName\":\"search_term_string\"}}],\"inLanguage\":\"en-US\"},{\"@type\":\"Organization\",\"@id\":\"https:\\\/\\\/ilkashop.lt\\\/#organization\",\"name\":\"Ilkashop.lt, papuo\u0161al\u0173 ir drabu\u017ei\u0173 elektronin\u0117 parduotuv\u0117\",\"url\":\"https:\\\/\\\/ilkashop.lt\\\/\",\"logo\":{\"@type\":\"ImageObject\",\"inLanguage\":\"en-US\",\"@id\":\"https:\\\/\\\/ilkashop.lt\\\/#\\\/schema\\\/logo\\\/image\\\/\",\"url\":\"https:\\\/\\\/ilkashop.lt\\\/wp-content\\\/uploads\\\/2025\\\/01\\\/cropped-ILKAADAMS-LOGO.png\",\"contentUrl\":\"https:\\\/\\\/ilkashop.lt\\\/wp-content\\\/uploads\\\/2025\\\/01\\\/cropped-ILKAADAMS-LOGO.png\",\"width\":244,\"height\":65,\"caption\":\"Ilkashop.lt, papuo\u0161al\u0173 ir drabu\u017ei\u0173 elektronin\u0117 parduotuv\u0117\"},\"image\":{\"@id\":\"https:\\\/\\\/ilkashop.lt\\\/#\\\/schema\\\/logo\\\/image\\\/\"}}]}<\/script>\n<!-- \/ Yoast SEO plugin. -->","yoast_head_json":{"title":"Apie mus - Ilkashop.lt, papuo\u0161al\u0173 ir drabu\u017ei\u0173 elektronin\u0117 parduotuv\u0117","robots":{"index":"index","follow":"follow","max-snippet":"max-snippet:-1","max-image-preview":"max-image-preview:large","max-video-preview":"max-video-preview:-1"},"canonical":"https:\/\/ilkashop.lt\/en\/apie-mus\/","og_locale":"en_US","og_type":"article","og_title":"Apie mus - Ilkashop.lt, papuo\u0161al\u0173 ir drabu\u017ei\u0173 elektronin\u0117 parduotuv\u0117","og_description":"About Ilka Adams Verslinink\u0117 Sveiki! A\u0161 esu Ilka Adams \u2013 mados myl\u0117toja ir k\u016brybi\u0161ka siela, kurios aistra yra pad\u0117ti moterims jaustis ypatingai kasdien. Mano veikla yra skirta stilingoms ir pasitikin\u010dioms savimi moterims, kurios nori i\u0161reik\u0161ti savo unikalum\u0105 per drabu\u017eius ir papuo\u0161alus.Mano kruop\u0161\u010diai atrinkti drabu\u017eiai ir papuo\u0161alai pasi\u017eymi i\u0161skirtine kokybe, stiliumi ir unikaliu dizainu. Kiekvienas produktas [&hellip;]","og_url":"https:\/\/ilkashop.lt\/en\/apie-mus\/","og_site_name":"Ilkashop.lt, papuo\u0161al\u0173 ir drabu\u017ei\u0173 elektronin\u0117 parduotuv\u0117","article_modified_time":"2025-01-12T19:51:18+00:00","og_image":[{"url":"https:\/\/ilkashop.lt\/wp-content\/uploads\/2025\/01\/472558311_1155098009301741_3183082742872811501_n-768x1024.jpg","type":"","width":"","height":""}],"twitter_card":"summary_large_image","twitter_misc":{"Est. reading time":"1 minute"},"schema":{"@context":"https:\/\/schema.org","@graph":[{"@type":"WebPage","@id":"https:\/\/ilkashop.lt\/apie-mus\/","url":"https:\/\/ilkashop.lt\/apie-mus\/","name":"Apie mus - Ilkashop.lt, papuo\u0161al\u0173 ir drabu\u017ei\u0173 elektronin\u0117 parduotuv\u0117","isPartOf":{"@id":"https:\/\/ilkashop.lt\/#website"},"primaryImageOfPage":{"@id":"https:\/\/ilkashop.lt\/apie-mus\/#primaryimage"},"image":{"@id":"https:\/\/ilkashop.lt\/apie-mus\/#primaryimage"},"thumbnailUrl":"https:\/\/ilkashop.lt\/wp-content\/uploads\/2025\/01\/472558311_1155098009301741_3183082742872811501_n-768x1024.jpg","datePublished":"2025-01-11T08:49:31+00:00","dateModified":"2025-01-12T19:51:18+00:00","breadcrumb":{"@id":"https:\/\/ilkashop.lt\/apie-mus\/#breadcrumb"},"inLanguage":"en-US","potentialAction":[{"@type":"ReadAction","target":["https:\/\/ilkashop.lt\/apie-mus\/"]}]},{"@type":"ImageObject","inLanguage":"en-US","@id":"https:\/\/ilkashop.lt\/apie-mus\/#primaryimage","url":"https:\/\/ilkashop.lt\/wp-content\/uploads\/2025\/01\/472558311_1155098009301741_3183082742872811501_n-768x1024.jpg","contentUrl":"https:\/\/ilkashop.lt\/wp-content\/uploads\/2025\/01\/472558311_1155098009301741_3183082742872811501_n-768x1024.jpg"},{"@type":"BreadcrumbList","@id":"https:\/\/ilkashop.lt\/apie-mus\/#breadcrumb","itemListElement":[{"@type":"ListItem","position":1,"name":"Home","item":"https:\/\/ilkashop.lt\/"},{"@type":"ListItem","position":2,"name":"Apie mus"}]},{"@type":"WebSite","@id":"https:\/\/ilkashop.lt\/#website","url":"https:\/\/ilkashop.lt\/","name":"Ilkashop.lt, papuo\u0161al\u0173 ir drabu\u017ei\u0173 elektronin\u0117 parduotuv\u0117","description":"","publisher":{"@id":"https:\/\/ilkashop.lt\/#organization"},"potentialAction":[{"@type":"SearchAction","target":{"@type":"EntryPoint","urlTemplate":"https:\/\/ilkashop.lt\/?s={search_term_string}"},"query-input":{"@type":"PropertyValueSpecification","valueRequired":true,"valueName":"search_term_string"}}],"inLanguage":"en-US"},{"@type":"Organization","@id":"https:\/\/ilkashop.lt\/#organization","name":"Ilkashop.lt, papuo\u0161al\u0173 ir drabu\u017ei\u0173 elektronin\u0117 parduotuv\u0117","url":"https:\/\/ilkashop.lt\/","logo":{"@type":"ImageObject","inLanguage":"en-US","@id":"https:\/\/ilkashop.lt\/#\/schema\/logo\/image\/","url":"https:\/\/ilkashop.lt\/wp-content\/uploads\/2025\/01\/cropped-ILKAADAMS-LOGO.png","contentUrl":"https:\/\/ilkashop.lt\/wp-content\/uploads\/2025\/01\/cropped-ILKAADAMS-LOGO.png","width":244,"height":65,"caption":"Ilkashop.lt, papuo\u0161al\u0173 ir drabu\u017ei\u0173 elektronin\u0117 parduotuv\u0117"},"image":{"@id":"https:\/\/ilkashop.lt\/#\/schema\/logo\/image\/"}}]}},"uagb_featured_image_src":{"full":false,"thumbnail":false,"medium":false,"medium_large":false,"large":false,"1536x1536":false,"2048x2048":false,"trp-custom-language-flag":false,"woocommerce_thumbnail":false,"woocommerce_single":false,"woocommerce_gallery_thumbnail":false},"uagb_author_info":{"display_name":"Ilka Adams","author_link":"https:\/\/ilkashop.lt\/en\/author\/ilkaadamsgmail-com\/"},"uagb_comment_info":0,"uagb_excerpt":"About Ilka Adams Verslinink\u0117 Sveiki! A\u0161 esu Ilka Adams \u2013 mados myl\u0117toja ir k\u016brybi\u0161ka siela, kurios aistra yra pad\u0117ti moterims jaustis ypatingai kasdien. Mano veikla yra skirta stilingoms ir pasitikin\u010dioms savimi moterims, kurios nori i\u0161reik\u0161ti savo unikalum\u0105 per drabu\u017eius ir papuo\u0161alus.Mano kruop\u0161\u010diai atrinkti drabu\u017eiai ir papuo\u0161alai pasi\u017eymi i\u0161skirtine kokybe, stiliumi ir unikaliu dizainu. Kiekvienas produktas&hellip;","_links":{"self":[{"href":"https:\/\/ilkashop.lt\/en\/wp-json\/wp\/v2\/pages\/1009","targetHints":{"allow":["GET"]}}],"collection":[{"href":"https:\/\/ilkashop.lt\/en\/wp-json\/wp\/v2\/pages"}],"about":[{"href":"https:\/\/ilkashop.lt\/en\/wp-json\/wp\/v2\/types\/page"}],"author":[{"embeddable":true,"href":"https:\/\/ilkashop.lt\/en\/wp-json\/wp\/v2\/users\/1"}],"replies":[{"embeddable":true,"href":"https:\/\/ilkashop.lt\/en\/wp-json\/wp\/v2\/comments?post=1009"}],"version-history":[{"count":4,"href":"https:\/\/ilkashop.lt\/en\/wp-json\/wp\/v2\/pages\/1009\/revisions"}],"predecessor-version":[{"id":2208,"href":"https:\/\/ilkashop.lt\/en\/wp-json\/wp\/v2\/pages\/1009\/revisions\/2208"}],"wp:attachment":[{"href":"https:\/\/ilkashop.lt\/en\/wp-json\/wp\/v2\/media?parent=1009"}],"curies":[{"name":"wp","href":"https:\/\/api.w.org\/{rel}","templated":true}]}}