{"id":10,"date":"2025-01-15T15:12:19","date_gmt":"2025-01-15T15:12:19","guid":{"rendered":"https:\/\/ilkashop.lt\/?page_id=10"},"modified":"2025-01-15T15:18:24","modified_gmt":"2025-01-15T15:18:24","slug":"grazinimo-politika","status":"publish","type":"page","link":"https:\/\/ilkashop.lt\/en\/grazinimo-politika\/","title":{"rendered":"Gr\u0105\u017einimo politika"},"content":{"rendered":"<p>M\u016bs\u0173 gr\u0105\u017einimo ir gr\u0105\u017einimo politika galioja 30 dien\u0173. Jei nuo j\u016bs\u0173 pirkimo pra\u0117jo 30 dien\u0173, negalime pasi\u016blyti jums visi\u0161ko gr\u0105\u017einimo ar keitimo.<\/p>\n\n\n\n<p>Norint gauti gr\u0105\u017einim\u0105, j\u016bs\u0173 prek\u0117 turi b\u016bti nenaudota ir tokios pat b\u016bkl\u0117s, koki\u0105 j\u0105 gavote. Ji taip pat turi b\u016bti originalioje pakuot\u0117je.<\/p>\n\n\n\n<p>Keletas preki\u0173 tip\u0173 negali b\u016bti gr\u0105\u017einami. Greitai gendan\u010dios prek\u0117s, tokios kaip maistas, g\u0117l\u0117s, laikra\u0161\u010diai ar \u017eurnalai, negali b\u016bti gr\u0105\u017einamos. Taip pat nepriimame intymi\u0173 ar higienos preki\u0173, pavojing\u0173 med\u017eiag\u0173 ar degi\u0173 skys\u010di\u0173 ar duj\u0173.<\/p>\n\n\n\n<p>Papildomos negr\u0105\u017einamos prek\u0117s:<\/p>\n\n\n\n<p>Dovan\u0173 kortel\u0117s<\/p>\n\n\n\n<p>Atsisiun\u010diami programin\u0117s \u012frangos produktai<\/p>\n\n\n\n<p>Kai kurie sveikatos ir asmens prie\u017ei\u016bros produktai<\/p>\n\n\n\n<p>Nor\u0117dami u\u017ebaigti gr\u0105\u017einim\u0105, pra\u0161ome pateikti kvit\u0105 arba pirkimo \u012frodym\u0105.<\/p>\n\n\n\n<p>Pra\u0161ome negr\u0105\u017einti savo pirkimo gamintojui.<\/p>\n\n\n\n<p>Yra tam tikr\u0173 situacij\u0173, kai suteikiami tik daliniai gr\u0105\u017einimai:<\/p>\n\n\n\n<p>Knyga su akivaizd\u017eiais naudojimo \u017eenklais<\/p>\n\n\n\n<p>CD, DVD, VHS juosta, programin\u0117 \u012franga, vaizdo \u017eaidimas, kaset\u0117 ar vinilo plok\u0161tel\u0117, kuri buvo atidaryta.<\/p>\n\n\n\n<p>Bet kuri prek\u0117, kuri n\u0117ra originalioje b\u016bkl\u0117je, yra sugadinta arba tr\u016bksta dali\u0173 d\u0117l prie\u017eas\u010di\u0173, kurios n\u0117ra m\u016bs\u0173 klaida.<\/p>\n\n\n\n<p>Bet kuri prek\u0117, gr\u0105\u017einta daugiau nei 30 dien\u0173 po pristatymo<\/p>\n\n\n\n<p>Gr\u0105\u017einimai<\/p>\n\n\n\n<p>Kai j\u016bs\u0173 gr\u0105\u017einimas bus gautas ir patikrintas, mes atsi\u0173sime jums el. lai\u0161k\u0105, kad prane\u0161tume, jog gavome j\u016bs\u0173 gr\u0105\u017eint\u0105 prek\u0119. Taip pat prane\u0161ime apie j\u016bs\u0173 gr\u0105\u017einimo patvirtinim\u0105 arba atmetim\u0105.<\/p>\n\n\n\n<p>Jei j\u016bs\u0173 gr\u0105\u017einimas patvirtintas, jis bus apdorotas, o kreditas automati\u0161kai bus taikomas j\u016bs\u0173 kreditinei kortelei arba originaliam mok\u0117jimo metodui per tam tikr\u0105 dien\u0173 skai\u010di\u0173.<\/p>\n\n\n\n<p>V\u0117luojantys arba tr\u016bkstami gr\u0105\u017einimai<\/p>\n\n\n\n<p>Jei dar nesate gav\u0119 gr\u0105\u017einimo, pirmiausia dar kart\u0105 patikrinkite savo banko s\u0105skait\u0105.<\/p>\n\n\n\n<p>Tada susisiekite su savo kreditin\u0117s kortel\u0117s kompanija, gali praeiti \u0161iek tiek laiko, kol j\u016bs\u0173 gr\u0105\u017einimas bus oficialiai \u012fformintas.<\/p>\n\n\n\n<p>Tada susisiekite su savo banku. Da\u017enai yra tam tikras apdorojimo laikas, kol gr\u0105\u017einimas bus \u012fformintas.<\/p>\n\n\n\n<p>Jei atlikote visus \u0161iuos veiksmus ir vis dar nesate gav\u0119 gr\u0105\u017einimo, pra\u0161ome susisiekti su mumis.<\/p>","protected":false},"excerpt":{"rendered":"<p>M\u016bs\u0173 gr\u0105\u017einimo ir gr\u0105\u017einimo politika galioja 30 dien\u0173. Jei nuo j\u016bs\u0173 pirkimo pra\u0117jo 30 dien\u0173, negalime pasi\u016blyti jums visi\u0161ko gr\u0105\u017einimo ar keitimo. Norint gauti gr\u0105\u017einim\u0105, j\u016bs\u0173 prek\u0117 turi b\u016bti nenaudota ir tokios pat b\u016bkl\u0117s, koki\u0105 j\u0105 gavote. Ji taip pat turi b\u016bti originalioje pakuot\u0117je. Keletas preki\u0173 tip\u0173 negali b\u016bti gr\u0105\u017einami. Greitai gendan\u010dios prek\u0117s, tokios kaip [&hellip;]<\/p>\n","protected":false},"author":1,"featured_media":0,"parent":0,"menu_order":0,"comment_status":"closed","ping_status":"closed","template":"","meta":{"_uag_custom_page_level_css":"","site-sidebar-layout":"default","site-content-layout":"","ast-site-content-layout":"default","site-content-style":"default","site-sidebar-style":"default","ast-global-header-display":"","ast-banner-title-visibility":"","ast-main-header-display":"","ast-hfb-above-header-display":"","ast-hfb-below-header-display":"","ast-hfb-mobile-header-display":"","site-post-title":"","ast-breadcrumbs-content":"","ast-featured-img":"","footer-sml-layout":"","ast-disable-related-posts":"","theme-transparent-header-meta":"","adv-header-id-meta":"","stick-header-meta":"","header-above-stick-meta":"","header-main-stick-meta":"","header-below-stick-meta":"","astra-migrate-meta-layouts":"set","ast-page-background-enabled":"default","ast-page-background-meta":{"desktop":{"background-color":"var(--ast-global-color-4)","background-image":"","background-repeat":"repeat","background-position":"center center","background-size":"auto","background-attachment":"scroll","background-type":"","background-media":"","overlay-type":"","overlay-color":"","overlay-opacity":"","overlay-gradient":""},"tablet":{"background-color":"","background-image":"","background-repeat":"repeat","background-position":"center center","background-size":"auto","background-attachment":"scroll","background-type":"","background-media":"","overlay-type":"","overlay-color":"","overlay-opacity":"","overlay-gradient":""},"mobile":{"background-color":"","background-image":"","background-repeat":"repeat","background-position":"center center","background-size":"auto","background-attachment":"scroll","background-type":"","background-media":"","overlay-type":"","overlay-color":"","overlay-opacity":"","overlay-gradient":""}},"ast-content-background-meta":{"desktop":{"background-color":"var(--ast-global-color-5)","background-image":"","background-repeat":"repeat","background-position":"center center","background-size":"auto","background-attachment":"scroll","background-type":"","background-media":"","overlay-type":"","overlay-color":"","overlay-opacity":"","overlay-gradient":""},"tablet":{"background-color":"var(--ast-global-color-5)","background-image":"","background-repeat":"repeat","background-position":"center center","background-size":"auto","background-attachment":"scroll","background-type":"","background-media":"","overlay-type":"","overlay-color":"","overlay-opacity":"","overlay-gradient":""},"mobile":{"background-color":"var(--ast-global-color-5)","background-image":"","background-repeat":"repeat","background-position":"center center","background-size":"auto","background-attachment":"scroll","background-type":"","background-media":"","overlay-type":"","overlay-color":"","overlay-opacity":"","overlay-gradient":""}},"footnotes":""},"class_list":["post-10","page","type-page","status-publish","hentry"],"acf":[],"yoast_head":"<!-- This site is optimized with the Yoast SEO plugin v27.5 - https:\/\/yoast.com\/product\/yoast-seo-wordpress\/ -->\n<title>Gr\u0105\u017einimo politika - Ilkashop.lt, papuo\u0161al\u0173 ir drabu\u017ei\u0173 elektronin\u0117 parduotuv\u0117<\/title>\n<meta name=\"robots\" content=\"index, follow, max-snippet:-1, max-image-preview:large, max-video-preview:-1\" \/>\n<link rel=\"canonical\" href=\"https:\/\/ilkashop.lt\/en\/grazinimo-politika\/\" \/>\n<meta property=\"og:locale\" content=\"en_US\" \/>\n<meta property=\"og:type\" content=\"article\" \/>\n<meta property=\"og:title\" content=\"Gr\u0105\u017einimo politika - Ilkashop.lt, papuo\u0161al\u0173 ir drabu\u017ei\u0173 elektronin\u0117 parduotuv\u0117\" \/>\n<meta property=\"og:description\" content=\"M\u016bs\u0173 gr\u0105\u017einimo ir gr\u0105\u017einimo politika galioja 30 dien\u0173. Jei nuo j\u016bs\u0173 pirkimo pra\u0117jo 30 dien\u0173, negalime pasi\u016blyti jums visi\u0161ko gr\u0105\u017einimo ar keitimo. Norint gauti gr\u0105\u017einim\u0105, j\u016bs\u0173 prek\u0117 turi b\u016bti nenaudota ir tokios pat b\u016bkl\u0117s, koki\u0105 j\u0105 gavote. Ji taip pat turi b\u016bti originalioje pakuot\u0117je. Keletas preki\u0173 tip\u0173 negali b\u016bti gr\u0105\u017einami. Greitai gendan\u010dios prek\u0117s, tokios kaip [&hellip;]\" \/>\n<meta property=\"og:url\" content=\"https:\/\/ilkashop.lt\/en\/grazinimo-politika\/\" \/>\n<meta property=\"og:site_name\" content=\"Ilkashop.lt, papuo\u0161al\u0173 ir drabu\u017ei\u0173 elektronin\u0117 parduotuv\u0117\" \/>\n<meta property=\"article:modified_time\" content=\"2025-01-15T15:18:24+00:00\" \/>\n<meta name=\"twitter:card\" content=\"summary_large_image\" \/>\n<meta name=\"twitter:label1\" content=\"Est. reading time\" \/>\n\t<meta name=\"twitter:data1\" content=\"2 minutes\" \/>\n<script type=\"application\/ld+json\" class=\"yoast-schema-graph\">{\"@context\":\"https:\\\/\\\/schema.org\",\"@graph\":[{\"@type\":\"WebPage\",\"@id\":\"https:\\\/\\\/ilkashop.lt\\\/grazinimo-politika\\\/\",\"url\":\"https:\\\/\\\/ilkashop.lt\\\/grazinimo-politika\\\/\",\"name\":\"Gr\u0105\u017einimo politika - Ilkashop.lt, papuo\u0161al\u0173 ir drabu\u017ei\u0173 elektronin\u0117 parduotuv\u0117\",\"isPartOf\":{\"@id\":\"https:\\\/\\\/ilkashop.lt\\\/#website\"},\"datePublished\":\"2025-01-15T15:12:19+00:00\",\"dateModified\":\"2025-01-15T15:18:24+00:00\",\"breadcrumb\":{\"@id\":\"https:\\\/\\\/ilkashop.lt\\\/grazinimo-politika\\\/#breadcrumb\"},\"inLanguage\":\"en-US\",\"potentialAction\":[{\"@type\":\"ReadAction\",\"target\":[\"https:\\\/\\\/ilkashop.lt\\\/grazinimo-politika\\\/\"]}]},{\"@type\":\"BreadcrumbList\",\"@id\":\"https:\\\/\\\/ilkashop.lt\\\/grazinimo-politika\\\/#breadcrumb\",\"itemListElement\":[{\"@type\":\"ListItem\",\"position\":1,\"name\":\"Home\",\"item\":\"https:\\\/\\\/ilkashop.lt\\\/\"},{\"@type\":\"ListItem\",\"position\":2,\"name\":\"Gr\u0105\u017einimo politika\"}]},{\"@type\":\"WebSite\",\"@id\":\"https:\\\/\\\/ilkashop.lt\\\/#website\",\"url\":\"https:\\\/\\\/ilkashop.lt\\\/\",\"name\":\"Ilkashop.lt, papuo\u0161al\u0173 ir drabu\u017ei\u0173 elektronin\u0117 parduotuv\u0117\",\"description\":\"\",\"publisher\":{\"@id\":\"https:\\\/\\\/ilkashop.lt\\\/#organization\"},\"potentialAction\":[{\"@type\":\"SearchAction\",\"target\":{\"@type\":\"EntryPoint\",\"urlTemplate\":\"https:\\\/\\\/ilkashop.lt\\\/?s={search_term_string}\"},\"query-input\":{\"@type\":\"PropertyValueSpecification\",\"valueRequired\":true,\"valueName\":\"search_term_string\"}}],\"inLanguage\":\"en-US\"},{\"@type\":\"Organization\",\"@id\":\"https:\\\/\\\/ilkashop.lt\\\/#organization\",\"name\":\"Ilkashop.lt, papuo\u0161al\u0173 ir drabu\u017ei\u0173 elektronin\u0117 parduotuv\u0117\",\"url\":\"https:\\\/\\\/ilkashop.lt\\\/\",\"logo\":{\"@type\":\"ImageObject\",\"inLanguage\":\"en-US\",\"@id\":\"https:\\\/\\\/ilkashop.lt\\\/#\\\/schema\\\/logo\\\/image\\\/\",\"url\":\"https:\\\/\\\/ilkashop.lt\\\/wp-content\\\/uploads\\\/2025\\\/01\\\/cropped-ILKAADAMS-LOGO.png\",\"contentUrl\":\"https:\\\/\\\/ilkashop.lt\\\/wp-content\\\/uploads\\\/2025\\\/01\\\/cropped-ILKAADAMS-LOGO.png\",\"width\":244,\"height\":65,\"caption\":\"Ilkashop.lt, papuo\u0161al\u0173 ir drabu\u017ei\u0173 elektronin\u0117 parduotuv\u0117\"},\"image\":{\"@id\":\"https:\\\/\\\/ilkashop.lt\\\/#\\\/schema\\\/logo\\\/image\\\/\"}}]}<\/script>\n<!-- \/ Yoast SEO plugin. -->","yoast_head_json":{"title":"Gr\u0105\u017einimo politika - Ilkashop.lt, papuo\u0161al\u0173 ir drabu\u017ei\u0173 elektronin\u0117 parduotuv\u0117","robots":{"index":"index","follow":"follow","max-snippet":"max-snippet:-1","max-image-preview":"max-image-preview:large","max-video-preview":"max-video-preview:-1"},"canonical":"https:\/\/ilkashop.lt\/en\/grazinimo-politika\/","og_locale":"en_US","og_type":"article","og_title":"Gr\u0105\u017einimo politika - Ilkashop.lt, papuo\u0161al\u0173 ir drabu\u017ei\u0173 elektronin\u0117 parduotuv\u0117","og_description":"M\u016bs\u0173 gr\u0105\u017einimo ir gr\u0105\u017einimo politika galioja 30 dien\u0173. Jei nuo j\u016bs\u0173 pirkimo pra\u0117jo 30 dien\u0173, negalime pasi\u016blyti jums visi\u0161ko gr\u0105\u017einimo ar keitimo. Norint gauti gr\u0105\u017einim\u0105, j\u016bs\u0173 prek\u0117 turi b\u016bti nenaudota ir tokios pat b\u016bkl\u0117s, koki\u0105 j\u0105 gavote. Ji taip pat turi b\u016bti originalioje pakuot\u0117je. Keletas preki\u0173 tip\u0173 negali b\u016bti gr\u0105\u017einami. Greitai gendan\u010dios prek\u0117s, tokios kaip [&hellip;]","og_url":"https:\/\/ilkashop.lt\/en\/grazinimo-politika\/","og_site_name":"Ilkashop.lt, papuo\u0161al\u0173 ir drabu\u017ei\u0173 elektronin\u0117 parduotuv\u0117","article_modified_time":"2025-01-15T15:18:24+00:00","twitter_card":"summary_large_image","twitter_misc":{"Est. reading time":"2 minutes"},"schema":{"@context":"https:\/\/schema.org","@graph":[{"@type":"WebPage","@id":"https:\/\/ilkashop.lt\/grazinimo-politika\/","url":"https:\/\/ilkashop.lt\/grazinimo-politika\/","name":"Gr\u0105\u017einimo politika - Ilkashop.lt, papuo\u0161al\u0173 ir drabu\u017ei\u0173 elektronin\u0117 parduotuv\u0117","isPartOf":{"@id":"https:\/\/ilkashop.lt\/#website"},"datePublished":"2025-01-15T15:12:19+00:00","dateModified":"2025-01-15T15:18:24+00:00","breadcrumb":{"@id":"https:\/\/ilkashop.lt\/grazinimo-politika\/#breadcrumb"},"inLanguage":"en-US","potentialAction":[{"@type":"ReadAction","target":["https:\/\/ilkashop.lt\/grazinimo-politika\/"]}]},{"@type":"BreadcrumbList","@id":"https:\/\/ilkashop.lt\/grazinimo-politika\/#breadcrumb","itemListElement":[{"@type":"ListItem","position":1,"name":"Home","item":"https:\/\/ilkashop.lt\/"},{"@type":"ListItem","position":2,"name":"Gr\u0105\u017einimo politika"}]},{"@type":"WebSite","@id":"https:\/\/ilkashop.lt\/#website","url":"https:\/\/ilkashop.lt\/","name":"Ilkashop.lt, papuo\u0161al\u0173 ir drabu\u017ei\u0173 elektronin\u0117 parduotuv\u0117","description":"","publisher":{"@id":"https:\/\/ilkashop.lt\/#organization"},"potentialAction":[{"@type":"SearchAction","target":{"@type":"EntryPoint","urlTemplate":"https:\/\/ilkashop.lt\/?s={search_term_string}"},"query-input":{"@type":"PropertyValueSpecification","valueRequired":true,"valueName":"search_term_string"}}],"inLanguage":"en-US"},{"@type":"Organization","@id":"https:\/\/ilkashop.lt\/#organization","name":"Ilkashop.lt, papuo\u0161al\u0173 ir drabu\u017ei\u0173 elektronin\u0117 parduotuv\u0117","url":"https:\/\/ilkashop.lt\/","logo":{"@type":"ImageObject","inLanguage":"en-US","@id":"https:\/\/ilkashop.lt\/#\/schema\/logo\/image\/","url":"https:\/\/ilkashop.lt\/wp-content\/uploads\/2025\/01\/cropped-ILKAADAMS-LOGO.png","contentUrl":"https:\/\/ilkashop.lt\/wp-content\/uploads\/2025\/01\/cropped-ILKAADAMS-LOGO.png","width":244,"height":65,"caption":"Ilkashop.lt, papuo\u0161al\u0173 ir drabu\u017ei\u0173 elektronin\u0117 parduotuv\u0117"},"image":{"@id":"https:\/\/ilkashop.lt\/#\/schema\/logo\/image\/"}}]}},"uagb_featured_image_src":{"full":false,"thumbnail":false,"medium":false,"medium_large":false,"large":false,"1536x1536":false,"2048x2048":false,"trp-custom-language-flag":false,"woocommerce_thumbnail":false,"woocommerce_single":false,"woocommerce_gallery_thumbnail":false},"uagb_author_info":{"display_name":"Ilka Adams","author_link":"https:\/\/ilkashop.lt\/en\/author\/ilkaadamsgmail-com\/"},"uagb_comment_info":0,"uagb_excerpt":"M\u016bs\u0173 gr\u0105\u017einimo ir gr\u0105\u017einimo politika galioja 30 dien\u0173. Jei nuo j\u016bs\u0173 pirkimo pra\u0117jo 30 dien\u0173, negalime pasi\u016blyti jums visi\u0161ko gr\u0105\u017einimo ar keitimo. Norint gauti gr\u0105\u017einim\u0105, j\u016bs\u0173 prek\u0117 turi b\u016bti nenaudota ir tokios pat b\u016bkl\u0117s, koki\u0105 j\u0105 gavote. Ji taip pat turi b\u016bti originalioje pakuot\u0117je. Keletas preki\u0173 tip\u0173 negali b\u016bti gr\u0105\u017einami. Greitai gendan\u010dios prek\u0117s, tokios kaip&hellip;","_links":{"self":[{"href":"https:\/\/ilkashop.lt\/en\/wp-json\/wp\/v2\/pages\/10","targetHints":{"allow":["GET"]}}],"collection":[{"href":"https:\/\/ilkashop.lt\/en\/wp-json\/wp\/v2\/pages"}],"about":[{"href":"https:\/\/ilkashop.lt\/en\/wp-json\/wp\/v2\/types\/page"}],"author":[{"embeddable":true,"href":"https:\/\/ilkashop.lt\/en\/wp-json\/wp\/v2\/users\/1"}],"replies":[{"embeddable":true,"href":"https:\/\/ilkashop.lt\/en\/wp-json\/wp\/v2\/comments?post=10"}],"version-history":[{"count":1,"href":"https:\/\/ilkashop.lt\/en\/wp-json\/wp\/v2\/pages\/10\/revisions"}],"predecessor-version":[{"id":2225,"href":"https:\/\/ilkashop.lt\/en\/wp-json\/wp\/v2\/pages\/10\/revisions\/2225"}],"wp:attachment":[{"href":"https:\/\/ilkashop.lt\/en\/wp-json\/wp\/v2\/media?parent=10"}],"curies":[{"name":"wp","href":"https:\/\/api.w.org\/{rel}","templated":true}]}}